{"id":33338,"date":"2025-11-07T23:53:59","date_gmt":"2025-11-07T22:53:59","guid":{"rendered":"https:\/\/gopinkish.com\/?post_type=product&#038;p=33338"},"modified":"2025-11-13T00:08:47","modified_gmt":"2025-11-12T23:08:47","slug":"3282770107739","status":"publish","type":"product","link":"https:\/\/gopinkish.com\/fr\/produit\/3282770107739\/","title":{"rendered":"Shampooing apaisant pour cuir chevelu sensible avec une hydratation de 48 heures"},"content":{"rendered":"<p style=\"text-align: justify;\">Klorane 48H D'Apaisement Shampooing Cuir Chevelu Sensible de Klorane contient de l'extrait de Pivoine Bio, reconnu pour ses propri\u00e9t\u00e9s apaisantes et anti-inflammatoires. Il soulage les inconforts tels que les d\u00e9mangeaisons ou la s\u00e9cheresse et apporte un soulagement imm\u00e9diat qui dure jusqu'\u00e0 48 heures. Sa formule l\u00e9g\u00e8re et moussante nettoie les cheveux en douceur sans les irriter et est exempte de silicones et de conservateurs nocifs.<\/p>\n<p><strong>Principaux ingr\u00e9dients et caract\u00e9ristiques :<\/strong><br \/>\n- L'extrait de pivoine biologique apaise le cuir chevelu sensible.<br \/>\n- Apporte un soulagement imm\u00e9diat qui dure jusqu'\u00e0 48 heures.<br \/>\n- Une formule douce avec une hydratation \u00e9quilibr\u00e9e et sans silicone.<br \/>\n- Une mousse douce qui nettoie les cheveux sans les fragiliser.<br \/>\n- Le pH \u00e9quilibr\u00e9 maintient le cuir chevelu en bonne sant\u00e9.<br \/>\n- Convient \u00e0 un usage quotidien pour tous les types de cheveux.<\/p>\n<p><strong>Principales caract\u00e9ristiques et avantages :<\/strong><br \/>\n- Soulage les d\u00e9mangeaisons et l'inconfort caus\u00e9s par un cuir chevelu sensible.<br \/>\n- Procure une hydratation et un confort durables.<br \/>\n- S\u00fbr et doux pour le cuir chevelu.<br \/>\n- Id\u00e9al pour une utilisation quotidienne gr\u00e2ce \u00e0 sa formule l\u00e9g\u00e8re.<\/p>\n<p style=\"text-align: center;\">\ud83c\uddec\ud83c\udde7 Klorane Shampooing apaisant \u00e0 la pivoine bio - Cuir chevelu sensible, 48H Confort<br \/>\n\ud83c\uddeb\ud83c\uddf7 Klorane Shampooing Apaisant \u00e0 la Pivoine Bio - Cuir Chevelu Sensible, Confort 48H<\/p>","protected":false},"excerpt":{"rendered":"<p>\u0634\u0627\u0645\u0628\u0648 Klorane 48H D\u2019Apaisement Soothing Sensitive Scalp \u0645\u0646 Klorane \u064a\u062d\u062a\u0648\u064a \u0639\u0644\u0649 \u062e\u0644\u0627\u0635\u0629 \u0627\u0644\u0641\u0627\u0648\u0627\u0646\u064a\u0627 \u0627\u0644\u0639\u0636\u0648\u064a\u0629 (Organic Peony) \u0627\u0644\u0645\u0639\u0631\u0648\u0641\u0629 \u0628\u062e\u0635\u0627\u0626\u0635\u0647\u0627 \u0627\u0644\u0645\u0647\u062f\u0626\u0629 \u0648\u0627\u0644\u0645\u0636\u0627\u062f\u0629 \u0644\u0644\u0627\u0644\u062a\u0647\u0627\u0628\u0627\u062a. \u064a\u0639\u0645\u0644 \u0639\u0644\u0649 \u062a\u062e\u0641\u064a\u0641 \u0627\u0644\u0634\u0639\u0648\u0631 \u0628\u0627\u0644\u0627\u0646\u0632\u0639\u0627\u062c \u0645\u062b\u0644 \u0627\u0644\u062d\u0643\u0629 \u0623\u0648 \u0627\u0644\u062c\u0641\u0627\u0641\u060c \u0648\u064a\u0645\u0646\u062d \u0631\u0627\u062d\u0629 \u0641\u0648\u0631\u064a\u0629 \u062a\u062f\u0648\u0645 \u062d\u062a\u0649 48 \u0633\u0627\u0639\u0629. \u062a\u0631\u0643\u064a\u0628\u062a\u0647 \u062e\u0641\u064a\u0641\u0629 \u0648\u0630\u0627\u062a \u0631\u063a\u0648\u0629 \u0646\u0627\u0639\u0645\u0629 \u062a\u0646\u0638\u0641 \u0627\u0644\u0634\u0639\u0631 \u0628\u0644\u0637\u0641 \u062f\u0648\u0646 \u0623\u0646 \u062a\u0633\u0628\u0628 \u062a\u0647\u064a\u062c\u064b\u0627\u060c \u0643\u0645\u0627 \u0623\u0646\u0647\u0627 \u062e\u0627\u0644\u064a\u0629 \u0645\u0646 \u0627\u0644\u0633\u064a\u0644\u064a\u0643\u0648\u0646 \u0648\u0627\u0644\u0645\u0648\u0627\u062f [&hellip;]<\/p>\n","protected":false},"featured_media":33342,"template":"","meta":[],"pwb-brand":[1037],"product_brand":[],"product_cat":[1148],"product_tag":[],"class_list":{"0":"post-33338","1":"product","2":"type-product","3":"status-publish","4":"has-post-thumbnail","6":"pwb-brand-klorane","7":"product_cat-hair-shampoo","9":"first","10":"instock","11":"shipping-taxable","12":"purchasable","13":"product-type-variable","14":"has-default-attributes","15":"wvs-archive-product-wrapper"},"brands":[{"id":1037,"name":"Klorane Labs","slug":"klorane"}],"_links":{"self":[{"href":"https:\/\/gopinkish.com\/fr\/wp-json\/wp\/v2\/product\/33338","targetHints":{"allow":["GET"]}}],"collection":[{"href":"https:\/\/gopinkish.com\/fr\/wp-json\/wp\/v2\/product"}],"about":[{"href":"https:\/\/gopinkish.com\/fr\/wp-json\/wp\/v2\/types\/product"}],"wp:featuredmedia":[{"embeddable":true,"href":"https:\/\/gopinkish.com\/fr\/wp-json\/wp\/v2\/media\/33342"}],"wp:attachment":[{"href":"https:\/\/gopinkish.com\/fr\/wp-json\/wp\/v2\/media?parent=33338"}],"wp:term":[{"taxonomy":"pwb-brand","embeddable":true,"href":"https:\/\/gopinkish.com\/fr\/wp-json\/wp\/v2\/pwb-brand?post=33338"},{"taxonomy":"product_brand","embeddable":true,"href":"https:\/\/gopinkish.com\/fr\/wp-json\/wp\/v2\/product_brand?post=33338"},{"taxonomy":"product_cat","embeddable":true,"href":"https:\/\/gopinkish.com\/fr\/wp-json\/wp\/v2\/product_cat?post=33338"},{"taxonomy":"product_tag","embeddable":true,"href":"https:\/\/gopinkish.com\/fr\/wp-json\/wp\/v2\/product_tag?post=33338"}],"curies":[{"name":"wp","href":"https:\/\/api.w.org\/{rel}","templated":true}]}}