{"id":33322,"date":"2025-11-05T23:25:12","date_gmt":"2025-11-05T22:25:12","guid":{"rendered":"https:\/\/gopinkish.com\/?post_type=product&#038;p=33322"},"modified":"2025-11-12T23:31:04","modified_gmt":"2025-11-12T22:31:04","slug":"8991111102979","status":"publish","type":"product","link":"https:\/\/gopinkish.com\/fr\/produit\/8991111102979\/","title":{"rendered":"Un set de soins essentiel pour les b\u00e9b\u00e9s avec une formule douce et s\u00fbre"},"content":{"rendered":"<p><!--StartFragment --><\/p>\n<p style=\"text-align: justify;\">Le coffret Johnson's Essentials Baby de Johnson's Baby est sp\u00e9cialement con\u00e7u pour r\u00e9pondre aux besoins de soins quotidiens des nouveau-n\u00e9s et des tout-petits. Il contient des produits essentiels \u00e0 la formule hypoallerg\u00e9nique, sans parab\u00e8nes, sans sulfates et sans colorants, ce qui le rend sans danger pour les peaux sensibles. Le coffret est parfait comme cadeau pratique pour les nouvelles mamans ou pour voyager gr\u00e2ce \u00e0 ses dimensions compactes.<\/p>\n<p style=\"text-align: justify;\"><strong>Principaux ingr\u00e9dients et caract\u00e9ristiques :<\/strong><br \/>\n- Shampoing et lavage pour b\u00e9b\u00e9s de la t\u00eate aux pieds : Un produit de lavage et de shampooing doux qui nettoie en douceur les cheveux et le corps sans les d\u00e9chirer.<br \/>\n- Lait corporel pour b\u00e9b\u00e9 : Une lotion hydratante qui apporte \u00e0 la peau de b\u00e9b\u00e9 douceur et hydratation durable.<br \/>\n- Desitin P\u00e2te pour l'\u00e9ryth\u00e8me fessier : Une cr\u00e8me puissante qui prot\u00e8ge contre l'\u00e9ryth\u00e8me fessier et apaise la peau.<\/p>\n<p style=\"text-align: justify;\"><strong>Principales caract\u00e9ristiques et avantages :<\/strong><br \/>\n- Une formule douce qui ne pr\u00e9sente aucun danger pour la peau sensible des b\u00e9b\u00e9s.<br \/>\n- Produits essentiels pour les soins quotidiens des b\u00e9b\u00e9s.<br \/>\n- Des dimensions pratiques qui conviennent aux voyages et \u00e0 l'ext\u00e9rieur.<br \/>\n- Parfait comme cadeau pour les nouvelles mamans.<br \/>\n- Exempt d'ingr\u00e9dients nocifs tels que les parab\u00e8nes, les sulfates et les colorants.<\/p>\n<p dir=\"ltr\" style=\"text-align: center;\">\ud83c\uddec\ud83c\udde7 Coffret cadeau pour b\u00e9b\u00e9 Johnson's Essentials - Soins doux pour les nouveau-n\u00e9s<br \/>\n\ud83c\uddeb\ud83c\uddf7 Coffret Cadeau Johnson's Essentials B\u00e9b\u00e9 - Soin Doux pour Nouveau-n\u00e9s<\/p>\n<p><!--EndFragment --><\/p>","protected":false},"excerpt":{"rendered":"<p>\u0645\u062c\u0645\u0648\u0639\u0629 Johnson\u2019s Essentials Baby Gift Set \u0645\u0646 Johnson\u2019s Baby \u0645\u0635\u0645\u0645\u0629 \u062e\u0635\u064a\u0635\u064b\u0627 \u0644\u062a\u0644\u0628\u064a\u0629 \u0627\u062d\u062a\u064a\u0627\u062c\u0627\u062a \u0627\u0644\u0639\u0646\u0627\u064a\u0629 \u0627\u0644\u064a\u0648\u0645\u064a\u0629 \u0628\u0627\u0644\u0645\u0648\u0627\u0644\u064a\u062f \u0627\u0644\u062c\u062f\u062f \u0648\u0627\u0644\u0623\u0637\u0641\u0627\u0644 \u0627\u0644\u0635\u063a\u0627\u0631. \u062a\u062d\u062a\u0648\u064a \u0639\u0644\u0649 \u0645\u0646\u062a\u062c\u0627\u062a \u0623\u0633\u0627\u0633\u064a\u0629 \u0628\u062a\u0631\u0643\u064a\u0628\u0629 \u0647\u064a\u0628\u0648\u0627\u0644\u0631\u062c\u064a\u0646\u064a\u0643 (\u0645\u0636\u0627\u062f\u0629 \u0644\u0644\u062d\u0633\u0627\u0633\u064a\u0629) \u0648\u062e\u0627\u0644\u064a\u0629 \u0645\u0646 \u0627\u0644\u0628\u0627\u0631\u0627\u0628\u064a\u0646 \u0648\u0627\u0644\u0643\u0628\u0631\u064a\u062a\u0627\u062a \u0648\u0627\u0644\u0635\u0628\u063a\u0627\u062a\u060c \u0645\u0645\u0627 \u064a\u062c\u0639\u0644\u0647\u0627 \u0622\u0645\u0646\u0629 \u0639\u0644\u0649 \u0627\u0644\u0628\u0634\u0631\u0629 \u0627\u0644\u062d\u0633\u0627\u0633\u0629. \u0627\u0644\u0637\u0642\u0645 \u0645\u062b\u0627\u0644\u064a \u0643\u0647\u062f\u064a\u0629 \u0639\u0645\u0644\u064a\u0629 \u0644\u0644\u0623\u0645\u0647\u0627\u062a \u0627\u0644\u062c\u062f\u062f \u0623\u0648 \u0644\u0644\u0627\u0633\u062a\u062e\u062f\u0627\u0645 \u0623\u062b\u0646\u0627\u0621 \u0627\u0644\u0633\u0641\u0631 \u0628\u0641\u0636\u0644 \u0623\u062d\u062c\u0627\u0645\u0647 \u0627\u0644\u0645\u062f\u0645\u062c\u0629. \u0627\u0644\u0645\u0643\u0648\u0646\u0627\u062a \u0648\u0627\u0644\u062e\u0635\u0627\u0626\u0635 \u0627\u0644\u0631\u0626\u064a\u0633\u064a\u0629: \u2022 [&hellip;]<\/p>\n","protected":false},"featured_media":33326,"template":"","meta":[],"pwb-brand":[1401],"product_brand":[],"product_cat":[1162],"product_tag":[1031],"class_list":{"0":"post-33322","1":"product","2":"type-product","3":"status-publish","4":"has-post-thumbnail","6":"pwb-brand-johnsons","7":"product_cat-mom-baby","8":"product_tag-1031","10":"first","11":"instock","12":"shipping-taxable","13":"purchasable","14":"product-type-simple"},"brands":[{"id":1401,"name":"Johnson's","slug":"johnsons"}],"_links":{"self":[{"href":"https:\/\/gopinkish.com\/fr\/wp-json\/wp\/v2\/product\/33322","targetHints":{"allow":["GET"]}}],"collection":[{"href":"https:\/\/gopinkish.com\/fr\/wp-json\/wp\/v2\/product"}],"about":[{"href":"https:\/\/gopinkish.com\/fr\/wp-json\/wp\/v2\/types\/product"}],"wp:featuredmedia":[{"embeddable":true,"href":"https:\/\/gopinkish.com\/fr\/wp-json\/wp\/v2\/media\/33326"}],"wp:attachment":[{"href":"https:\/\/gopinkish.com\/fr\/wp-json\/wp\/v2\/media?parent=33322"}],"wp:term":[{"taxonomy":"pwb-brand","embeddable":true,"href":"https:\/\/gopinkish.com\/fr\/wp-json\/wp\/v2\/pwb-brand?post=33322"},{"taxonomy":"product_brand","embeddable":true,"href":"https:\/\/gopinkish.com\/fr\/wp-json\/wp\/v2\/product_brand?post=33322"},{"taxonomy":"product_cat","embeddable":true,"href":"https:\/\/gopinkish.com\/fr\/wp-json\/wp\/v2\/product_cat?post=33322"},{"taxonomy":"product_tag","embeddable":true,"href":"https:\/\/gopinkish.com\/fr\/wp-json\/wp\/v2\/product_tag?post=33322"}],"curies":[{"name":"wp","href":"https:\/\/api.w.org\/{rel}","templated":true}]}}