{"id":33301,"date":"2025-11-10T21:52:04","date_gmt":"2025-11-10T20:52:04","guid":{"rendered":"https:\/\/gopinkish.com\/?post_type=product&#038;p=33301"},"modified":"2026-01-14T16:31:06","modified_gmt":"2026-01-14T15:31:06","slug":"8809640731020","status":"publish","type":"product","link":"https:\/\/gopinkish.com\/fr\/produit\/8809640731020\/","title":{"rendered":"Hydratation profonde et apaisement des peaux sensibles"},"content":{"rendered":"<p><!--StartFragment --><\/p>\n<p style=\"text-align: justify;\">Le kit d'essai Heartleaf Soothing d'ANUA comprend quatre produits de petite taille, parfaits pour l'essai ou le voyage, qui contiennent tous des concentrations \u00e9lev\u00e9es d'extrait de Heartleaf (Houttuynia Cordata), connu pour ses propri\u00e9t\u00e9s apaisantes et anti-inflammatoires. La gamme aide \u00e0 r\u00e9\u00e9quilibrer la peau, \u00e0 calmer les rougeurs et \u00e0 maintenir son hydratation naturelle.<\/p>\n<p style=\"text-align: justify;\"><strong>Principaux ingr\u00e9dients et caract\u00e9ristiques :<\/strong><br \/>\n- Tonique apaisant Heartleaf 77% (40ml) : Cette lotion tonique hydratante contient l'extrait de feuille d'arbre 77%, qui aide \u00e0 apaiser et \u00e0 \u00e9quilibrer les peaux sensibles.<br \/>\n- Heartleaf 70 Daily Relief Lotion (20ml) : Une lotion l\u00e9g\u00e8re avec la formule 70% Heartleaf qui hydrate en profondeur et soulage les irritations.<br \/>\n- Ampoule apaisante Heartleaf 80% (10ml) : Un s\u00e9rum concentr\u00e9 avec 80% Heartleaf qui apaise et renforce la barri\u00e8re naturelle de la peau.<br \/>\n- Heartleaf 77 Clear Pad (2 pi\u00e8ces) : Les tampons nettoyants apaisants contenant 77% Heartleaf nettoient en douceur et \u00e9liminent les impuret\u00e9s tout en gardant la peau hydrat\u00e9e.<\/p>\n<p style=\"text-align: justify;\"><strong>Principales caract\u00e9ristiques et avantages :<\/strong><br \/>\n- Calme les rougeurs et les inflammations des peaux sensibles.<br \/>\n- Hydrate en profondeur tout en pr\u00e9servant l'\u00e9quilibre naturel de la peau.<br \/>\n- Une formule l\u00e9g\u00e8re qui convient \u00e0 tous les types de peau.<br \/>\n- Id\u00e9al pour exp\u00e9rimenter ou voyager gr\u00e2ce \u00e0 son format pratique.<br \/>\n- Tous les produits contiennent des ingr\u00e9dients s\u00fbrs selon EWG Green.<\/p>\n<p dir=\"ltr\" style=\"text-align: center;\">\ud83c\uddec\ud83c\udde7 ANUA Kit d'essai apaisant Heartleaf - 4 articles, calmant et hydratant<br \/>\n\ud83c\uddeb\ud83c\uddf7 ANUA Coffret d'Essai Apaisant Heartleaf - 4 Produits, Apaisant &amp; Hydratant<\/p>\n<p><!--EndFragment --><\/p>","protected":false},"excerpt":{"rendered":"<p><span style=\"color: #ff0000;\"><strong>L'un des produits de cette gamme expire en f\u00e9vrier 2026.<\/strong><\/span><\/p>","protected":false},"featured_media":33304,"template":"","meta":[],"pwb-brand":[1244],"product_brand":[],"product_cat":[1241,1225,1121,1122,1230,1119],"product_tag":[697,763],"class_list":{"0":"post-33301","1":"product","2":"type-product","3":"status-publish","4":"has-post-thumbnail","6":"pwb-brand-anua","7":"product_cat-care-sets","8":"product_cat-sale","9":"product_cat-face-moist","10":"product_cat-face-toner","11":"product_cat-face-serum","12":"product_cat-face-wash","13":"product_tag-moisturizing","14":"product_tag-korean-product-2","16":"first","17":"instock","18":"sale","19":"shipping-taxable","20":"purchasable","21":"product-type-variable","22":"has-default-attributes","23":"wvs-archive-product-wrapper"},"brands":[{"id":1244,"name":"Anua","slug":"anua"}],"_links":{"self":[{"href":"https:\/\/gopinkish.com\/fr\/wp-json\/wp\/v2\/product\/33301","targetHints":{"allow":["GET"]}}],"collection":[{"href":"https:\/\/gopinkish.com\/fr\/wp-json\/wp\/v2\/product"}],"about":[{"href":"https:\/\/gopinkish.com\/fr\/wp-json\/wp\/v2\/types\/product"}],"wp:featuredmedia":[{"embeddable":true,"href":"https:\/\/gopinkish.com\/fr\/wp-json\/wp\/v2\/media\/33304"}],"wp:attachment":[{"href":"https:\/\/gopinkish.com\/fr\/wp-json\/wp\/v2\/media?parent=33301"}],"wp:term":[{"taxonomy":"pwb-brand","embeddable":true,"href":"https:\/\/gopinkish.com\/fr\/wp-json\/wp\/v2\/pwb-brand?post=33301"},{"taxonomy":"product_brand","embeddable":true,"href":"https:\/\/gopinkish.com\/fr\/wp-json\/wp\/v2\/product_brand?post=33301"},{"taxonomy":"product_cat","embeddable":true,"href":"https:\/\/gopinkish.com\/fr\/wp-json\/wp\/v2\/product_cat?post=33301"},{"taxonomy":"product_tag","embeddable":true,"href":"https:\/\/gopinkish.com\/fr\/wp-json\/wp\/v2\/product_tag?post=33301"}],"curies":[{"name":"wp","href":"https:\/\/api.w.org\/{rel}","templated":true}]}}