{"id":33261,"date":"2026-04-24T20:15:59","date_gmt":"2026-04-24T19:15:59","guid":{"rendered":"https:\/\/gopinkish.com\/?post_type=product&#038;p=33261"},"modified":"2026-05-04T19:57:54","modified_gmt":"2026-05-04T18:57:54","slug":"6949855603094","status":"publish","type":"product","link":"https:\/\/gopinkish.com\/fr\/produit\/6949855603094\/","title":{"rendered":"Shampooing Sakura pour la croissance des cheveux et l'hydratation naturelle"},"content":{"rendered":"<p><!--StartFragment --><\/p>\n<p style=\"text-align: justify;\">Le shampooing japonais Diyating Sakura est un shampooing luxueux inspir\u00e9 des traditions japonaises en mati\u00e8re de soins capillaires. Enrichi en collag\u00e8ne naturel issu de la fleur de cerisier Sakura, il offre une hydratation profonde et une brillance saine. Il favorise la croissance des cheveux, r\u00e9duit les cassures et \u00e9limine efficacement les pellicules, avec une mousse douce et un parfum frais inspir\u00e9 des fleurs de sakura.<\/p>\n<p style=\"text-align: justify;\"><strong>Principaux ingr\u00e9dients et caract\u00e9ristiques :<\/strong><br \/>\n- Collag\u00e8ne de fleurs de sakura : hydrate les cheveux et leur donne une douceur et une brillance naturelles.<br \/>\n- Soutien \u00e0 la croissance des cheveux : favorise une croissance saine des cheveux et minimise la perte de cheveux.<br \/>\n- Action antipelliculaire : nettoie en profondeur le cuir chevelu et \u00e9limine les pellicules.<br \/>\n- Texture de mousse douce : Une mousse douce qui nettoie en douceur sans dess\u00e9cher.<br \/>\n- Parfum rafra\u00eechissant de Sakura : donne aux cheveux un parfum distinctif.<br \/>\n- Convient \u00e0 tous les types de cheveux : Id\u00e9al pour les cheveux ternes, cassants ou \u00e0 croissance lente.<\/p>\n<p style=\"text-align: justify;\"><strong>Principales caract\u00e9ristiques et avantages :<\/strong><br \/>\n- Favorise la croissance des cheveux et r\u00e9duit leur chute.<br \/>\n- Hydrate les cheveux et leur donne une brillance naturelle.<br \/>\n- \u00c9limine les pellicules et nettoie le cuir chevelu en profondeur.<br \/>\n- Une formule douce qui convient \u00e0 tous les types de cheveux.<br \/>\n- Parfum frais et aromatique de sakura.<\/p>\n<p dir=\"ltr\" style=\"text-align: center;\">\ud83c\uddec\ud83c\udde7 Diyating Sakura Japanese Shampooing - Croissance et hydratation des cheveux<br \/>\n\ud83c\uddeb\ud83c\uddf7 Shampooing Diyating Sakura Japonais - Croissance &amp; Hydratation<\/p>\n<p><!--EndFragment --><\/p>","protected":false},"excerpt":{"rendered":"<p>\u0634\u0627\u0645\u0628\u0648 Diyating Sakura Japanese Shampoo \u0647\u0648 \u0634\u0627\u0645\u0628\u0648 \u0641\u0627\u062e\u0631 \u0645\u0633\u062a\u0648\u062d\u0649 \u0645\u0646 \u062a\u0642\u0627\u0644\u064a\u062f \u0627\u0644\u0639\u0646\u0627\u064a\u0629 \u0628\u0627\u0644\u0634\u0639\u0631 \u0627\u0644\u064a\u0627\u0628\u0627\u0646\u064a\u0629. \u062a\u0631\u0643\u064a\u0628\u062a\u0647 \u063a\u0646\u064a\u0629 \u0628\u0627\u0644\u0643\u0648\u0644\u0627\u062c\u064a\u0646 \u0627\u0644\u0637\u0628\u064a\u0639\u064a \u0627\u0644\u0645\u0633\u062a\u062e\u0644\u0635 \u0645\u0646 \u0632\u0647\u0631\u0629 \u0627\u0644\u0643\u0631\u0632 (Sakura)\u060c \u0645\u0645\u0627 \u064a\u0645\u0646\u062d \u0627\u0644\u0634\u0639\u0631 \u062a\u0631\u0637\u064a\u0628\u064b\u0627 \u0639\u0645\u064a\u0642\u064b\u0627 \u0648\u0644\u0645\u0639\u0627\u0646\u064b\u0627 \u0635\u062d\u064a\u064b\u0627. \u064a\u0639\u0645\u0644 \u0639\u0644\u0649 \u062a\u0639\u0632\u064a\u0632 \u0646\u0645\u0648 \u0627\u0644\u0634\u0639\u0631\u060c \u062a\u0642\u0644\u064a\u0644 \u0627\u0644\u062a\u0633\u0627\u0642\u0637\u060c \u0648\u0625\u0632\u0627\u0644\u0629 \u0627\u0644\u0642\u0634\u0631\u0629 \u0628\u0641\u0639\u0627\u0644\u064a\u0629\u060c \u0645\u0639 \u0631\u063a\u0648\u0629 \u0646\u0627\u0639\u0645\u0629 \u0648\u0631\u0627\u0626\u062d\u0629 \u0645\u0646\u0639\u0634\u0629 \u0645\u0633\u062a\u0648\u062d\u0627\u0629 \u0645\u0646 \u0623\u0632\u0647\u0627\u0631 \u0627\u0644\u0633\u0627\u0643\u0648\u0631\u0627. \u0627\u0644\u0645\u0643\u0648\u0646\u0627\u062a \u0648\u0627\u0644\u062e\u0635\u0627\u0626\u0635 \u0627\u0644\u0631\u0626\u064a\u0633\u064a\u0629: \u2022 Collagen from [&hellip;]<\/p>\n","protected":false},"featured_media":33266,"template":"","meta":[],"pwb-brand":[],"product_brand":[],"product_cat":[1148],"product_tag":[],"class_list":{"0":"post-33261","1":"product","2":"type-product","3":"status-publish","4":"has-post-thumbnail","6":"product_cat-hair-shampoo","8":"first","9":"instock","10":"shipping-taxable","11":"purchasable","12":"product-type-variable","13":"has-default-attributes","14":"wvs-archive-product-wrapper"},"brands":[],"_links":{"self":[{"href":"https:\/\/gopinkish.com\/fr\/wp-json\/wp\/v2\/product\/33261","targetHints":{"allow":["GET"]}}],"collection":[{"href":"https:\/\/gopinkish.com\/fr\/wp-json\/wp\/v2\/product"}],"about":[{"href":"https:\/\/gopinkish.com\/fr\/wp-json\/wp\/v2\/types\/product"}],"wp:featuredmedia":[{"embeddable":true,"href":"https:\/\/gopinkish.com\/fr\/wp-json\/wp\/v2\/media\/33266"}],"wp:attachment":[{"href":"https:\/\/gopinkish.com\/fr\/wp-json\/wp\/v2\/media?parent=33261"}],"wp:term":[{"taxonomy":"pwb-brand","embeddable":true,"href":"https:\/\/gopinkish.com\/fr\/wp-json\/wp\/v2\/pwb-brand?post=33261"},{"taxonomy":"product_brand","embeddable":true,"href":"https:\/\/gopinkish.com\/fr\/wp-json\/wp\/v2\/product_brand?post=33261"},{"taxonomy":"product_cat","embeddable":true,"href":"https:\/\/gopinkish.com\/fr\/wp-json\/wp\/v2\/product_cat?post=33261"},{"taxonomy":"product_tag","embeddable":true,"href":"https:\/\/gopinkish.com\/fr\/wp-json\/wp\/v2\/product_tag?post=33261"}],"curies":[{"name":"wp","href":"https:\/\/api.w.org\/{rel}","templated":true}]}}