{"id":33235,"date":"2025-11-10T01:53:55","date_gmt":"2025-11-10T00:53:55","guid":{"rendered":"https:\/\/gopinkish.com\/?post_type=product&#038;p=33235"},"modified":"2026-03-30T14:13:43","modified_gmt":"2026-03-30T13:13:43","slug":"607845021360","status":"publish","type":"product","link":"https:\/\/gopinkish.com\/fr\/produit\/607845021360\/","title":{"rendered":"Un fond de teint \u00e9claircissant l\u00e9ger, hydratant et \u00e0 la couvrance modulable"},"content":{"rendered":"<p style=\"text-align: justify;\">Le fond de teint NARS Sheer Glow est l'un des produits les plus populaires de la marque, con\u00e7u pour donner \u00e0 la peau un \u00e9clat naturel avec une couvrance l\u00e9g\u00e8re \u00e0 moyenne. Enrichi d'une formule \u00e9claircissante pour le teint qui aide \u00e0 am\u00e9liorer l'\u00e9clat et la texture de la peau avec une utilisation continue, il est parfait pour les looks de tous les jours ou les occasions sp\u00e9ciales.<\/p>\n<p><strong>Principaux ingr\u00e9dients et caract\u00e9ristiques :<\/strong><br \/>\n- Couvrance transparente ou modulable : Couvrance personnalisable de naturelle \u00e0 moyenne.<br \/>\n- Finition naturelle radieuse : donne un \u00e9clat naturel et sain.<br \/>\n- Formule \u00e9claircissante pour le teint : stimule l'\u00e9clat et am\u00e9liore la texture de la peau.<br \/>\n- B\u00e9n\u00e9fices hydratants : hydrate la peau et la rend plus douce et plus lisse.<br \/>\n- Texture l\u00e9g\u00e8re : Glisse facilement sur la peau sans l'alourdir.<br \/>\n- Disponible en 40 teintes universelles pour convenir \u00e0 toutes les carnations.<\/p>\n<p><strong>Principales caract\u00e9ristiques et avantages :<\/strong><br \/>\n- Procure un \u00e9clat sain et naturel.<br \/>\n- Am\u00e9liore la texture de la peau avec une utilisation continue.<br \/>\n- Une formule l\u00e9g\u00e8re et respectueuse de la peau.<br \/>\n- Id\u00e9al pour tous les types de peau, en particulier les peaux normales et s\u00e8ches.<br \/>\n- Disponible dans une large gamme de nuances pour convenir \u00e0 tous les teints.<\/p>\n<p dir=\"ltr\" style=\"text-align: center;\">\n\ud83c\uddec\ud83c\udde7 Fond de teint NARS Sheer Glow - Radiant Hydratant Couvrance modulable<br \/>\n\ud83c\uddeb\ud83c\uddf7 NARS Fond de Teint Sheer Glow - \u00c9clat Naturel Hydratant, Couvrance Modulable<\/p>","protected":false},"excerpt":{"rendered":"<p>\u0643\u0631\u064a\u0645 \u0627\u0644\u0623\u0633\u0627\u0633 Sheer Glow Foundation \u0645\u0646 NARS \u0647\u0648 \u0623\u062d\u062f \u0623\u0643\u062b\u0631 \u0645\u0646\u062a\u062c\u0627\u062a \u0627\u0644\u0639\u0644\u0627\u0645\u0629 \u0634\u0647\u0631\u0629\u060c \u0645\u0635\u0645\u0645 \u0644\u064a\u0645\u0646\u062d \u0627\u0644\u0628\u0634\u0631\u0629 \u0625\u0634\u0631\u0627\u0642\u0629 \u0637\u0628\u064a\u0639\u064a\u0629 \u0645\u0639 \u062a\u063a\u0637\u064a\u0629 \u0642\u0627\u0628\u0644\u0629 \u0644\u0644\u0628\u0646\u0627\u0621 \u0645\u0646 \u062e\u0641\u064a\u0641\u0629 \u0625\u0644\u0649 \u0645\u062a\u0648\u0633\u0637\u0629. \u062a\u0631\u0643\u064a\u0628\u062a\u0647 \u063a\u0646\u064a\u0629 \u0628\u0645\u0631\u0643\u0628 Complexion Brightening Formula \u0627\u0644\u0630\u064a \u064a\u0633\u0627\u0639\u062f \u0639\u0644\u0649 \u062a\u062d\u0633\u064a\u0646 \u0625\u0634\u0631\u0627\u0642\u0629 \u0627\u0644\u0628\u0634\u0631\u0629 \u0648\u0645\u0644\u0645\u0633\u0647\u0627 \u0645\u0639 \u0627\u0644\u0627\u0633\u062a\u062e\u062f\u0627\u0645 \u0627\u0644\u0645\u0633\u062a\u0645\u0631\u060c \u0645\u0645\u0627 \u064a\u062c\u0639\u0644\u0647 \u0645\u062b\u0627\u0644\u064a\u064b\u0627 \u0644\u0644\u0625\u0637\u0644\u0627\u0644\u0627\u062a \u0627\u0644\u064a\u0648\u0645\u064a\u0629 \u0623\u0648 \u0627\u0644\u0645\u0646\u0627\u0633\u0628\u0627\u062a \u0627\u0644\u062e\u0627\u0635\u0629. \u0627\u0644\u0645\u0643\u0648\u0646\u0627\u062a \u0648\u0627\u0644\u062e\u0635\u0627\u0626\u0635 \u0627\u0644\u0631\u0626\u064a\u0633\u064a\u0629: \u2022 Sheer [&hellip;]<\/p>\n","protected":false},"featured_media":33239,"template":"","meta":[],"pwb-brand":[1355],"product_brand":[],"product_cat":[1175],"product_tag":[],"class_list":{"0":"post-33235","1":"product","2":"type-product","3":"status-publish","4":"has-post-thumbnail","6":"pwb-brand-nars","7":"product_cat-foundation-makeup","9":"first","10":"instock","11":"shipping-taxable","12":"purchasable","13":"product-type-variable","14":"has-default-attributes","15":"wvs-archive-product-wrapper"},"brands":[{"id":1355,"name":"NARS","slug":"nars"}],"_links":{"self":[{"href":"https:\/\/gopinkish.com\/fr\/wp-json\/wp\/v2\/product\/33235","targetHints":{"allow":["GET"]}}],"collection":[{"href":"https:\/\/gopinkish.com\/fr\/wp-json\/wp\/v2\/product"}],"about":[{"href":"https:\/\/gopinkish.com\/fr\/wp-json\/wp\/v2\/types\/product"}],"wp:featuredmedia":[{"embeddable":true,"href":"https:\/\/gopinkish.com\/fr\/wp-json\/wp\/v2\/media\/33239"}],"wp:attachment":[{"href":"https:\/\/gopinkish.com\/fr\/wp-json\/wp\/v2\/media?parent=33235"}],"wp:term":[{"taxonomy":"pwb-brand","embeddable":true,"href":"https:\/\/gopinkish.com\/fr\/wp-json\/wp\/v2\/pwb-brand?post=33235"},{"taxonomy":"product_brand","embeddable":true,"href":"https:\/\/gopinkish.com\/fr\/wp-json\/wp\/v2\/product_brand?post=33235"},{"taxonomy":"product_cat","embeddable":true,"href":"https:\/\/gopinkish.com\/fr\/wp-json\/wp\/v2\/product_cat?post=33235"},{"taxonomy":"product_tag","embeddable":true,"href":"https:\/\/gopinkish.com\/fr\/wp-json\/wp\/v2\/product_tag?post=33235"}],"curies":[{"name":"wp","href":"https:\/\/api.w.org\/{rel}","templated":true}]}}