{"id":33220,"date":"2025-11-12T01:05:02","date_gmt":"2025-11-12T00:05:02","guid":{"rendered":"https:\/\/gopinkish.com\/?post_type=product&#038;p=33220"},"modified":"2026-01-14T15:34:15","modified_gmt":"2026-01-14T14:34:15","slug":"3346470438064","status":"publish","type":"product","link":"https:\/\/gopinkish.com\/fr\/produit\/3346470438064\/","title":{"rendered":"Un primer luxueux qui hydrate et donne un \u00e9clat dor\u00e9 naturel."},"content":{"rendered":"<p><!--StartFragment --><\/p>\n<p style=\"text-align: justify;\">Parure Gold 24K Radiance Booster Perfection Primer de Guerlain Paris est la base parfaite pour un look luxueusement radieux. Enrichie d'une touche d'or 24 carats, la formule donne \u00e0 la peau un \u00e9clat naturel et un effet rajeunissant. Dot\u00e9e d'une formule gel sensuelle contenant 98% ingr\u00e9dients d'origine naturelle, elle offre jusqu'\u00e0 24 heures d'hydratation et unifie instantan\u00e9ment la peau en une palette parfaite, pr\u00eate \u00e0 \u00eatre maquill\u00e9e.<\/p>\n<p style=\"text-align: justify;\">Principaux ingr\u00e9dients et caract\u00e9ristiques :<br \/>\n- Infusion d'or 24K : procure un \u00e9clat luxueux et un effet rajeunissant.<br \/>\n- 98% Ingr\u00e9dients d'origine naturelle : Formule propre et efficace.<br \/>\n- Texture gel : Une formule l\u00e9g\u00e8re et sensuelle qui se fond dans la peau.<br \/>\n- Hydratation 24h : Hydratation longue dur\u00e9e et confort de la peau.<br \/>\n- \u00c9clat et perfection : Uniformise instantan\u00e9ment la peau et lui donne un \u00e9clat sain.<br \/>\n- Hybride soins de la peau + maquillage : Combine soins de la peau et pr\u00e9paration du maquillage.<br \/>\n- Teinte universelle : Convient \u00e0 toutes les carnations.<\/p>\n<p style=\"text-align: justify;\"><strong>Principales caract\u00e9ristiques et avantages :<\/strong><br \/>\n- Procure un \u00e9clat dor\u00e9 naturel.<br \/>\n- Fournit une hydratation longue dur\u00e9e jusqu'\u00e0 24 heures.<br \/>\n- Minimise l'apparence des imperfections et unifie le teint.<br \/>\n- Formule gel l\u00e9g\u00e8re et respectueuse de la peau.<br \/>\n- Id\u00e9al pour une utilisation quotidienne avant le maquillage.<\/p>\n<p dir=\"ltr\" style=\"text-align: center;\">\ud83c\uddec\ud83c\udde7 Guerlain Parure Gold 24K Radiance Booster Perfection Primer - Base hydratante et illuminante<br \/>\n\ud83c\uddeb\ud83c\uddf7 Guerlain Parure Gold 24K Base Perfectrice \u00c9clat - Hydratation &amp; Lumi\u00e8re<\/p>\n<p><!--EndFragment --><\/p>","protected":false},"excerpt":{"rendered":"<p>\u0628\u0631\u0627\u064a\u0645\u0631 Parure Gold 24K Radiance Booster Perfection Primer \u0645\u0646 Guerlain Paris \u0647\u0648 \u0623\u0633\u0627\u0633 \u0645\u062b\u0627\u0644\u064a \u0644\u0625\u0637\u0644\u0627\u0644\u0629 \u0645\u0634\u0631\u0642\u0629 \u0648\u0641\u0627\u062e\u0631\u0629. \u062a\u0631\u0643\u064a\u0628\u062a\u0647 \u063a\u0646\u064a\u0629 \u0628\u0640 \u0644\u0645\u0633\u0629 \u0645\u0646 \u0627\u0644\u0630\u0647\u0628 \u0639\u064a\u0627\u0631 24 \u0642\u064a\u0631\u0627\u0637\u060c \u062a\u0645\u0646\u062d \u0627\u0644\u0628\u0634\u0631\u0629 \u0625\u0634\u0631\u0627\u0642\u0629 \u0637\u0628\u064a\u0639\u064a\u0629 \u0645\u0639 \u062a\u0623\u062b\u064a\u0631 \u0645\u062c\u062f\u062f \u0644\u0644\u0634\u0628\u0627\u0628. \u064a\u062a\u0645\u064a\u0632 \u0628\u062a\u0631\u0643\u064a\u0628\u0629 \u062c\u0644 \u062d\u0633\u064a\u0629 \u062a\u062d\u062a\u0648\u064a \u0639\u0644\u0649 98% \u0645\u0643\u0648\u0646\u0627\u062a \u0637\u0628\u064a\u0639\u064a\u0629 \u0627\u0644\u0645\u0646\u0634\u0623\u060c \u062a\u0648\u0641\u0631 \u062a\u0631\u0637\u064a\u0628\u064b\u0627 \u062d\u062a\u0649 24 \u0633\u0627\u0639\u0629 \u0648\u062a\u0648\u062d\u062f \u0627\u0644\u0628\u0634\u0631\u0629 \u0641\u0648\u0631\u064b\u0627 \u0644\u062a\u0635\u0628\u062d \u0643\u0644\u0648\u062d\u0629 \u0645\u062b\u0627\u0644\u064a\u0629 [&hellip;]<\/p>\n","protected":false},"featured_media":33224,"template":"","meta":[],"pwb-brand":[250],"product_brand":[],"product_cat":[1174],"product_tag":[],"class_list":{"0":"post-33220","1":"product","2":"type-product","3":"status-publish","4":"has-post-thumbnail","6":"pwb-brand-guerlain","7":"product_cat-base-primer-makeup","9":"first","10":"instock","11":"shipping-taxable","12":"purchasable","13":"product-type-variable","14":"has-default-attributes","15":"wvs-archive-product-wrapper"},"brands":[{"id":250,"name":"Guerlain","slug":"guerlain"}],"_links":{"self":[{"href":"https:\/\/gopinkish.com\/fr\/wp-json\/wp\/v2\/product\/33220","targetHints":{"allow":["GET"]}}],"collection":[{"href":"https:\/\/gopinkish.com\/fr\/wp-json\/wp\/v2\/product"}],"about":[{"href":"https:\/\/gopinkish.com\/fr\/wp-json\/wp\/v2\/types\/product"}],"wp:featuredmedia":[{"embeddable":true,"href":"https:\/\/gopinkish.com\/fr\/wp-json\/wp\/v2\/media\/33224"}],"wp:attachment":[{"href":"https:\/\/gopinkish.com\/fr\/wp-json\/wp\/v2\/media?parent=33220"}],"wp:term":[{"taxonomy":"pwb-brand","embeddable":true,"href":"https:\/\/gopinkish.com\/fr\/wp-json\/wp\/v2\/pwb-brand?post=33220"},{"taxonomy":"product_brand","embeddable":true,"href":"https:\/\/gopinkish.com\/fr\/wp-json\/wp\/v2\/product_brand?post=33220"},{"taxonomy":"product_cat","embeddable":true,"href":"https:\/\/gopinkish.com\/fr\/wp-json\/wp\/v2\/product_cat?post=33220"},{"taxonomy":"product_tag","embeddable":true,"href":"https:\/\/gopinkish.com\/fr\/wp-json\/wp\/v2\/product_tag?post=33220"}],"curies":[{"name":"wp","href":"https:\/\/api.w.org\/{rel}","templated":true}]}}