{"id":33196,"date":"2025-11-12T00:44:01","date_gmt":"2025-11-11T23:44:01","guid":{"rendered":"https:\/\/gopinkish.com\/?post_type=product&#038;p=33196"},"modified":"2026-03-31T22:55:39","modified_gmt":"2026-03-31T21:55:39","slug":"3614274407747","status":"publish","type":"product","link":"https:\/\/gopinkish.com\/fr\/produit\/3614274407747\/","title":{"rendered":"Cr\u00e8me nourrissante luxueuse pour la peau et les ongles"},"content":{"rendered":"<p style=\"text-align: justify;\">La cr\u00e8me pour les mains Triple Care de Prada Beauty est une cr\u00e8me luxueuse, l\u00e9g\u00e8re, non grasse et \u00e0 absorption rapide, con\u00e7ue pour apporter un triple soin : Lisser la cuticule, nourrir la peau autour des ongles et renforcer les ongles eux-m\u00eames. Enrichie en extrait de fleur d'iris, connu pour ses propri\u00e9t\u00e9s r\u00e9g\u00e9n\u00e9ratrices, elle laisse les mains saines et douces avec une hydratation durable.<\/p>\n<p><strong>Principaux ingr\u00e9dients et caract\u00e9ristiques :<\/strong><br \/>\n- Lissage de la peau.<br \/>\n- Nourrir les coyotes.<br \/>\n- Renforcer les ongles.<br \/>\n- Extrait de fleur d'iris : Favorise la r\u00e9g\u00e9n\u00e9ration de la peau pour un \u00e9clat sain.<br \/>\n- Formule l\u00e9g\u00e8re et non grasse : p\u00e9n\u00e8tre rapidement sans laisser de r\u00e9sidu collant.<br \/>\n- Convient aux peaux sensibles : Test\u00e9 sous contr\u00f4le dermatologique.<br \/>\n- Emballage \u00e9l\u00e9gant : Pratique pour un usage quotidien ou \u00e0 transporter dans un sac.<\/p>\n<p><strong>Principales caract\u00e9ristiques et avantages :<\/strong><br \/>\n- Hydrate en profondeur et soulage instantan\u00e9ment.<br \/>\n- Garde les mains douces et minimise le dess\u00e8chement.<br \/>\n- Nourrit et renforce les ongles.<br \/>\n- Une formule luxueuse \u00e0 absorption rapide.<br \/>\n- Id\u00e9al pour un usage quotidien, surtout apr\u00e8s des lavages fr\u00e9quents.<\/p>\n<p dir=\"ltr\" style=\"text-align: center;\">\n\ud83c\uddec\ud83c\udde7 Prada Hand Triple Care Hand Cream - Mains, ongles et cuticules<br \/>\n\ud83c\uddeb\ud83c\uddf7 Prada Cr\u00e8me Mains Triple Soin - Mains, Ongles &amp; Cuticules<\/p>","protected":false},"excerpt":{"rendered":"<p>\u0643\u0631\u064a\u0645 \u0627\u0644\u064a\u062f\u064a\u0646 Hand Triple Care Hand Cream \u0645\u0646 Prada Beauty \u0647\u0648 \u0643\u0631\u064a\u0645 \u0641\u0627\u062e\u0631 \u0648\u062e\u0641\u064a\u0641 \u0627\u0644\u0648\u0632\u0646 \u0628\u062a\u0631\u0643\u064a\u0628\u0629 \u063a\u064a\u0631 \u062f\u0647\u0646\u064a\u0629 \u0648\u0633\u0631\u064a\u0639\u0629 \u0627\u0644\u0627\u0645\u062a\u0635\u0627\u0635\u060c \u0645\u0635\u0645\u0645 \u0644\u062a\u0648\u0641\u064a\u0631 \u0639\u0646\u0627\u064a\u0629 \u062b\u0644\u0627\u062b\u064a\u0629: \u062a\u0646\u0639\u064a\u0645 \u0627\u0644\u0628\u0634\u0631\u0629\u060c \u062a\u063a\u0630\u064a\u0629 \u0627\u0644\u062c\u0644\u062f \u0627\u0644\u0645\u062d\u064a\u0637 \u0628\u0627\u0644\u0623\u0638\u0627\u0641\u0631\u060c \u0648\u062a\u0642\u0648\u064a\u0629 \u0627\u0644\u0623\u0638\u0627\u0641\u0631 \u0646\u0641\u0633\u0647\u0627. \u063a\u0646\u064a \u0628\u0645\u0633\u062a\u062e\u0644\u0635 \u0632\u0647\u0631\u0629 \u0627\u0644\u0633\u0648\u0633\u0646 (Iris) \u0627\u0644\u0645\u0639\u0631\u0648\u0641 \u0628\u062e\u0635\u0627\u0626\u0635\u0647 \u0627\u0644\u0645\u062c\u062f\u062f\u0629\u060c \u0644\u064a\u0645\u0646\u062d \u0627\u0644\u064a\u062f\u064a\u0646 \u0645\u0638\u0647\u0631\u064b\u0627 \u0635\u062d\u064a\u064b\u0627 \u0648\u0646\u0627\u0639\u0645\u064b\u0627 \u0645\u0639 \u062a\u0631\u0637\u064a\u0628 \u0637\u0648\u064a\u0644 \u0627\u0644\u0623\u0645\u062f. \u0627\u0644\u0645\u0643\u0648\u0646\u0627\u062a \u0648\u0627\u0644\u062e\u0635\u0627\u0626\u0635 \u0627\u0644\u0631\u0626\u064a\u0633\u064a\u0629: \u2022 \u062a\u0646\u0639\u064a\u0645 [&hellip;]<\/p>\n","protected":false},"featured_media":33201,"template":"","meta":[],"pwb-brand":[1347],"product_brand":[],"product_cat":[1139],"product_tag":[],"class_list":{"0":"post-33196","1":"product","2":"type-product","3":"status-publish","4":"has-post-thumbnail","6":"pwb-brand-prada","7":"product_cat-hands-care","9":"first","10":"instock","11":"shipping-taxable","12":"purchasable","13":"product-type-variable","14":"has-default-attributes","15":"wvs-archive-product-wrapper"},"brands":[{"id":1347,"name":"Prada","slug":"prada"}],"_links":{"self":[{"href":"https:\/\/gopinkish.com\/fr\/wp-json\/wp\/v2\/product\/33196","targetHints":{"allow":["GET"]}}],"collection":[{"href":"https:\/\/gopinkish.com\/fr\/wp-json\/wp\/v2\/product"}],"about":[{"href":"https:\/\/gopinkish.com\/fr\/wp-json\/wp\/v2\/types\/product"}],"wp:featuredmedia":[{"embeddable":true,"href":"https:\/\/gopinkish.com\/fr\/wp-json\/wp\/v2\/media\/33201"}],"wp:attachment":[{"href":"https:\/\/gopinkish.com\/fr\/wp-json\/wp\/v2\/media?parent=33196"}],"wp:term":[{"taxonomy":"pwb-brand","embeddable":true,"href":"https:\/\/gopinkish.com\/fr\/wp-json\/wp\/v2\/pwb-brand?post=33196"},{"taxonomy":"product_brand","embeddable":true,"href":"https:\/\/gopinkish.com\/fr\/wp-json\/wp\/v2\/product_brand?post=33196"},{"taxonomy":"product_cat","embeddable":true,"href":"https:\/\/gopinkish.com\/fr\/wp-json\/wp\/v2\/product_cat?post=33196"},{"taxonomy":"product_tag","embeddable":true,"href":"https:\/\/gopinkish.com\/fr\/wp-json\/wp\/v2\/product_tag?post=33196"}],"curies":[{"name":"wp","href":"https:\/\/api.w.org\/{rel}","templated":true}]}}