{"id":33182,"date":"2025-11-12T00:08:42","date_gmt":"2025-11-11T23:08:42","guid":{"rendered":"https:\/\/gopinkish.com\/?post_type=product&#038;p=33182"},"modified":"2025-11-12T00:08:43","modified_gmt":"2025-11-11T23:08:43","slug":"3346470437876","status":"publish","type":"product","link":"https:\/\/gopinkish.com\/fr\/produit\/3346470437876\/","title":{"rendered":"Un fond de teint press\u00e9 mat luxueux \u00e0 la formule nourrissante"},"content":{"rendered":"<p><!--StartFragment --><\/p>\n<p style=\"text-align: justify;\">Le fond de teint compact mat Parure Gold Skin Control High Perfection de Guerlain Paris allie le pouvoir du maquillage et du soin en une seule formule. Il contient une touche d'or 24 carats et des extraits de pivoine blanche qui donnent \u00e0 la peau un \u00e9clat sain et un effet rajeunissant. Il offre une haute couvrance avec un fini mat naturel qui dure jusqu'\u00e0 24 heures, avec une formule qui ne transf\u00e8re pas et ne s'estompe pas.<\/p>\n<p style=\"text-align: justify;\"><strong>Principaux ingr\u00e9dients et caract\u00e9ristiques :<\/strong><\/p>\n<p style=\"text-align: justify;\">- Or 24K + extraits de pivoine blanche : Un m\u00e9lange luxueux qui illumine et rajeunit la peau.<br \/>\n- Finition mate haute perfection : haute couvrance avec une \u00e9l\u00e9gante finition mate.<br \/>\n- Effet rajeunissant : am\u00e9liore l'aspect de la peau et lui donne un \u00e9clat de jeunesse.<br \/>\n- Tenue 24h : stabilit\u00e9 longue dur\u00e9e sans transfert ni bavure.<br \/>\n- Texture ultra-fine : Se fond dans la peau pour un confort naturel.<br \/>\n- Hybride soin + maquillage : combine soin et couvrance.<\/p>\n<p style=\"text-align: justify;\"><strong>Principales caract\u00e9ristiques et avantages :<\/strong><br \/>\n- Offre une haute couvrance avec un fini mat naturel.<br \/>\n- Assure une stabilit\u00e9 durable jusqu'\u00e0 24 heures.<br \/>\n- Une formule nourrissante qui renforce l'\u00e9clat de la peau.<br \/>\n- Un emballage luxueux et pratique pour un usage quotidien et pour les occasions.<br \/>\n- Id\u00e9al pour tous les types de peau.<\/p>\n<p dir=\"ltr\" style=\"text-align: center;\">\ud83c\uddec\ud83c\udde7 Guerlain Parure Gold Skin Control - Fond de teint compact mat haute perfection<br \/>\n\ud83c\uddeb\ud83c\uddf7 Guerlain Parure Gold Skin Control - Fond de Teint Compact Mat Haute Perfection<\/p>\n<p><!--EndFragment --><\/p>","protected":false},"excerpt":{"rendered":"<p>\u0643\u0631\u064a\u0645 \u0627\u0644\u0623\u0633\u0627\u0633 \u0627\u0644\u0645\u0636\u063a\u0648\u0637 Parure Gold Skin Control High Perfection Matte Compact Foundation \u0645\u0646 Guerlain Paris \u064a\u062c\u0645\u0639 \u0628\u064a\u0646 \u0642\u0648\u0629 \u0627\u0644\u0645\u0643\u064a\u0627\u062c \u0648\u0627\u0644\u0639\u0646\u0627\u064a\u0629 \u0628\u0627\u0644\u0628\u0634\u0631\u0629 \u0641\u064a \u062a\u0631\u0643\u064a\u0628\u0629 \u0648\u0627\u062d\u062f\u0629. \u064a\u062d\u062a\u0648\u064a \u0639\u0644\u0649 \u0644\u0645\u0633\u0629 \u0645\u0646 \u0627\u0644\u0630\u0647\u0628 \u0639\u064a\u0627\u0631 24 \u0645\u0639 \u0645\u0633\u062a\u062e\u0644\u0635\u0627\u062a \u0627\u0644\u0641\u0627\u0648\u0627\u0646\u064a\u0627 \u0627\u0644\u0628\u064a\u0636\u0627\u0621\u060c \u0645\u0645\u0627 \u064a\u0645\u0646\u062d \u0627\u0644\u0628\u0634\u0631\u0629 \u0625\u0634\u0631\u0627\u0642\u0629 \u0635\u062d\u064a\u0629 \u0645\u0639 \u062a\u0623\u062b\u064a\u0631 \u0645\u062c\u062f\u062f \u0644\u0644\u0634\u0628\u0627\u0628. \u064a\u0648\u0641\u0631 \u062a\u063a\u0637\u064a\u0629 \u0639\u0627\u0644\u064a\u0629 \u0628\u0644\u0645\u0633\u0629 \u0645\u0637\u0641\u064a\u0629 \u0637\u0628\u064a\u0639\u064a\u0629 \u062a\u062f\u0648\u0645 \u062d\u062a\u0649 24 \u0633\u0627\u0639\u0629\u060c \u0645\u0639 [&hellip;]<\/p>\n","protected":false},"featured_media":33186,"template":"","meta":[],"pwb-brand":[250],"product_brand":[],"product_cat":[1175],"product_tag":[],"class_list":{"0":"post-33182","1":"product","2":"type-product","3":"status-publish","4":"has-post-thumbnail","6":"pwb-brand-guerlain","7":"product_cat-foundation-makeup","9":"first","10":"instock","11":"shipping-taxable","12":"purchasable","13":"product-type-variable","14":"has-default-attributes","15":"wvs-archive-product-wrapper"},"brands":[{"id":250,"name":"Guerlain","slug":"guerlain"}],"_links":{"self":[{"href":"https:\/\/gopinkish.com\/fr\/wp-json\/wp\/v2\/product\/33182","targetHints":{"allow":["GET"]}}],"collection":[{"href":"https:\/\/gopinkish.com\/fr\/wp-json\/wp\/v2\/product"}],"about":[{"href":"https:\/\/gopinkish.com\/fr\/wp-json\/wp\/v2\/types\/product"}],"wp:featuredmedia":[{"embeddable":true,"href":"https:\/\/gopinkish.com\/fr\/wp-json\/wp\/v2\/media\/33186"}],"wp:attachment":[{"href":"https:\/\/gopinkish.com\/fr\/wp-json\/wp\/v2\/media?parent=33182"}],"wp:term":[{"taxonomy":"pwb-brand","embeddable":true,"href":"https:\/\/gopinkish.com\/fr\/wp-json\/wp\/v2\/pwb-brand?post=33182"},{"taxonomy":"product_brand","embeddable":true,"href":"https:\/\/gopinkish.com\/fr\/wp-json\/wp\/v2\/product_brand?post=33182"},{"taxonomy":"product_cat","embeddable":true,"href":"https:\/\/gopinkish.com\/fr\/wp-json\/wp\/v2\/product_cat?post=33182"},{"taxonomy":"product_tag","embeddable":true,"href":"https:\/\/gopinkish.com\/fr\/wp-json\/wp\/v2\/product_tag?post=33182"}],"curies":[{"name":"wp","href":"https:\/\/api.w.org\/{rel}","templated":true}]}}