{"id":33153,"date":"2025-11-11T19:37:50","date_gmt":"2025-11-11T18:37:50","guid":{"rendered":"https:\/\/gopinkish.com\/?post_type=product&#038;p=33153"},"modified":"2026-04-13T23:00:06","modified_gmt":"2026-04-13T22:00:06","slug":"3616304253836","status":"publish","type":"product","link":"https:\/\/gopinkish.com\/fr\/produit\/3616304253836\/","title":{"rendered":"Palette d'ombres \u00e0 paupi\u00e8res quadruple aux couleurs naturelles luxueuses"},"content":{"rendered":"<p style=\"text-align: justify;\">La palette d'ombres \u00e0 paupi\u00e8res Eye Quad 4 de Burberry Beauty combine quatre teintes coordonn\u00e9es inspir\u00e9es des couleurs de l'h\u00e9ritage britannique de la Maison. Chaque teinte pr\u00e9sente une formule riche en pigments avec 96% ingr\u00e9dients d'origine naturelle, offrant une couleur intense et durable avec une texture douce et facile \u00e0 estomper. L'\u00e9l\u00e9gant emballage beige et or est accompagn\u00e9 d'un miroir interne et d'un double applicateur.<\/p>\n<p><strong>Principaux ingr\u00e9dients et caract\u00e9ristiques :<\/strong><br \/>\n- 4 couleurs coordonn\u00e9es : Parfait pour les looks de tous les jours et les occasions.<br \/>\n- 96% Ingr\u00e9dients d'origine naturelle : Formule propre et efficace.<br \/>\n- Couleur intense et longue dur\u00e9e : des heures de port sans d\u00e9coloration.<br \/>\n- Lisse et facile \u00e0 estomper : S'estompe parfaitement sur la paupi\u00e8re.<br \/>\n- Emballage de luxe : Design beige et or avec miroir et applicateur.<\/p>\n<p><strong>Principales caract\u00e9ristiques et avantages :<\/strong><br \/>\n- Permet de cr\u00e9er une vari\u00e9t\u00e9 de looks, du plus naturel au plus audacieux.<br \/>\n- Formule propre \u00e0 base d'ingr\u00e9dients naturels.<br \/>\n- Emballage \u00e9l\u00e9gant pour le voyage et l'utilisation quotidienne.<br \/>\n- Parfait pour toutes les couleurs de peau et tous les types d'yeux.<\/p>\n<p dir=\"ltr\" style=\"text-align: center;\">\ud83c\uddec\ud83c\udde7 Burberry Eye Quad - 4 Palette d'ombres \u00e0 paupi\u00e8res<br \/>\n\ud83c\uddeb\ud83c\uddf7 Burberry Eye Quad - Palette de 4 Ombres \u00e0 Paupi\u00e8res<\/p>","protected":false},"excerpt":{"rendered":"<p>\u0628\u0627\u0644\u064a\u062a Eye Quad 4 Eyeshadow Palette \u0645\u0646 Burberry Beauty \u064a\u062c\u0645\u0639 \u0628\u064a\u0646 \u0623\u0631\u0628\u0639\u0629 \u0623\u0644\u0648\u0627\u0646 \u0645\u062a\u0646\u0627\u0633\u0642\u0629 \u0645\u0633\u062a\u0648\u062d\u0627\u0629 \u0645\u0646 \u0623\u0644\u0648\u0627\u0646 \u0627\u0644\u062a\u0631\u0627\u062b \u0627\u0644\u0628\u0631\u064a\u0637\u0627\u0646\u064a \u0644\u0644\u062f\u0627\u0631. \u0643\u0644 \u0638\u0644 \u064a\u062a\u0645\u064a\u0632 \u0628\u062a\u0631\u0643\u064a\u0628\u0629 \u063a\u0646\u064a\u0629 \u0628\u0627\u0644\u0623\u0635\u0628\u0627\u063a \u0645\u0639 96% \u0645\u0643\u0648\u0646\u0627\u062a \u0637\u0628\u064a\u0639\u064a\u0629 \u0627\u0644\u0645\u0646\u0634\u0623\u060c \u062a\u0645\u0646\u062d \u0644\u0648\u0646\u064b\u0627 \u0645\u0643\u062b\u0641\u064b\u0627 \u064a\u062f\u0648\u0645 \u0637\u0648\u064a\u0644\u064b\u0627 \u0645\u0639 \u0645\u0644\u0645\u0633 \u0646\u0627\u0639\u0645 \u0648\u0633\u0647\u0644 \u0627\u0644\u062f\u0645\u062c. \u062a\u0623\u062a\u064a \u0627\u0644\u0639\u0628\u0648\u0629 \u0627\u0644\u0623\u0646\u064a\u0642\u0629 \u0628\u0627\u0644\u0644\u0648\u0646 \u0627\u0644\u0628\u064a\u062c \u0648\u0627\u0644\u0630\u0647\u0628\u064a \u0645\u0639 \u0645\u0631\u0622\u0629 \u062f\u0627\u062e\u0644\u064a\u0629 \u0648\u0623\u062f\u0627\u0629 \u062a\u0637\u0628\u064a\u0642 \u0645\u0632\u062f\u0648\u062c\u0629. \u0627\u0644\u0645\u0643\u0648\u0646\u0627\u062a \u0648\u0627\u0644\u062e\u0635\u0627\u0626\u0635 [&hellip;]<\/p>\n","protected":false},"featured_media":33154,"template":"","meta":[],"pwb-brand":[233],"product_brand":[],"product_cat":[1188,1190],"product_tag":[],"class_list":{"0":"post-33153","1":"product","2":"type-product","3":"status-publish","4":"has-post-thumbnail","6":"pwb-brand-burberry","7":"product_cat-eyes-makeup-palette","8":"product_cat-eyes-shadow","10":"first","11":"outofstock","12":"shipping-taxable","13":"product-type-variable","14":"has-default-attributes","15":"wvs-archive-product-wrapper"},"brands":[{"id":233,"name":"Burberry","slug":"burberry"}],"_links":{"self":[{"href":"https:\/\/gopinkish.com\/fr\/wp-json\/wp\/v2\/product\/33153","targetHints":{"allow":["GET"]}}],"collection":[{"href":"https:\/\/gopinkish.com\/fr\/wp-json\/wp\/v2\/product"}],"about":[{"href":"https:\/\/gopinkish.com\/fr\/wp-json\/wp\/v2\/types\/product"}],"wp:featuredmedia":[{"embeddable":true,"href":"https:\/\/gopinkish.com\/fr\/wp-json\/wp\/v2\/media\/33154"}],"wp:attachment":[{"href":"https:\/\/gopinkish.com\/fr\/wp-json\/wp\/v2\/media?parent=33153"}],"wp:term":[{"taxonomy":"pwb-brand","embeddable":true,"href":"https:\/\/gopinkish.com\/fr\/wp-json\/wp\/v2\/pwb-brand?post=33153"},{"taxonomy":"product_brand","embeddable":true,"href":"https:\/\/gopinkish.com\/fr\/wp-json\/wp\/v2\/product_brand?post=33153"},{"taxonomy":"product_cat","embeddable":true,"href":"https:\/\/gopinkish.com\/fr\/wp-json\/wp\/v2\/product_cat?post=33153"},{"taxonomy":"product_tag","embeddable":true,"href":"https:\/\/gopinkish.com\/fr\/wp-json\/wp\/v2\/product_tag?post=33153"}],"curies":[{"name":"wp","href":"https:\/\/api.w.org\/{rel}","templated":true}]}}