{"id":33124,"date":"2025-11-11T18:41:43","date_gmt":"2025-11-11T17:41:43","guid":{"rendered":"https:\/\/gopinkish.com\/?post_type=product&#038;p=33124"},"modified":"2026-02-22T00:31:34","modified_gmt":"2026-02-21T23:31:34","slug":"3348901689465","status":"publish","type":"product","link":"https:\/\/gopinkish.com\/fr\/produit\/3348901689465\/","title":{"rendered":"Rouge \u00e0 l\u00e8vres luxueux longue dur\u00e9e avec formule botanique nourrissante"},"content":{"rendered":"<p style=\"text-align: justify;\">Le rouge \u00e0 l\u00e8vres Dior Rouge Dior Couture Colour est une ic\u00f4ne de la beaut\u00e9 et de la mode, associant des couleurs couture intenses \u00e0 des soins botaniques nourrissants. Enrichie d'extraits de pivoine rouge et de fleur de grenade, la formule offre aux l\u00e8vres jusqu'\u00e0 24 heures d'hydratation et de confort, avec une couleur luxueuse et durable.<\/p>\n<p><strong>Principaux ingr\u00e9dients et caract\u00e9ristiques :<\/strong><br \/>\n- Soin floral hydratant pour les l\u00e8vres : Nourrit et maintient les l\u00e8vres douces et lisses.<br \/>\n- Couleur couture intense : Inspir\u00e9 par la couture Dior.<br \/>\n- Confort longue dur\u00e9e : Jusqu'\u00e0 24 heures d'hydratation et de confort.<br \/>\n- Emballage \u00e9l\u00e9gant et rechargeable : Un design luxueux avec une touche de modernit\u00e9.<br \/>\n- Disponible dans une vari\u00e9t\u00e9 de couleurs pour s'adapter \u00e0 toutes les tenues.<\/p>\n<p><strong>Principales caract\u00e9ristiques et avantages :<\/strong><br \/>\n- Donne une couleur riche et luxueuse.<br \/>\n- Hydrate durablement gr\u00e2ce \u00e0 des soins \u00e0 base de plantes.<br \/>\n- Emballage rechargeable au design \u00e9l\u00e9gant.<br \/>\n- Disponible dans une vari\u00e9t\u00e9 de finitions pour satisfaire tous les go\u00fbts.<br \/>\n- Parfait pour un usage quotidien et pour les occasions sp\u00e9ciales.<\/p>\n<p dir=\"ltr\" style=\"text-align: center;\">\n\ud83c\uddec\ud83c\udde7 Dior Rouge Dior Couture Colour Lipstick - Floral Lip Care, Long Wear<br \/>\n\ud83c\uddeb\ud83c\uddf7 Rouge Dior Rouge \u00e0 L\u00e8vres Couture - Soin Floral Hydratant, Longue Tenue<\/p>","protected":false},"excerpt":{"rendered":"<p>\u0623\u062d\u0645\u0631 \u0627\u0644\u0634\u0641\u0627\u0647 Rouge Dior Couture Colour Lipstick \u0645\u0646 Dior \u0647\u0648 \u0623\u064a\u0642\u0648\u0646\u0629 \u0627\u0644\u062c\u0645\u0627\u0644 \u0648\u0627\u0644\u0645\u0648\u0636\u0629\u060c \u064a\u062c\u0645\u0639 \u0628\u064a\u0646 \u0623\u0644\u0648\u0627\u0646 \u0643\u0648\u062a\u0648\u0631 \u0645\u0643\u062b\u0641\u0629 \u0648\u0639\u0646\u0627\u064a\u0629 \u0646\u0628\u0627\u062a\u064a\u0629 \u0645\u063a\u0630\u064a\u0629. \u062a\u0631\u0643\u064a\u0628\u062a\u0647 \u063a\u0646\u064a\u0629 \u0628\u0645\u0633\u062a\u062e\u0644\u0635\u0627\u062a \u0627\u0644\u0641\u0627\u0648\u0627\u0646\u064a\u0627 \u0627\u0644\u062d\u0645\u0631\u0627\u0621 \u0648\u0632\u0647\u0631\u0629 \u0627\u0644\u0631\u0645\u0627\u0646\u060c \u0645\u0645\u0627 \u064a\u0645\u0646\u062d \u0627\u0644\u0634\u0641\u0627\u0647 \u062a\u0631\u0637\u064a\u0628\u064b\u0627 \u0648\u0631\u0627\u062d\u0629 \u062a\u062f\u0648\u0645 \u062d\u062a\u0649 24 \u0633\u0627\u0639\u0629\u060c \u0645\u0639 \u0644\u0648\u0646 \u0641\u0627\u062e\u0631 \u064a\u062f\u0648\u0645 \u0637\u0648\u064a\u0644\u064b\u0627. \u0627\u0644\u0645\u0643\u0648\u0646\u0627\u062a \u0648\u0627\u0644\u062e\u0635\u0627\u0626\u0635 \u0627\u0644\u0631\u0626\u064a\u0633\u064a\u0629: \u2022 Hydrating Floral Lip Care: \u064a\u063a\u0630\u064a \u0627\u0644\u0634\u0641\u0627\u0647 \u0648\u064a\u062d\u0627\u0641\u0638 \u0639\u0644\u0649 \u0646\u0639\u0648\u0645\u062a\u0647\u0627. [&hellip;]<\/p>\n","protected":false},"featured_media":33126,"template":"","meta":[],"pwb-brand":[262],"product_brand":[],"product_cat":[1182],"product_tag":[],"class_list":{"0":"post-33124","1":"product","2":"type-product","3":"status-publish","4":"has-post-thumbnail","6":"pwb-brand-dior","7":"product_cat-lipstick-makeup","9":"first","10":"instock","11":"shipping-taxable","12":"purchasable","13":"product-type-variable","14":"has-default-attributes","15":"wvs-archive-product-wrapper"},"brands":[{"id":262,"name":"Dior","slug":"dior"}],"_links":{"self":[{"href":"https:\/\/gopinkish.com\/fr\/wp-json\/wp\/v2\/product\/33124","targetHints":{"allow":["GET"]}}],"collection":[{"href":"https:\/\/gopinkish.com\/fr\/wp-json\/wp\/v2\/product"}],"about":[{"href":"https:\/\/gopinkish.com\/fr\/wp-json\/wp\/v2\/types\/product"}],"wp:featuredmedia":[{"embeddable":true,"href":"https:\/\/gopinkish.com\/fr\/wp-json\/wp\/v2\/media\/33126"}],"wp:attachment":[{"href":"https:\/\/gopinkish.com\/fr\/wp-json\/wp\/v2\/media?parent=33124"}],"wp:term":[{"taxonomy":"pwb-brand","embeddable":true,"href":"https:\/\/gopinkish.com\/fr\/wp-json\/wp\/v2\/pwb-brand?post=33124"},{"taxonomy":"product_brand","embeddable":true,"href":"https:\/\/gopinkish.com\/fr\/wp-json\/wp\/v2\/product_brand?post=33124"},{"taxonomy":"product_cat","embeddable":true,"href":"https:\/\/gopinkish.com\/fr\/wp-json\/wp\/v2\/product_cat?post=33124"},{"taxonomy":"product_tag","embeddable":true,"href":"https:\/\/gopinkish.com\/fr\/wp-json\/wp\/v2\/product_tag?post=33124"}],"curies":[{"name":"wp","href":"https:\/\/api.w.org\/{rel}","templated":true}]}}