{"id":33091,"date":"2025-11-11T18:06:03","date_gmt":"2025-11-11T17:06:03","guid":{"rendered":"https:\/\/gopinkish.com\/?post_type=product&#038;p=33091"},"modified":"2025-11-11T18:06:03","modified_gmt":"2025-11-11T17:06:03","slug":"3614273868396","status":"publish","type":"product","link":"https:\/\/gopinkish.com\/fr\/produit\/3614273868396\/","title":{"rendered":"Un rouge \u00e0 l\u00e8vres mat et doux au fini confortable et naturel"},"content":{"rendered":"<p style=\"text-align: justify;\">L'Absolu Rouge Intimatte de Lanc\u00f4me Paris est une collection innovante de rouges \u00e0 l\u00e8vres mats dont la formule l\u00e9g\u00e8re donne aux l\u00e8vres une couleur riche avec un effet mat flou. La texture cr\u00e9meuse glisse facilement et offre jusqu'\u00e0 12 heures de confort, avec la possibilit\u00e9 de faire \u00e9voluer la couleur d'un fini naturel \u00e0 un look plus intense.<\/p>\n<p><strong>Principaux ingr\u00e9dients et caract\u00e9ristiques :<\/strong><br \/>\n- Formule innovante Soft-Matte : Procure un effet mat doux, semblable \u00e0 celui d'un filtre.<br \/>\n- Peut s'\u00e9toffer : De la couleur claire \u00e0 la couvrance totale.<br \/>\n- Confort longue dur\u00e9e : Jusqu'\u00e0 12 heures d'hydratation et de confort.<br \/>\n- Pigments \u00e0 haute intensit\u00e9 : Offre une couleur riche et claire.<br \/>\n- Texture l\u00e9g\u00e8re et cr\u00e9meuse : N'alourdit pas les l\u00e8vres et ne les dess\u00e8che pas.<br \/>\n- Disponible dans une large gamme de couleurs pour s'adapter \u00e0 tous les looks.<br \/>\n- Emballage \u00e9l\u00e9gant et rechargeable.<\/p>\n<p><strong>Principales caract\u00e9ristiques et avantages :<\/strong><br \/>\n- Procure un fini mat doux et confortable.<br \/>\n- Couleur riche et modulable selon les go\u00fbts.<br \/>\n- Longue tenue sans dess\u00e8chement ni bavure.<br \/>\n- Emballage rechargeable de luxe.<br \/>\n- Parfait pour un usage quotidien et pour les occasions.<\/p>\n<p dir=\"ltr\" style=\"text-align: center;\">\n\ud83c\uddec\ud83c\udde7 Lanc\u00f4me L'Absolu Rouge Intimatte - Rouge \u00e0 l\u00e8vres Soft Matte Family<br \/>\n\ud83c\uddeb\ud83c\uddf7 Lanc\u00f4me L'Absolu Rouge Intimatte - Rouge \u00e0 L\u00e8vres Mat Flout\u00e9<\/p>","protected":false},"excerpt":{"rendered":"<p>\u0623\u062d\u0645\u0631 \u0627\u0644\u0634\u0641\u0627\u0647 L\u2019Absolu Rouge Intimatte \u0645\u0646 Lanc\u00f4me Paris \u0647\u0648 \u0645\u062c\u0645\u0648\u0639\u0629 \u0623\u062d\u0645\u0631 \u0634\u0641\u0627\u0647 \u0645\u0637\u0641\u064a \u0645\u0628\u062a\u0643\u0631 \u0628\u062a\u0631\u0643\u064a\u0628\u0629 \u062e\u0641\u064a\u0641\u0629 \u0627\u0644\u0648\u0632\u0646 \u062a\u0645\u0646\u062d \u0627\u0644\u0634\u0641\u0627\u0647 \u0644\u0648\u0646\u064b\u0627 \u063a\u0646\u064a\u064b\u0627 \u0645\u0639 \u062a\u0623\u062b\u064a\u0631 blurred soft\u2011matte. \u064a\u062a\u0645\u064a\u0632 \u0628\u0645\u0644\u0645\u0633 \u0643\u0631\u064a\u0645\u064a \u064a\u0646\u0633\u0627\u0628 \u0628\u0633\u0647\u0648\u0644\u0629 \u0648\u064a\u0648\u0641\u0631 \u0631\u0627\u062d\u0629 \u062a\u062f\u0648\u0645 \u062d\u062a\u0649 12 \u0633\u0627\u0639\u0629\u060c \u0645\u0639 \u0625\u0645\u0643\u0627\u0646\u064a\u0629 \u0628\u0646\u0627\u0621 \u0627\u0644\u0644\u0648\u0646 \u0645\u0646 \u0644\u0645\u0633\u0629 \u0637\u0628\u064a\u0639\u064a\u0629 \u0625\u0644\u0649 \u0625\u0637\u0644\u0627\u0644\u0629 \u0623\u0643\u062b\u0631 \u0643\u062b\u0627\u0641\u0629. \u0627\u0644\u0645\u0643\u0648\u0646\u0627\u062a \u0648\u0627\u0644\u062e\u0635\u0627\u0626\u0635 \u0627\u0644\u0631\u0626\u064a\u0633\u064a\u0629: \u2022 \u062a\u0631\u0643\u064a\u0628\u0629 Soft\u2011Matte \u0645\u0628\u062a\u0643\u0631\u0629: \u062a\u0645\u0646\u062d [&hellip;]<\/p>\n","protected":false},"featured_media":33094,"template":"","meta":[],"pwb-brand":[240],"product_brand":[],"product_cat":[1181],"product_tag":[],"class_list":{"0":"post-33091","1":"product","2":"type-product","3":"status-publish","4":"has-post-thumbnail","6":"pwb-brand-lancome","7":"product_cat-liquid-lipstick-makeup","9":"first","10":"instock","11":"shipping-taxable","12":"purchasable","13":"product-type-variable","14":"has-default-attributes","15":"wvs-archive-product-wrapper"},"brands":[{"id":240,"name":"Lancome","slug":"lancome"}],"_links":{"self":[{"href":"https:\/\/gopinkish.com\/fr\/wp-json\/wp\/v2\/product\/33091","targetHints":{"allow":["GET"]}}],"collection":[{"href":"https:\/\/gopinkish.com\/fr\/wp-json\/wp\/v2\/product"}],"about":[{"href":"https:\/\/gopinkish.com\/fr\/wp-json\/wp\/v2\/types\/product"}],"wp:featuredmedia":[{"embeddable":true,"href":"https:\/\/gopinkish.com\/fr\/wp-json\/wp\/v2\/media\/33094"}],"wp:attachment":[{"href":"https:\/\/gopinkish.com\/fr\/wp-json\/wp\/v2\/media?parent=33091"}],"wp:term":[{"taxonomy":"pwb-brand","embeddable":true,"href":"https:\/\/gopinkish.com\/fr\/wp-json\/wp\/v2\/pwb-brand?post=33091"},{"taxonomy":"product_brand","embeddable":true,"href":"https:\/\/gopinkish.com\/fr\/wp-json\/wp\/v2\/product_brand?post=33091"},{"taxonomy":"product_cat","embeddable":true,"href":"https:\/\/gopinkish.com\/fr\/wp-json\/wp\/v2\/product_cat?post=33091"},{"taxonomy":"product_tag","embeddable":true,"href":"https:\/\/gopinkish.com\/fr\/wp-json\/wp\/v2\/product_tag?post=33091"}],"curies":[{"name":"wp","href":"https:\/\/api.w.org\/{rel}","templated":true}]}}