{"id":33038,"date":"2025-11-11T07:06:07","date_gmt":"2025-11-11T06:06:07","guid":{"rendered":"https:\/\/gopinkish.com\/?post_type=product&#038;p=33038"},"modified":"2025-11-11T07:07:33","modified_gmt":"2025-11-11T06:07:33","slug":"3616303327439","status":"publish","type":"product","link":"https:\/\/gopinkish.com\/fr\/produit\/3616303327439\/","title":{"rendered":"Fard \u00e0 joues et poudre matifiante et illuminatrice multi-usages pour les yeux"},"content":{"rendered":"<p><!--StartFragment --><\/p>\n<p style=\"text-align: justify;\">Le Blush De Beaut\u00e9 Cheeks &amp; Eyes - Luminous Matte de Gucci Beauty est le premier blush en poudre de la Maison, con\u00e7u pour accentuer librement le regard. Sa formule douce et l\u00e9g\u00e8re est enrichie en beurre de karit\u00e9, en acide hyaluronique et en huile de rose noire pour une couleur durable et un fini mat et lumineux. Il peut \u00eatre utilis\u00e9 sur les joues et les yeux pour un look complet.<\/p>\n<p style=\"text-align: justify;\"><strong>Principaux ingr\u00e9dients et caract\u00e9ristiques :<br \/>\n<\/strong>- Formule multi-usages : Convient aux joues et aux yeux.<br \/>\n- Modulable : D'un fini naturel \u00e0 une couleur intense.<br \/>\n- Beurre de karit\u00e9 + acide hyaluronique + huile de rose : Hydrate et r\u00e9conforte la peau.<br \/>\n- Un fini mat et lumineux : Procure un effet bonne mine et une allure \u00e9l\u00e9gante.<br \/>\n- Poudre ultra-fine : Se fond facilement dans la peau.<br \/>\n- Tenue longue dur\u00e9e : dure des heures sans s'estomper.<br \/>\n- Disponible dans une large gamme de teintes pour convenir \u00e0 toutes les carnations.<\/p>\n<p style=\"text-align: justify;\"><strong>Principales caract\u00e9ristiques et avantages :<\/strong><br \/>\n- Apporte une couleur naturelle et modulable.<br \/>\n- Donne un effet bonne mine avec un fini mat et lumineux.<br \/>\n- Formule nourrissante et respectueuse de la peau.<br \/>\n- Peut \u00eatre utilis\u00e9 comme fard \u00e0 joues ou \u00e0 paupi\u00e8res.<br \/>\n- Parfait pour les looks de tous les jours et les occasions.<\/p>\n<p dir=\"ltr\" style=\"text-align: center;\">\ud83c\uddec\ud83c\udde7 Gucci Blush De Beaut\u00e9 Cheeks &amp; Eyes Powder - Luminous Matte<br \/>\n\ud83c\uddeb\ud83c\uddf7 Gucci Blush De Beaut\u00e9 Poudre Joues &amp; Yeux - Mat Lumineux<\/p>\n<p><!--EndFragment --><\/p>","protected":false},"excerpt":{"rendered":"<p>\u0628\u0648\u062f\u0631\u0629 Blush De Beaut\u00e9 Cheeks &amp; Eyes \u2013 Luminous Matte \u0645\u0646 Gucci Beauty \u0647\u064a \u0623\u0648\u0644 \u0628\u0644\u0627\u0634\u0631 \u0628\u0648\u062f\u0631\u0629 \u0645\u0646 \u0627\u0644\u062f\u0627\u0631\u060c \u0645\u0635\u0645\u0645 \u0644\u0625\u0628\u0631\u0627\u0632 \u0627\u0644\u0625\u0637\u0644\u0627\u0644\u0629 \u0628\u0625\u0628\u062f\u0627\u0639 \u062d\u0631. \u062a\u0631\u0643\u064a\u0628\u0629 \u0646\u0627\u0639\u0645\u0629 \u0648\u062e\u0641\u064a\u0641\u0629 \u0627\u0644\u0648\u0632\u0646 \u0645\u0645\u0632\u0648\u062c\u0629 \u0628\u0640 \u0632\u0628\u062f\u0629 \u0627\u0644\u0634\u064a\u0627\u060c \u062d\u0645\u0636 \u0627\u0644\u0647\u064a\u0627\u0644\u0648\u0631\u0648\u0646\u064a\u0643\u060c \u0648\u0632\u064a\u062a \u0627\u0644\u0648\u0631\u062f \u0627\u0644\u0623\u0633\u0648\u062f \u0644\u062a\u0645\u0646\u062d \u0644\u0648\u0646\u064b\u0627 \u0642\u0627\u0628\u0644\u064b\u0627 \u0644\u0644\u0628\u0646\u0627\u0621 \u064a\u062f\u0648\u0645 \u0637\u0648\u064a\u0644\u064b\u0627 \u0645\u0639 \u0644\u0645\u0633\u0629 \u0645\u0637\u0641\u064a\u0629 \u0645\u0636\u064a\u0626\u0629. \u064a\u0645\u0643\u0646 \u0627\u0633\u062a\u062e\u062f\u0627\u0645\u0647 \u0639\u0644\u0649 \u0627\u0644\u062e\u062f\u0648\u062f \u0648\u0627\u0644\u0639\u064a\u0648\u0646 \u0644\u0625\u0637\u0644\u0627\u0644\u0629 \u0645\u062a\u0643\u0627\u0645\u0644\u0629. \u0627\u0644\u0645\u0643\u0648\u0646\u0627\u062a [&hellip;]<\/p>\n","protected":false},"featured_media":33046,"template":"","meta":[],"pwb-brand":[229],"product_brand":[],"product_cat":[1169,1190],"product_tag":[],"class_list":{"0":"post-33038","1":"product","2":"type-product","3":"status-publish","4":"has-post-thumbnail","6":"pwb-brand-gucci","7":"product_cat-blush-makeup","8":"product_cat-eyes-shadow","10":"first","11":"instock","12":"shipping-taxable","13":"purchasable","14":"product-type-variable","15":"has-default-attributes","16":"wvs-archive-product-wrapper"},"brands":[{"id":229,"name":"Gucci","slug":"gucci"}],"_links":{"self":[{"href":"https:\/\/gopinkish.com\/fr\/wp-json\/wp\/v2\/product\/33038","targetHints":{"allow":["GET"]}}],"collection":[{"href":"https:\/\/gopinkish.com\/fr\/wp-json\/wp\/v2\/product"}],"about":[{"href":"https:\/\/gopinkish.com\/fr\/wp-json\/wp\/v2\/types\/product"}],"wp:featuredmedia":[{"embeddable":true,"href":"https:\/\/gopinkish.com\/fr\/wp-json\/wp\/v2\/media\/33046"}],"wp:attachment":[{"href":"https:\/\/gopinkish.com\/fr\/wp-json\/wp\/v2\/media?parent=33038"}],"wp:term":[{"taxonomy":"pwb-brand","embeddable":true,"href":"https:\/\/gopinkish.com\/fr\/wp-json\/wp\/v2\/pwb-brand?post=33038"},{"taxonomy":"product_brand","embeddable":true,"href":"https:\/\/gopinkish.com\/fr\/wp-json\/wp\/v2\/product_brand?post=33038"},{"taxonomy":"product_cat","embeddable":true,"href":"https:\/\/gopinkish.com\/fr\/wp-json\/wp\/v2\/product_cat?post=33038"},{"taxonomy":"product_tag","embeddable":true,"href":"https:\/\/gopinkish.com\/fr\/wp-json\/wp\/v2\/product_tag?post=33038"}],"curies":[{"name":"wp","href":"https:\/\/api.w.org\/{rel}","templated":true}]}}