{"id":33028,"date":"2025-11-11T06:35:41","date_gmt":"2025-11-11T05:35:41","guid":{"rendered":"https:\/\/gopinkish.com\/?post_type=product&#038;p=33028"},"modified":"2025-11-11T06:35:42","modified_gmt":"2025-11-11T05:35:42","slug":"607845058946","status":"publish","type":"product","link":"https:\/\/gopinkish.com\/fr\/produit\/607845058946\/","title":{"rendered":"Une poudre de r\u00e9glage translucide au fini naturel et lumineux"},"content":{"rendered":"<p><!--StartFragment --><\/p>\n<p>La Poudre Fixante R\u00e9fl\u00e9chissante \u00e0 la Lumi\u00e8re de NARS est une poudre compacte translucide con\u00e7ue pour fixer le maquillage tout au long de la journ\u00e9e avec un fini lumineux naturel. Gr\u00e2ce \u00e0 la Technologie Photochromique, elle diffuse la lumi\u00e8re et ajuste son reflet en fonction de la lumi\u00e8re, donnant \u00e0 la peau un aspect lisse et impeccable devant l'appareil photo ou dans la vie de tous les jours.<\/p>\n<p><strong>Principaux ingr\u00e9dients et caract\u00e9ristiques :<\/strong><\/p>\n<p>- Formule l\u00e9g\u00e8re et transparente : N'ajoute pas de couleur, convient \u00e0 toutes les carnations.<br \/>\n- Technologie photochromique : Modifie la r\u00e9flexion de la lumi\u00e8re pour un effet lumineux naturel.<br \/>\n- Flou optique : r\u00e9duit l'apparence des ridules, des pores et des imperfections.<br \/>\n- Texture soyeuse : Facile \u00e0 estomper et donne un fini velout\u00e9.<br \/>\n- Sans parab\u00e8nes ni huiles min\u00e9rales.<br \/>\n- Convient \u00e0 tous les types de peau, y compris les peaux sensibles.<\/p>\n<p><strong>Principales caract\u00e9ristiques et avantages :<\/strong><br \/>\n- Maintient le maquillage en place pendant de longues heures.<br \/>\n- Procure un \u00e9clat naturel et lumineux.<br \/>\n- Minimise l'apparence des ridules et des imperfections.<br \/>\n- Une formule transparente qui convient \u00e0 toutes les carnations.<br \/>\n- Id\u00e9al pour un usage quotidien ou occasionnel.<\/p>\n<p dir=\"ltr\" style=\"text-align: center;\">\ud83c\uddec\ud83c\udde7 NARS Light Reflecting Setting Powder - Translucide Press\u00e9<br \/>\n\ud83c\uddeb\ud83c\uddf7 NARS Poudre Fixante Light Reflecting - Transparente Compacte<\/p>\n<p><!--EndFragment --><\/p>","protected":false},"excerpt":{"rendered":"<p>\u0628\u0648\u062f\u0631\u0629 Light Reflecting Setting Powder \u0645\u0646 NARS \u0647\u064a \u0628\u0648\u062f\u0631\u0629 \u0645\u0636\u063a\u0648\u0637\u0629 \u0634\u0641\u0627\u0641\u0629 \u0645\u0635\u0645\u0645\u0629 \u0644\u062a\u062b\u0628\u064a\u062a \u0627\u0644\u0645\u0643\u064a\u0627\u062c \u0637\u0648\u0627\u0644 \u0627\u0644\u064a\u0648\u0645 \u0645\u0639 \u0644\u0645\u0633\u0629 \u0645\u0636\u064a\u0626\u0629 \u0637\u0628\u064a\u0639\u064a\u0629. \u0628\u0641\u0636\u0644 \u062a\u0642\u0646\u064a\u0629 Photochromic Technology\u060c \u062a\u0639\u0645\u0644 \u0639\u0644\u0649 \u062a\u0634\u062a\u064a\u062a \u0627\u0644\u0636\u0648\u0621 \u0648\u062a\u0639\u062f\u064a\u0644 \u0627\u0646\u0639\u0643\u0627\u0633\u0647 \u062d\u0633\u0628 \u0627\u0644\u0625\u0636\u0627\u0621\u0629\u060c \u0645\u0645\u0627 \u064a\u0645\u0646\u062d \u0627\u0644\u0628\u0634\u0631\u0629 \u0645\u0638\u0647\u0631\u064b\u0627 \u0646\u0627\u0639\u0645\u064b\u0627 \u0648\u062e\u0627\u0644\u064a\u064b\u0627 \u0645\u0646 \u0627\u0644\u0639\u064a\u0648\u0628 \u0623\u0645\u0627\u0645 \u0627\u0644\u0643\u0627\u0645\u064a\u0631\u0627 \u0623\u0648 \u0641\u064a \u0627\u0644\u062d\u064a\u0627\u0629 \u0627\u0644\u064a\u0648\u0645\u064a\u0629. \u0627\u0644\u0645\u0643\u0648\u0646\u0627\u062a \u0648\u0627\u0644\u062e\u0635\u0627\u0626\u0635 \u0627\u0644\u0631\u0626\u064a\u0633\u064a\u0629: \u2022 \u062a\u0631\u0643\u064a\u0628\u0629 \u0634\u0641\u0627\u0641\u0629 \u062e\u0641\u064a\u0641\u0629 \u0627\u0644\u0648\u0632\u0646: \u0644\u0627 [&hellip;]<\/p>\n","protected":false},"featured_media":33029,"template":"","meta":[],"pwb-brand":[1355],"product_brand":[],"product_cat":[1172],"product_tag":[],"class_list":{"0":"post-33028","1":"product","2":"type-product","3":"status-publish","4":"has-post-thumbnail","6":"pwb-brand-nars","7":"product_cat-powder-makeup","9":"first","10":"instock","11":"shipping-taxable","12":"purchasable","13":"product-type-variable","14":"has-default-attributes","15":"wvs-archive-product-wrapper"},"brands":[{"id":1355,"name":"NARS","slug":"nars"}],"_links":{"self":[{"href":"https:\/\/gopinkish.com\/fr\/wp-json\/wp\/v2\/product\/33028","targetHints":{"allow":["GET"]}}],"collection":[{"href":"https:\/\/gopinkish.com\/fr\/wp-json\/wp\/v2\/product"}],"about":[{"href":"https:\/\/gopinkish.com\/fr\/wp-json\/wp\/v2\/types\/product"}],"wp:featuredmedia":[{"embeddable":true,"href":"https:\/\/gopinkish.com\/fr\/wp-json\/wp\/v2\/media\/33029"}],"wp:attachment":[{"href":"https:\/\/gopinkish.com\/fr\/wp-json\/wp\/v2\/media?parent=33028"}],"wp:term":[{"taxonomy":"pwb-brand","embeddable":true,"href":"https:\/\/gopinkish.com\/fr\/wp-json\/wp\/v2\/pwb-brand?post=33028"},{"taxonomy":"product_brand","embeddable":true,"href":"https:\/\/gopinkish.com\/fr\/wp-json\/wp\/v2\/product_brand?post=33028"},{"taxonomy":"product_cat","embeddable":true,"href":"https:\/\/gopinkish.com\/fr\/wp-json\/wp\/v2\/product_cat?post=33028"},{"taxonomy":"product_tag","embeddable":true,"href":"https:\/\/gopinkish.com\/fr\/wp-json\/wp\/v2\/product_tag?post=33028"}],"curies":[{"name":"wp","href":"https:\/\/api.w.org\/{rel}","templated":true}]}}