{"id":32983,"date":"2025-11-11T05:47:38","date_gmt":"2025-11-11T04:47:38","guid":{"rendered":"https:\/\/gopinkish.com\/?post_type=product&#038;p=32983"},"modified":"2025-11-11T05:47:39","modified_gmt":"2025-11-11T04:47:39","slug":"3348901491150","status":"publish","type":"product","link":"https:\/\/gopinkish.com\/fr\/produit\/3348901491150\/","title":{"rendered":"Huile hydratante pour les l\u00e8vres avec une brillance naturelle qui rehausse les couleurs"},"content":{"rendered":"<p style=\"text-align: justify;\">Dior Addict Lip Glow Oil de Dior allie soin, hydratation et brillance luxueuse. Sa formule enrichie en huile de cerise et en ingr\u00e9dients nourrissants apporte aux l\u00e8vres une hydratation instantan\u00e9e et durable, tandis que l'effet Color-Awakening rehausse la couleur naturelle des l\u00e8vres et leur donne un \u00e9clat sain. Disponible dans une gamme de nuances pour s'adapter \u00e0 tous les looks.<\/p>\n<p><strong>Principaux ingr\u00e9dients et caract\u00e9ristiques :<\/strong><br \/>\n- Huile naturelle de cerise : Nourrit les l\u00e8vres et les garde douces.<br \/>\n- Formule nourrissante et hydratante : Procure une hydratation profonde et durable.<br \/>\n- Technologie de r\u00e9veil des couleurs : rehausse la couleur naturelle des l\u00e8vres.<br \/>\n- Brillance luxueuse et non collante : Donne un aspect sain et radieux.<br \/>\n- Disponible en 10 coloris : Du rose clair au rouge vif.<\/p>\n<p><strong>Principales caract\u00e9ristiques et avantages :<\/strong><br \/>\n- Procure une hydratation instantan\u00e9e et durable.<br \/>\n- Rehausse la couleur naturelle des l\u00e8vres.<br \/>\n- Une formule non collante avec une brillance luxueuse.<br \/>\n- Convient \u00e0 toutes les couleurs de peau.<br \/>\n- Id\u00e9al pour un usage quotidien ou occasionnel.<\/p>\n<p dir=\"ltr\" style=\"text-align: center;\">\n\ud83c\uddec\ud83c\udde7 Dior Addict Lip Glow Oil - Gloss \u00e9veillant la couleur<br \/>\n\ud83c\uddeb\ud83c\uddf7 Dior Addict Huile \u00c9clat L\u00e8vres - Effet R\u00e9v\u00e9lateur de Couleur<\/p>","protected":false},"excerpt":{"rendered":"<p>\u0632\u064a\u062a \u0627\u0644\u0634\u0641\u0627\u0647 Dior Addict Lip Glow Oil \u0645\u0646 Dior \u064a\u062c\u0645\u0639 \u0628\u064a\u0646 \u0627\u0644\u0639\u0646\u0627\u064a\u0629 \u0648\u0627\u0644\u062a\u0631\u0637\u064a\u0628 \u0648\u0627\u0644\u0644\u0645\u0639\u0627\u0646 \u0627\u0644\u0641\u0627\u062e\u0631. \u062a\u0631\u0643\u064a\u0628\u062a\u0647 \u0627\u0644\u063a\u0646\u064a\u0629 \u0628\u0640 \u0632\u064a\u062a \u0627\u0644\u0643\u0631\u0632 \u0648\u0645\u0643\u0648\u0646\u0627\u062a \u0645\u063a\u0630\u064a\u0629 \u062a\u0645\u0646\u062d \u0627\u0644\u0634\u0641\u0627\u0647 \u062a\u0631\u0637\u064a\u0628\u064b\u0627 \u0641\u0648\u0631\u064a\u064b\u0627 \u064a\u062f\u0648\u0645 \u0637\u0648\u064a\u0644\u064b\u0627\u060c \u0645\u0639 \u062a\u0623\u062b\u064a\u0631 Color\u2011Awakening \u0627\u0644\u0630\u064a \u064a\u0639\u0632\u0632 \u0627\u0644\u0644\u0648\u0646 \u0627\u0644\u0637\u0628\u064a\u0639\u064a \u0644\u0644\u0634\u0641\u0627\u0647 \u0648\u064a\u0645\u0646\u062d\u0647\u0627 \u0625\u0634\u0631\u0627\u0642\u0629 \u0635\u062d\u064a\u0629. \u0645\u062a\u0648\u0641\u0631 \u0628\u0639\u062f\u0629 \u062f\u0631\u062c\u0627\u062a \u0644\u0648\u0646\u064a\u0629 \u062a\u0646\u0627\u0633\u0628 \u062c\u0645\u064a\u0639 \u0627\u0644\u0625\u0637\u0644\u0627\u0644\u0627\u062a. \u0627\u0644\u0645\u0643\u0648\u0646\u0627\u062a \u0648\u0627\u0644\u062e\u0635\u0627\u0626\u0635 \u0627\u0644\u0631\u0626\u064a\u0633\u064a\u0629: \u2022 \u0632\u064a\u062a \u0627\u0644\u0643\u0631\u0632 \u0627\u0644\u0637\u0628\u064a\u0639\u064a: \u064a\u063a\u0630\u064a \u0627\u0644\u0634\u0641\u0627\u0647 [&hellip;]<\/p>\n","protected":false},"featured_media":32991,"template":"","meta":[],"pwb-brand":[262],"product_brand":[],"product_cat":[1180,1177],"product_tag":[],"class_list":{"0":"post-32983","1":"product","2":"type-product","3":"status-publish","4":"has-post-thumbnail","6":"pwb-brand-dior","7":"product_cat-lips-gloss-makeup","8":"product_cat-lips-balm-makeup","10":"first","11":"instock","12":"shipping-taxable","13":"purchasable","14":"product-type-variable","15":"has-default-attributes","16":"wvs-archive-product-wrapper"},"brands":[{"id":262,"name":"Dior","slug":"dior"}],"_links":{"self":[{"href":"https:\/\/gopinkish.com\/fr\/wp-json\/wp\/v2\/product\/32983","targetHints":{"allow":["GET"]}}],"collection":[{"href":"https:\/\/gopinkish.com\/fr\/wp-json\/wp\/v2\/product"}],"about":[{"href":"https:\/\/gopinkish.com\/fr\/wp-json\/wp\/v2\/types\/product"}],"wp:featuredmedia":[{"embeddable":true,"href":"https:\/\/gopinkish.com\/fr\/wp-json\/wp\/v2\/media\/32991"}],"wp:attachment":[{"href":"https:\/\/gopinkish.com\/fr\/wp-json\/wp\/v2\/media?parent=32983"}],"wp:term":[{"taxonomy":"pwb-brand","embeddable":true,"href":"https:\/\/gopinkish.com\/fr\/wp-json\/wp\/v2\/pwb-brand?post=32983"},{"taxonomy":"product_brand","embeddable":true,"href":"https:\/\/gopinkish.com\/fr\/wp-json\/wp\/v2\/product_brand?post=32983"},{"taxonomy":"product_cat","embeddable":true,"href":"https:\/\/gopinkish.com\/fr\/wp-json\/wp\/v2\/product_cat?post=32983"},{"taxonomy":"product_tag","embeddable":true,"href":"https:\/\/gopinkish.com\/fr\/wp-json\/wp\/v2\/product_tag?post=32983"}],"curies":[{"name":"wp","href":"https:\/\/api.w.org\/{rel}","templated":true}]}}