{"id":32972,"date":"2025-11-11T05:34:19","date_gmt":"2025-11-11T04:34:19","guid":{"rendered":"https:\/\/gopinkish.com\/?post_type=product&#038;p=32972"},"modified":"2026-03-31T09:14:22","modified_gmt":"2026-03-31T08:14:22","slug":"3614274220704","status":"publish","type":"product","link":"https:\/\/gopinkish.com\/fr\/produit\/3614274220704\/","title":{"rendered":"Un fard \u00e0 joues liquide l\u00e9ger au fini naturel et durable"},"content":{"rendered":"<p style=\"text-align: justify;\">Le fard \u00e0 joues liquide Make Me Blush d'Yves Saint Laurent vous donne un fini sain et naturel qui dure toute la journ\u00e9e. Sa formule liquide l\u00e9g\u00e8re et hautement pigment\u00e9e se fond facilement dans la peau, permettant \u00e0 la couleur de se d\u00e9velopper d'une touche l\u00e9g\u00e8re \u00e0 un look plus audacieux.<\/p>\n<p><strong>Principaux ingr\u00e9dients et caract\u00e9ristiques :<\/strong><br \/>\n- Formule liquide innovante : S'int\u00e8gre parfaitement \u00e0 la peau sans laisser de traces.<br \/>\n- Couleur riche : Donne un \u00e9clat naturel qui convient \u00e0 toutes les carnations.<br \/>\n- Modulable : D'une touche l\u00e9g\u00e8re \u00e0 une couvrance plus intense.<br \/>\n- Tenue longue dur\u00e9e : dure des heures sans s'estomper.<br \/>\n- Texture l\u00e9g\u00e8re : Ne p\u00e8se pas sur la peau et offre un confort tout au long de la journ\u00e9e.<br \/>\n- Convient \u00e0 tous les types de peau.<\/p>\n<p><strong>Principales caract\u00e9ristiques et avantages :<\/strong><br \/>\n- Procure une rougeur naturelle et saine.<br \/>\n- L\u00e9ger et facile \u00e0 m\u00e9langer.<br \/>\n- Longue tenue, sans grumeaux ni stries.<br \/>\n- Couleur riche et d'intensit\u00e9 contr\u00f4l\u00e9e.<br \/>\n- Parfait pour les looks de tous les jours et les occasions.<\/p>\n<p dir=\"ltr\" style=\"text-align: center;\">\n\ud83c\uddec\ud83c\udde7 YSL Make Me Blush Blush liquide<br \/>\n\ud83c\uddeb\ud83c\uddf7 YSL Make Me Blush Blush Liquide<\/p>","protected":false},"excerpt":{"rendered":"<p>\u0628\u0644\u0627\u0634\u0631 Make Me Blush Liquid Blush \u0645\u0646 Yves Saint Laurent \u064a\u0645\u0646\u062d\u0643\u0650 \u0644\u0645\u0633\u0629 \u0635\u062d\u064a\u0629 \u0637\u0628\u064a\u0639\u064a\u0629 \u062a\u062f\u0648\u0645 \u0637\u0648\u0627\u0644 \u0627\u0644\u064a\u0648\u0645. \u062a\u0631\u0643\u064a\u0628\u062a\u0647 \u0627\u0644\u0633\u0627\u0626\u0644\u0629 \u062e\u0641\u064a\u0641\u0629 \u0627\u0644\u0648\u0632\u0646 \u0648\u0639\u0627\u0644\u064a\u0629 \u0627\u0644\u0635\u0628\u063a\u0629 \u062a\u0630\u0648\u0628 \u0639\u0644\u0649 \u0627\u0644\u0628\u0634\u0631\u0629 \u0628\u0633\u0647\u0648\u0644\u0629\u060c \u0645\u0645\u0627 \u064a\u0633\u0645\u062d \u0628\u0628\u0646\u0627\u0621 \u0627\u0644\u0644\u0648\u0646 \u0645\u0646 \u0644\u0645\u0633\u0629 \u062e\u0641\u064a\u0641\u0629 \u0625\u0644\u0649 \u0625\u0637\u0644\u0627\u0644\u0629 \u0623\u0643\u062b\u0631 \u062c\u0631\u0623\u0629. \u0627\u0644\u0645\u0643\u0648\u0646\u0627\u062a \u0648\u0627\u0644\u062e\u0635\u0627\u0626\u0635 \u0627\u0644\u0631\u0626\u064a\u0633\u064a\u0629: \u2022 \u062a\u0631\u0643\u064a\u0628\u0629 \u0633\u0627\u0626\u0644\u0629 \u0645\u0628\u062a\u0643\u0631\u0629: \u062a\u0646\u062f\u0645\u062c \u0628\u0633\u0644\u0627\u0633\u0629 \u0645\u0639 \u0627\u0644\u0628\u0634\u0631\u0629 \u062f\u0648\u0646 \u062e\u0637\u0648\u0637. \u2022 \u0644\u0648\u0646 \u063a\u0646\u064a: \u064a\u0645\u0646\u062d [&hellip;]<\/p>\n","protected":false},"featured_media":32977,"template":"","meta":[],"pwb-brand":[232],"product_brand":[],"product_cat":[1169],"product_tag":[],"class_list":{"0":"post-32972","1":"product","2":"type-product","3":"status-publish","4":"has-post-thumbnail","6":"pwb-brand-ysl","7":"product_cat-blush-makeup","9":"first","10":"outofstock","11":"shipping-taxable","12":"product-type-variable","13":"has-default-attributes","14":"wvs-archive-product-wrapper"},"brands":[{"id":232,"name":"Yves Saint Laurent","slug":"ysl"}],"_links":{"self":[{"href":"https:\/\/gopinkish.com\/fr\/wp-json\/wp\/v2\/product\/32972","targetHints":{"allow":["GET"]}}],"collection":[{"href":"https:\/\/gopinkish.com\/fr\/wp-json\/wp\/v2\/product"}],"about":[{"href":"https:\/\/gopinkish.com\/fr\/wp-json\/wp\/v2\/types\/product"}],"wp:featuredmedia":[{"embeddable":true,"href":"https:\/\/gopinkish.com\/fr\/wp-json\/wp\/v2\/media\/32977"}],"wp:attachment":[{"href":"https:\/\/gopinkish.com\/fr\/wp-json\/wp\/v2\/media?parent=32972"}],"wp:term":[{"taxonomy":"pwb-brand","embeddable":true,"href":"https:\/\/gopinkish.com\/fr\/wp-json\/wp\/v2\/pwb-brand?post=32972"},{"taxonomy":"product_brand","embeddable":true,"href":"https:\/\/gopinkish.com\/fr\/wp-json\/wp\/v2\/product_brand?post=32972"},{"taxonomy":"product_cat","embeddable":true,"href":"https:\/\/gopinkish.com\/fr\/wp-json\/wp\/v2\/product_cat?post=32972"},{"taxonomy":"product_tag","embeddable":true,"href":"https:\/\/gopinkish.com\/fr\/wp-json\/wp\/v2\/product_tag?post=32972"}],"curies":[{"name":"wp","href":"https:\/\/api.w.org\/{rel}","templated":true}]}}