{"id":32959,"date":"2025-11-11T05:19:39","date_gmt":"2025-11-11T04:19:39","guid":{"rendered":"https:\/\/gopinkish.com\/?post_type=product&#038;p=32959"},"modified":"2026-04-06T22:01:05","modified_gmt":"2026-04-06T21:01:05","slug":"6294018406129","status":"publish","type":"product","link":"https:\/\/gopinkish.com\/fr\/produit\/6294018406129\/","title":{"rendered":"Blush cr\u00e8me double teinte rose naturel et p\u00eache \u2013 Format voyage"},"content":{"rendered":"<p style=\"text-align: justify;\">Le duo de blush Baby Blush \u2013 Pink &amp; Peach de Huda Beauty associe deux teintes distinctes\u00a0: Cotton Candy (rose clair) et Peach Sorbet (p\u00eache douce), pour un teint \u00e9clatant et personnalisable. Sa formule cr\u00e9meuse Blush Filter se fond parfaitement \u00e0 la peau, offrant un effet flout\u00e9 naturel, sans filtre.<\/p>\n<p><strong>Principaux ingr\u00e9dients et caract\u00e9ristiques :<\/strong><br \/>\n- Deux teintes compl\u00e9mentaires : Rose clair + P\u00eache douce.<br \/>\n- Formule du filtre fard \u00e0 joues : cr\u00e9meux, facile \u00e0 estomper.<br \/>\n- Effet a\u00e9rographe : donne un \u00e9clat naturel et une texture douce.<br \/>\n- Personnalisable : Les deux teintes peuvent \u00eatre combin\u00e9es ou chaque couleur peut \u00eatre utilis\u00e9e individuellement.<br \/>\n- Convient \u00e0 toutes les couleurs de peau.<\/p>\n<p><strong>Principales caract\u00e9ristiques et avantages :<\/strong><br \/>\n- Procure un \u00e9clat sain et naturel.<br \/>\n- Formule cr\u00e9meuse, facile \u00e0 estomper.<br \/>\n- Parfait pour tous les jours ou pour les occasions.<br \/>\n- Deux teintes qui peuvent \u00eatre combin\u00e9es pour un look unique.<br \/>\n- Ne provoque pas de s\u00e9cheresse ni de formation de grumeaux.<\/p>\n<p dir=\"ltr\" style=\"text-align: center;\">\ud83c\uddec\ud83c\udde7 Huda Beauty Baby Blush Duo - Pink &amp; Peach (Cotton Candy + Peach Sorbet)<br \/>\n\ud83c\uddeb\ud83c\uddf7 Huda Beauty Baby Blush Duo - Rose &amp; P\u00eache (Cotton Candy + Peach Sorbet)<\/p>","protected":false},"excerpt":{"rendered":"<p>\u0628\u0644\u0627\u0634\u0631 Baby Blush Duo \u2013 Pink &amp; Peach \u0645\u0646 Huda Beauty \u064a\u062c\u0645\u0639 \u0628\u064a\u0646 \u062f\u0631\u062c\u062a\u064a\u0646 \u0645\u0645\u064a\u0632\u062a\u064a\u0646: Cotton Candy (\u0648\u0631\u062f\u064a \u0641\u0627\u062a\u062d) \u0648Peach Sorbet (\u062e\u0648\u062e\u064a \u0646\u0627\u0639\u0645)\u060c \u0644\u062a\u0645\u0646\u062d\u0643\u0650 \u0625\u0637\u0644\u0627\u0644\u0629 \u0645\u062a\u0648\u0647\u062c\u0629 \u0642\u0627\u0628\u0644\u0629 \u0644\u0644\u062a\u062e\u0635\u064a\u0635. \u062a\u0631\u0643\u064a\u0628\u0629 Blush Filter \u0627\u0644\u0643\u0631\u064a\u0645\u064a\u0629 \u062a\u0645\u062a\u0632\u062c \u0628\u0633\u0647\u0648\u0644\u0629 \u0645\u0639 \u0627\u0644\u0628\u0634\u0631\u0629\u060c \u0644\u062a\u0645\u0646\u062d \u062a\u0623\u062b\u064a\u0631\u064b\u0627 \u0637\u0628\u064a\u0639\u064a\u064b\u0627 \u064a\u0634\u0628\u0647 &#8220;Airbrushed&#8221; \u0628\u062f\u0648\u0646 \u0641\u0644\u062a\u0631. \u0627\u0644\u0645\u0643\u0648\u0646\u0627\u062a \u0648\u0627\u0644\u062e\u0635\u0627\u0626\u0635 \u0627\u0644\u0631\u0626\u064a\u0633\u064a\u0629: \u2022 \u062f\u0631\u062c\u062a\u0627\u0646 \u0645\u062a\u0643\u0627\u0645\u0644\u062a\u0627\u0646: \u0648\u0631\u062f\u064a \u0641\u0627\u062a\u062d + \u062e\u0648\u062e\u064a \u0646\u0627\u0639\u0645. \u2022 [&hellip;]<\/p>\n","protected":false},"featured_media":32968,"template":"","meta":[],"pwb-brand":[1476],"product_brand":[],"product_cat":[1169],"product_tag":[],"class_list":{"0":"post-32959","1":"product","2":"type-product","3":"status-publish","4":"has-post-thumbnail","6":"pwb-brand-huda-beauty","7":"product_cat-blush-makeup","9":"first","10":"outofstock","11":"shipping-taxable","12":"product-type-variable","13":"has-default-attributes","14":"wvs-archive-product-wrapper"},"brands":[{"id":1476,"name":"Huda Beauty","slug":"beaute-huda"}],"_links":{"self":[{"href":"https:\/\/gopinkish.com\/fr\/wp-json\/wp\/v2\/product\/32959","targetHints":{"allow":["GET"]}}],"collection":[{"href":"https:\/\/gopinkish.com\/fr\/wp-json\/wp\/v2\/product"}],"about":[{"href":"https:\/\/gopinkish.com\/fr\/wp-json\/wp\/v2\/types\/product"}],"wp:featuredmedia":[{"embeddable":true,"href":"https:\/\/gopinkish.com\/fr\/wp-json\/wp\/v2\/media\/32968"}],"wp:attachment":[{"href":"https:\/\/gopinkish.com\/fr\/wp-json\/wp\/v2\/media?parent=32959"}],"wp:term":[{"taxonomy":"pwb-brand","embeddable":true,"href":"https:\/\/gopinkish.com\/fr\/wp-json\/wp\/v2\/pwb-brand?post=32959"},{"taxonomy":"product_brand","embeddable":true,"href":"https:\/\/gopinkish.com\/fr\/wp-json\/wp\/v2\/product_brand?post=32959"},{"taxonomy":"product_cat","embeddable":true,"href":"https:\/\/gopinkish.com\/fr\/wp-json\/wp\/v2\/product_cat?post=32959"},{"taxonomy":"product_tag","embeddable":true,"href":"https:\/\/gopinkish.com\/fr\/wp-json\/wp\/v2\/product_tag?post=32959"}],"curies":[{"name":"wp","href":"https:\/\/api.w.org\/{rel}","templated":true}]}}