{"id":32797,"date":"2025-10-22T19:47:23","date_gmt":"2025-10-22T18:47:23","guid":{"rendered":"https:\/\/gopinkish.com\/?post_type=product&#038;p=32797"},"modified":"2026-04-16T01:29:19","modified_gmt":"2026-04-16T00:29:19","slug":"689304361262","status":"publish","type":"product","link":"https:\/\/gopinkish.com\/fr\/produit\/689304361262\/","title":{"rendered":"Un fond de teint mat luxueux au fini naturel et \u00e0 la couvrance modulable."},"content":{"rendered":"<p><!--StartFragment --><\/p>\n<p style=\"text-align: justify;\">Le fond de teint mat \u201dseconde peau\u201d Anastasia Beverly Hills Impeccable Blurring Blurring Second-Skin Matte Foundation offre une couvrance moyenne \u00e0 compl\u00e8te avec un fini mat velout\u00e9 qui donne l'impression d'\u00eatre une \"seconde peau\". Sa formule l\u00e9g\u00e8re estompe les imperfections, contr\u00f4le la brillance et unifie le teint avec une tenue allant jusqu'\u00e0 12 heures.<\/p>\n<p style=\"text-align: justify;\"><strong>Principaux ingr\u00e9dients et caract\u00e9ristiques :<\/strong><\/p>\n<p style=\"text-align: justify;\">- Effet flou : estompe les pores et les imperfections pour une surface de peau lisse.<br \/>\n- Couvrance moyenne \u00e0 compl\u00e8te : Peut s'\u00e9toffer selon les besoins.<br \/>\n- Un fini mat et velout\u00e9 : Minimise la brillance et cr\u00e9e un fini d'apparence naturelle.<br \/>\n- Stabilit\u00e9 longue dur\u00e9e jusqu'\u00e0 12 heures.<br \/>\n- R\u00e9sistant \u00e0 l'eau et \u00e0 la transpiration.<br \/>\n- Sans huiles ni parab\u00e8nes.<\/p>\n<p style=\"text-align: justify;\"><strong>Principales caract\u00e9ristiques et avantages :<\/strong><br \/>\n- Masque efficacement les imperfections et les pores.<br \/>\n- Offre une couverture personnalisable de normale \u00e0 compl\u00e8te.<br \/>\n- Contr\u00f4le la brillance tout au long de la journ\u00e9e.<br \/>\n- Tient jusqu'\u00e0 12 heures sans faire de paquets.<br \/>\n- Convient \u00e0 tous les types de peau, en particulier aux peaux mixtes et grasses.<\/p>\n<p dir=\"ltr\" style=\"text-align: center;\">\ud83c\uddec\ud83c\udde7 Anastasia Beverly Hills Impeccable Blurring Second-Skin Matte Foundation<br \/>\n\ud83c\uddeb\ud83c\uddf7 Anastasia Beverly Hills Fond de Teint Mat Seconde Peau Floutant Impeccable<\/p>\n<p><!--EndFragment --><\/p>","protected":false},"excerpt":{"rendered":"<p>\u0641\u0627\u0648\u0646\u062f\u064a\u0634\u0646 Impeccable Blurring Second\u2011Skin Matte Foundation \u0645\u0646 Anastasia Beverly Hills \u064a\u0645\u0646\u062d\u0643\u0650 \u062a\u063a\u0637\u064a\u0629 \u0645\u062a\u0648\u0633\u0637\u0629 \u0625\u0644\u0649 \u0643\u0627\u0645\u0644\u0629 \u0645\u0639 \u0644\u0645\u0633\u0629 \u0645\u0637\u0641\u064a\u0629 \u0645\u062e\u0645\u0644\u064a\u0629 \u062a\u0628\u062f\u0648 \u0643\u0640&#8221;\u0628\u0634\u0631\u0629 \u062b\u0627\u0646\u064a\u0629&#8221;. \u062a\u0631\u0643\u064a\u0628\u062a\u0647 \u062e\u0641\u064a\u0641\u0629 \u0627\u0644\u0648\u0632\u0646 \u062a\u0639\u0645\u0644 \u0639\u0644\u0649 \u062a\u0645\u0648\u064a\u0647 \u0627\u0644\u0639\u064a\u0648\u0628\u060c \u0627\u0644\u062a\u062d\u0643\u0645 \u0641\u064a \u0627\u0644\u0644\u0645\u0639\u0627\u0646\u060c \u0648\u062a\u0648\u062d\u064a\u062f \u0644\u0648\u0646 \u0627\u0644\u0628\u0634\u0631\u0629 \u0645\u0639 \u062b\u0628\u0627\u062a \u064a\u062f\u0648\u0645 \u062d\u062a\u0649 12 \u0633\u0627\u0639\u0629. \u0627\u0644\u0645\u0643\u0648\u0646\u0627\u062a \u0648\u0627\u0644\u062e\u0635\u0627\u0626\u0635 \u0627\u0644\u0631\u0626\u064a\u0633\u064a\u0629: \u2022 \u062a\u0623\u062b\u064a\u0631 Blurring: \u064a\u062e\u0641\u064a \u0627\u0644\u0645\u0633\u0627\u0645 \u0648\u0627\u0644\u0639\u064a\u0648\u0628 \u0644\u0633\u0637\u062d \u0628\u0634\u0631\u0629 \u0646\u0627\u0639\u0645. \u2022 \u062a\u063a\u0637\u064a\u0629 [&hellip;]<\/p>\n","protected":false},"featured_media":32798,"template":"","meta":[],"pwb-brand":[1359],"product_brand":[],"product_cat":[1175],"product_tag":[],"class_list":{"0":"post-32797","1":"product","2":"type-product","3":"status-publish","4":"has-post-thumbnail","6":"pwb-brand-anastasia-beverly-hills","7":"product_cat-foundation-makeup","9":"first","10":"instock","11":"shipping-taxable","12":"purchasable","13":"product-type-variable","14":"has-default-attributes","15":"wvs-archive-product-wrapper"},"brands":[{"id":1359,"name":"Anastasia Beverly Hills","slug":"anastasia-beverly-hills"}],"_links":{"self":[{"href":"https:\/\/gopinkish.com\/fr\/wp-json\/wp\/v2\/product\/32797","targetHints":{"allow":["GET"]}}],"collection":[{"href":"https:\/\/gopinkish.com\/fr\/wp-json\/wp\/v2\/product"}],"about":[{"href":"https:\/\/gopinkish.com\/fr\/wp-json\/wp\/v2\/types\/product"}],"wp:featuredmedia":[{"embeddable":true,"href":"https:\/\/gopinkish.com\/fr\/wp-json\/wp\/v2\/media\/32798"}],"wp:attachment":[{"href":"https:\/\/gopinkish.com\/fr\/wp-json\/wp\/v2\/media?parent=32797"}],"wp:term":[{"taxonomy":"pwb-brand","embeddable":true,"href":"https:\/\/gopinkish.com\/fr\/wp-json\/wp\/v2\/pwb-brand?post=32797"},{"taxonomy":"product_brand","embeddable":true,"href":"https:\/\/gopinkish.com\/fr\/wp-json\/wp\/v2\/product_brand?post=32797"},{"taxonomy":"product_cat","embeddable":true,"href":"https:\/\/gopinkish.com\/fr\/wp-json\/wp\/v2\/product_cat?post=32797"},{"taxonomy":"product_tag","embeddable":true,"href":"https:\/\/gopinkish.com\/fr\/wp-json\/wp\/v2\/product_tag?post=32797"}],"curies":[{"name":"wp","href":"https:\/\/api.w.org\/{rel}","templated":true}]}}