{"id":32760,"date":"2025-10-22T19:15:37","date_gmt":"2025-10-22T18:15:37","guid":{"rendered":"https:\/\/gopinkish.com\/?post_type=product&#038;p=32760"},"modified":"2026-02-12T16:48:22","modified_gmt":"2026-02-12T15:48:22","slug":"6971053496253","status":"publish","type":"product","link":"https:\/\/gopinkish.com\/fr\/produit\/6971053496253\/","title":{"rendered":"Mascara volumateur et allongeant avec deux brosses innovantes (lavables)"},"content":{"rendered":"<p style=\"text-align: justify;\">\u0645\u0627\u0633\u0643\u0627\u0631\u0627 All\u2011In\u2011One Volume &amp; Length Mascara \u062a\u0645\u0646\u062d\u0643\u0650 \u0631\u0645\u0648\u0634\u064b\u0627 \u0623\u0643\u062b\u0631 \u0637\u0648\u0644\u064b\u0627 \u0648\u0643\u062b\u0627\u0641\u0629 \u0628\u0641\u0636\u0644 \u062a\u0631\u0643\u064a\u0628\u062a\u0647\u0627 \u0627\u0644\u0645\u0642\u0627\u0648\u0645\u0629 \u0644\u0644\u0645\u0627\u0621 \u0648\u0641\u0631\u0634\u062a\u064a\u0646 \u0645\u0628\u062a\u0643\u0631\u062a\u064a\u0646 \u0645\u0635\u0645\u0645\u062a\u064a\u0646 \u0644\u0627\u0644\u062a\u0642\u0627\u0637 \u0643\u0644 \u0631\u0645\u0634 \u0639\u0644\u0649 \u062d\u062f\u0629. \u0645\u062b\u0627\u0644\u064a\u0629 \u0644\u0644\u062d\u0635\u0648\u0644 \u0639\u0644\u0649 \u0625\u0637\u0644\u0627\u0644\u0629 \u0637\u0628\u064a\u0639\u064a\u0629 \u0646\u0647\u0627\u0631\u064a\u0629 \u0623\u0648 \u062f\u0631\u0627\u0645\u064a\u0629 \u0645\u0633\u0627\u0626\u064a\u0629 \u0628\u0645\u062c\u0631\u062f \u0637\u0628\u0642\u0627\u062a \u0625\u0636\u0627\u0641\u064a\u0629.<\/p>\n<p style=\"text-align: justify;\"><strong>Principaux ingr\u00e9dients et caract\u00e9ristiques :<\/strong><br \/>\n- Deux matelas personnalis\u00e9s :<br \/>\nBrosse 1 (courb\u00e9e) : Soul\u00e8ve et s\u00e9pare les cils avec pr\u00e9cision.<br \/>\nPinceau 2 (Hourglass) : Ajoute de l'intensit\u00e9 et du volume.<br \/>\n- Formule modulable : Permet de contr\u00f4ler l'intensit\u00e9 du look.<br \/>\n- R\u00e9sistant \u00e0 l'eau et longue dur\u00e9e : Maintient le mascara en place toute la journ\u00e9e.<br \/>\n- Sans paquets : Permet d'obtenir des cils d\u00e9finis et d'apparence naturelle.<br \/>\n\u2022 \u0645\u0646\u0627\u0633\u0628\u0629 \u0644\u062c\u0645\u064a\u0639 \u0623\u0646\u0648\u0627\u0639 \u0627\u0644\u0639\u064a\u0648\u0646\u060c \u062d\u062a\u0649 \u0627\u0644\u062d\u0633\u0627\u0633\u0629.<\/p>\n<p><strong>Principales caract\u00e9ristiques et avantages :<\/strong><br \/>\n- Ajoute de la longueur et du volume en une seule \u00e9tape.<br \/>\n- Deux brosses innovantes pour des r\u00e9sultats multiples.<br \/>\n- Formule longue dur\u00e9e et r\u00e9sistante \u00e0 l'eau.<br \/>\n- Ne s'\u00e9talent pas et ne s'agglutinent pas.<br \/>\n- Parfait pour les looks de tous les jours et de soir\u00e9e.<\/p>\n<p dir=\"ltr\" style=\"text-align: center;\">\u200e\ud83c\uddec\ud83c\udde7 SHEGLAM All\u2011In\u2011One Volume &amp; Length Mascara<br \/>\n\u200e\ud83c\uddeb\ud83c\uddf7 SHEGLAM Mascara All\u2011In\u2011One Volume &amp; Longueur<\/p>","protected":false},"excerpt":{"rendered":"<p>\u0645\u0627\u0633\u0643\u0627\u0631\u0627 All\u2011In\u2011One Volume &amp; Length Mascara \u062a\u0645\u0646\u062d\u0643\u0650 \u0631\u0645\u0648\u0634\u064b\u0627 \u0623\u0643\u062b\u0631 \u0637\u0648\u0644\u064b\u0627 \u0648\u0643\u062b\u0627\u0641\u0629 \u0628\u0641\u0636\u0644 \u062a\u0631\u0643\u064a\u0628\u062a\u0647\u0627 \u0627\u0644\u0645\u0642\u0627\u0648\u0645\u0629 \u0644\u0644\u0645\u0627\u0621 \u0648\u0641\u0631\u0634\u062a\u064a\u0646 \u0645\u0628\u062a\u0643\u0631\u062a\u064a\u0646 \u0645\u0635\u0645\u0645\u062a\u064a\u0646 \u0644\u0627\u0644\u062a\u0642\u0627\u0637 \u0643\u0644 \u0631\u0645\u0634 \u0639\u0644\u0649 \u062d\u062f\u0629. \u0645\u062b\u0627\u0644\u064a\u0629 \u0644\u0644\u062d\u0635\u0648\u0644 \u0639\u0644\u0649 \u0625\u0637\u0644\u0627\u0644\u0629 \u0637\u0628\u064a\u0639\u064a\u0629 \u0646\u0647\u0627\u0631\u064a\u0629 \u0623\u0648 \u062f\u0631\u0627\u0645\u064a\u0629 \u0645\u0633\u0627\u0626\u064a\u0629 \u0628\u0645\u062c\u0631\u062f \u0637\u0628\u0642\u0627\u062a \u0625\u0636\u0627\u0641\u064a\u0629. \u0627\u0644\u0645\u0643\u0648\u0646\u0627\u062a \u0648\u0627\u0644\u062e\u0635\u0627\u0626\u0635 \u0627\u0644\u0631\u0626\u064a\u0633\u064a\u0629: \u2022 \u0641\u0631\u0634\u062a\u0627\u0646 \u0645\u062e\u0635\u0635\u062a\u0627\u0646: Brush 1 (\u0645\u0646\u062d\u0646\u064a\u0629): \u062a\u0631\u0641\u0639 \u0627\u0644\u0631\u0645\u0648\u0634 \u0648\u062a\u0641\u0635\u0644\u0647\u0627 \u0628\u062f\u0642\u0629. Brush 2 (\u0633\u0627\u0639\u0629 \u0631\u0645\u0644\u064a\u0629): \u062a\u0636\u064a\u0641 \u0643\u062b\u0627\u0641\u0629 \u0648\u062d\u062c\u0645\u064b\u0627 [&hellip;]<\/p>\n","protected":false},"featured_media":32778,"template":"","meta":[],"pwb-brand":[709],"product_brand":[],"product_cat":[1189],"product_tag":[],"class_list":{"0":"post-32760","1":"product","2":"type-product","3":"status-publish","4":"has-post-thumbnail","6":"pwb-brand-sheglam","7":"product_cat-eyes-mascara","9":"first","10":"outofstock","11":"shipping-taxable","12":"product-type-variable","13":"has-default-attributes","14":"wvs-archive-product-wrapper"},"brands":[{"id":709,"name":"Sheglam","slug":"sheglam"}],"_links":{"self":[{"href":"https:\/\/gopinkish.com\/fr\/wp-json\/wp\/v2\/product\/32760","targetHints":{"allow":["GET"]}}],"collection":[{"href":"https:\/\/gopinkish.com\/fr\/wp-json\/wp\/v2\/product"}],"about":[{"href":"https:\/\/gopinkish.com\/fr\/wp-json\/wp\/v2\/types\/product"}],"wp:featuredmedia":[{"embeddable":true,"href":"https:\/\/gopinkish.com\/fr\/wp-json\/wp\/v2\/media\/32778"}],"wp:attachment":[{"href":"https:\/\/gopinkish.com\/fr\/wp-json\/wp\/v2\/media?parent=32760"}],"wp:term":[{"taxonomy":"pwb-brand","embeddable":true,"href":"https:\/\/gopinkish.com\/fr\/wp-json\/wp\/v2\/pwb-brand?post=32760"},{"taxonomy":"product_brand","embeddable":true,"href":"https:\/\/gopinkish.com\/fr\/wp-json\/wp\/v2\/product_brand?post=32760"},{"taxonomy":"product_cat","embeddable":true,"href":"https:\/\/gopinkish.com\/fr\/wp-json\/wp\/v2\/product_cat?post=32760"},{"taxonomy":"product_tag","embeddable":true,"href":"https:\/\/gopinkish.com\/fr\/wp-json\/wp\/v2\/product_tag?post=32760"}],"curies":[{"name":"wp","href":"https:\/\/api.w.org\/{rel}","templated":true}]}}