{"id":32733,"date":"2025-10-22T17:07:19","date_gmt":"2025-10-22T16:07:19","guid":{"rendered":"https:\/\/gopinkish.com\/?post_type=product&#038;p=32733"},"modified":"2026-04-21T19:19:29","modified_gmt":"2026-04-21T18:19:29","slug":"8886467020094","status":"publish","type":"product","link":"https:\/\/gopinkish.com\/fr\/produit\/8886467020094\/","title":{"rendered":"Une cr\u00e8me hydratante l\u00e9g\u00e8re pour le visage et le corps au toucher doux"},"content":{"rendered":"<p><!--StartFragment --><\/p>\n<p style=\"text-align: justify;\">Cr\u00e8me <strong>Cr\u00e8me de beaut\u00e9 Body Love<\/strong> Donne \u00e0 votre peau <strong>Jusqu'\u00e0 24 heures d'hydratation<\/strong> Gr\u00e2ce \u00e0 sa formule l\u00e9g\u00e8re et \u00e0 absorption rapide. Adapt\u00e9 au visage, aux mains et au corps, il laisse la peau douce et soyeuse sans sensation de gras, avec un parfum luxueux qui procure une sensation de fra\u00eecheur.<\/p>\n<p style=\"text-align: justify;\"><strong>Principaux ingr\u00e9dients et caract\u00e9ristiques :<\/strong><\/p>\n<p style=\"text-align: justify;\"><strong>- Formule l\u00e9g\u00e8re<\/strong>: Absorbe rapidement et ne laisse aucun r\u00e9sidu gras.<br \/>\n\u2022 <strong>Hydratation 24 heures<\/strong>: La peau reste douce et lisse tout au long de la journ\u00e9e.<br \/>\n\u2022 <strong>Convient au visage, au corps et aux mains<\/strong>: Entretien polyvalent.<br \/>\n\u2022 <strong>Un parfum luxueux<\/strong>: Offre une exp\u00e9rience agr\u00e9able \u00e0 l'utilisateur.<br \/>\n\u2022 <strong>Laboratoire dermatologique<\/strong> Convient aux peaux normales \u00e0 s\u00e8ches.<br \/>\n\u2022 <strong>Sans cruaut\u00e9 et certifi\u00e9 par la PETA<\/strong>.<\/p>\n<p style=\"text-align: justify;\"><strong>Principales caract\u00e9ristiques et avantages :<\/strong><br \/>\n- Hydrate la peau et la rend soyeuse.<br \/>\n- Id\u00e9al pour les peaux normales et s\u00e8ches.<br \/>\n- Texture l\u00e9g\u00e8re, \u00e0 absorption rapide.<br \/>\n- Convient \u00e0 un usage quotidien sur tout le corps.<br \/>\n- Procure un parfum frais qui dure.<\/p>\n<p dir=\"ltr\" style=\"text-align: center;\">\ud83c\uddec\ud83c\udde7 Dove Body Love Cr\u00e8me de beaut\u00e9 pour le visage et le corps<br \/>\n\ud83c\uddeb\ud83c\uddf7 Dove Body Love Cr\u00e8me de Beaut\u00e9 Visage &amp; Corps<\/p>\n<p><!--EndFragment --><\/p>","protected":false},"excerpt":{"rendered":"<p>\u0643\u0631\u064a\u0645 Body Love Beauty Cream \u064a\u0645\u0646\u062d \u0628\u0634\u0631\u062a\u0643\u0650 \u062a\u0631\u0637\u064a\u0628\u064b\u0627 \u064a\u062f\u0648\u0645 \u062d\u062a\u0649 24 \u0633\u0627\u0639\u0629 \u0628\u0641\u0636\u0644 \u062a\u0631\u0643\u064a\u0628\u062a\u0647 \u0627\u0644\u062e\u0641\u064a\u0641\u0629 \u0648\u0627\u0644\u0633\u0631\u064a\u0639\u0629 \u0627\u0644\u0627\u0645\u062a\u0635\u0627\u0635. \u0645\u0646\u0627\u0633\u0628 \u0644\u0644\u0648\u062c\u0647\u060c \u0627\u0644\u064a\u062f\u064a\u0646 \u0648\u0627\u0644\u062c\u0633\u0645\u060c \u0648\u064a\u062a\u0631\u0643 \u0627\u0644\u0628\u0634\u0631\u0629 \u0646\u0627\u0639\u0645\u0629 \u0648\u062d\u0631\u064a\u0631\u064a\u0629 \u062f\u0648\u0646 \u0645\u0644\u0645\u0633 \u062f\u0647\u0646\u064a\u060c \u0645\u0639 \u0639\u0637\u0631 \u0641\u0627\u062e\u0631 \u064a\u0636\u0641\u064a \u0625\u062d\u0633\u0627\u0633\u064b\u0627 \u0628\u0627\u0644\u0627\u0646\u062a\u0639\u0627\u0634. \u0627\u0644\u0645\u0643\u0648\u0646\u0627\u062a \u0648\u0627\u0644\u062e\u0635\u0627\u0626\u0635 \u0627\u0644\u0631\u0626\u064a\u0633\u064a\u0629: \u2022 \u062a\u0631\u0643\u064a\u0628\u0629 \u062e\u0641\u064a\u0641\u0629 \u0627\u0644\u0648\u0632\u0646: \u062a\u0645\u062a\u0635 \u0628\u0633\u0631\u0639\u0629 \u0648\u0644\u0627 \u062a\u062a\u0631\u0643 \u0628\u0642\u0627\u064a\u0627 \u062f\u0647\u0646\u064a\u0629. \u2022 \u062a\u0631\u0637\u064a\u0628 24 \u0633\u0627\u0639\u0629: \u064a\u062d\u0627\u0641\u0638 \u0639\u0644\u0649 \u0646\u0639\u0648\u0645\u0629 \u0627\u0644\u0628\u0634\u0631\u0629 [&hellip;]<\/p>\n","protected":false},"featured_media":32735,"template":"","meta":[],"pwb-brand":[466],"product_brand":[],"product_cat":[1121,1137],"product_tag":[697],"class_list":{"0":"post-32733","1":"product","2":"type-product","3":"status-publish","4":"has-post-thumbnail","6":"pwb-brand-dove","7":"product_cat-face-moist","8":"product_cat-body-moist","9":"product_tag-moisturizing","11":"first","12":"outofstock","13":"shipping-taxable","14":"product-type-variable","15":"has-default-attributes","16":"wvs-archive-product-wrapper"},"brands":[{"id":466,"name":"Dove","slug":"colombe"}],"_links":{"self":[{"href":"https:\/\/gopinkish.com\/fr\/wp-json\/wp\/v2\/product\/32733","targetHints":{"allow":["GET"]}}],"collection":[{"href":"https:\/\/gopinkish.com\/fr\/wp-json\/wp\/v2\/product"}],"about":[{"href":"https:\/\/gopinkish.com\/fr\/wp-json\/wp\/v2\/types\/product"}],"wp:featuredmedia":[{"embeddable":true,"href":"https:\/\/gopinkish.com\/fr\/wp-json\/wp\/v2\/media\/32735"}],"wp:attachment":[{"href":"https:\/\/gopinkish.com\/fr\/wp-json\/wp\/v2\/media?parent=32733"}],"wp:term":[{"taxonomy":"pwb-brand","embeddable":true,"href":"https:\/\/gopinkish.com\/fr\/wp-json\/wp\/v2\/pwb-brand?post=32733"},{"taxonomy":"product_brand","embeddable":true,"href":"https:\/\/gopinkish.com\/fr\/wp-json\/wp\/v2\/product_brand?post=32733"},{"taxonomy":"product_cat","embeddable":true,"href":"https:\/\/gopinkish.com\/fr\/wp-json\/wp\/v2\/product_cat?post=32733"},{"taxonomy":"product_tag","embeddable":true,"href":"https:\/\/gopinkish.com\/fr\/wp-json\/wp\/v2\/product_tag?post=32733"}],"curies":[{"name":"wp","href":"https:\/\/api.w.org\/{rel}","templated":true}]}}