{"id":32700,"date":"2025-10-05T15:23:17","date_gmt":"2025-10-05T14:23:17","guid":{"rendered":"https:\/\/gopinkish.com\/?post_type=product&#038;p=32700"},"modified":"2026-03-29T14:42:02","modified_gmt":"2026-03-29T13:42:02","slug":"4987176311405","status":"publish","type":"product","link":"https:\/\/gopinkish.com\/fr\/produit\/4987176311405\/","title":{"rendered":"Rasoir pour femmes avec trois lames et une cr\u00e8me hydratante int\u00e9gr\u00e9e"},"content":{"rendered":"<p><!--StartFragment --><\/p>\n<p>Rasoir pour femmes <strong>Venus ComfortGlide<\/strong> Vous assure un rasage doux et confortable gr\u00e2ce \u00e0 sa conception avec <strong>Bandes de gel combin\u00e9es \u00e0 un parfum de th\u00e9 blanc<\/strong>. Ces bandes cr\u00e9ent une mousse l\u00e9g\u00e8re au contact de l'eau, ce qui \u00e9limine le besoin d'un gel de rasage s\u00e9par\u00e9 et rend l'exp\u00e9rience beaucoup plus facile et douce.<\/p>\n<p><strong>Principaux ingr\u00e9dients et caract\u00e9ristiques :<\/strong><\/p>\n<p><strong>- 3 lames de pr\u00e9cision<\/strong>: Pour un rasage de pr\u00e8s et en douceur.<br \/>\n\u2022 <strong>Bandes de gel combin\u00e9es \u00e0 un parfum de th\u00e9 blanc<\/strong>: Hydrate et prot\u00e8ge contre les irritations.<br \/>\n\u2022 <strong>Poign\u00e9e ergonomique antid\u00e9rapante<\/strong>: Meilleur contr\u00f4le lors de l'utilisation.<br \/>\n\u2022 <strong>Conception flexible<\/strong>: S'adapte aux courbes du corps.<br \/>\n\u2022 <strong>R\u00e9utilisable<\/strong>: Les lames sont interchangeables avec toutes les t\u00eates Venus (sauf Simply Venus et Venus Pubic Hair).<\/p>\n<p>Principales caract\u00e9ristiques et avantages :<br \/>\n- Un rasage doux et confortable en un seul passage.<br \/>\n- Un hydratant int\u00e9gr\u00e9 qui \u00e9limine le besoin de gel de rasage.<br \/>\n- Minimise l'irritation et la s\u00e9cheresse.<br \/>\n- Pratique et facile \u00e0 utiliser dans la salle de bains.<br \/>\n- Dure jusqu'\u00e0 30 jours de rasage en douceur (selon l'utilisation).<\/p>\n<p dir=\"ltr\" style=\"text-align: center;\">\ud83c\uddec\ud83c\udde7 Rasoir Gillette Venus ComfortGlide au th\u00e9 blanc<br \/>\n\ud83c\uddeb\ud83c\uddf7 Gillette Venus ComfortGlide Rasoir Femme Th\u00e9 Blanc<\/p>\n<p><!--EndFragment --><\/p>","protected":false},"excerpt":{"rendered":"<p>\u0622\u0644\u0629 \u0627\u0644\u062d\u0644\u0627\u0642\u0629 \u0627\u0644\u0646\u0633\u0627\u0626\u064a\u0629 Venus ComfortGlide \u062a\u0645\u0646\u062d\u0643\u0650 \u062d\u0644\u0627\u0642\u0629 \u0646\u0627\u0639\u0645\u0629 \u0648\u0645\u0631\u064a\u062d\u0629 \u0628\u0641\u0636\u0644 \u062a\u0635\u0645\u064a\u0645\u0647\u0627 \u0627\u0644\u0645\u0632\u0648\u062f \u0628\u0640 \u0634\u0631\u0627\u0626\u0637 \u062c\u0644 \u0645\u062f\u0645\u062c\u0629 \u0645\u0639 \u0639\u0637\u0631 \u0627\u0644\u0634\u0627\u064a \u0627\u0644\u0623\u0628\u064a\u0636. \u0647\u0630\u0647 \u0627\u0644\u0634\u0631\u0627\u0626\u0637 \u062a\u064f\u0643\u0648\u0651\u0646 \u0631\u063a\u0648\u0629 \u062e\u0641\u064a\u0641\u0629 \u0639\u0646\u062f \u0645\u0644\u0627\u0645\u0633\u0629 \u0627\u0644\u0645\u0627\u0621\u060c \u0645\u0627 \u064a\u063a\u0646\u064a\u0643\u0650 \u0639\u0646 \u0627\u0633\u062a\u062e\u062f\u0627\u0645 \u062c\u0644 \u0627\u0644\u062d\u0644\u0627\u0642\u0629 \u0627\u0644\u0645\u0646\u0641\u0635\u0644\u060c \u0648\u064a\u062c\u0639\u0644 \u0627\u0644\u062a\u062c\u0631\u0628\u0629 \u0623\u0643\u062b\u0631 \u0633\u0647\u0648\u0644\u0629 \u0648\u0633\u0644\u0627\u0633\u0629. \u0627\u0644\u0645\u0643\u0648\u0646\u0627\u062a \u0648\u0627\u0644\u062e\u0635\u0627\u0626\u0635 \u0627\u0644\u0631\u0626\u064a\u0633\u064a\u0629: \u2022 3 \u0634\u0641\u0631\u0627\u062a \u062f\u0642\u064a\u0642\u0629: \u0644\u062d\u0644\u0627\u0642\u0629 \u0642\u0631\u064a\u0628\u0629 \u0648\u0646\u0627\u0639\u0645\u0629. \u2022 \u0634\u0631\u0627\u0626\u0637 \u062c\u0644 \u0645\u062f\u0645\u062c\u0629 \u0645\u0639 [&hellip;]<\/p>\n","protected":false},"featured_media":32705,"template":"","meta":[],"pwb-brand":[457],"product_brand":[],"product_cat":[1232],"product_tag":[],"class_list":{"0":"post-32700","1":"product","2":"type-product","3":"status-publish","4":"has-post-thumbnail","6":"pwb-brand-gillette","7":"product_cat-epilation","9":"first","10":"instock","11":"shipping-taxable","12":"purchasable","13":"product-type-simple"},"brands":[{"id":457,"name":"Gillette","slug":"gillette"}],"_links":{"self":[{"href":"https:\/\/gopinkish.com\/fr\/wp-json\/wp\/v2\/product\/32700","targetHints":{"allow":["GET"]}}],"collection":[{"href":"https:\/\/gopinkish.com\/fr\/wp-json\/wp\/v2\/product"}],"about":[{"href":"https:\/\/gopinkish.com\/fr\/wp-json\/wp\/v2\/types\/product"}],"wp:featuredmedia":[{"embeddable":true,"href":"https:\/\/gopinkish.com\/fr\/wp-json\/wp\/v2\/media\/32705"}],"wp:attachment":[{"href":"https:\/\/gopinkish.com\/fr\/wp-json\/wp\/v2\/media?parent=32700"}],"wp:term":[{"taxonomy":"pwb-brand","embeddable":true,"href":"https:\/\/gopinkish.com\/fr\/wp-json\/wp\/v2\/pwb-brand?post=32700"},{"taxonomy":"product_brand","embeddable":true,"href":"https:\/\/gopinkish.com\/fr\/wp-json\/wp\/v2\/product_brand?post=32700"},{"taxonomy":"product_cat","embeddable":true,"href":"https:\/\/gopinkish.com\/fr\/wp-json\/wp\/v2\/product_cat?post=32700"},{"taxonomy":"product_tag","embeddable":true,"href":"https:\/\/gopinkish.com\/fr\/wp-json\/wp\/v2\/product_tag?post=32700"}],"curies":[{"name":"wp","href":"https:\/\/api.w.org\/{rel}","templated":true}]}}