{"id":32695,"date":"2025-10-10T14:51:10","date_gmt":"2025-10-10T13:51:10","guid":{"rendered":"https:\/\/gopinkish.com\/?post_type=product&#038;p=32695"},"modified":"2025-10-22T15:09:22","modified_gmt":"2025-10-22T14:09:22","slug":"8720289262709","status":"publish","type":"product","link":"https:\/\/gopinkish.com\/fr\/produit\/8720289262709\/","title":{"rendered":"Cr\u00e8me corporelle hydratante et nourrissante \u00e0 la noix de coco pour la peau"},"content":{"rendered":"<p><!--StartFragment --><\/p>\n<p style=\"text-align: justify;\">Cr\u00e8me corporelle \u00e0 la noix de coco pour la peau <strong>Hydratation en profondeur<\/strong> Il redonne douceur et \u00e9lasticit\u00e9 gr\u00e2ce \u00e0 une formule enrichie en <strong>Noix de coco<\/strong> et de beurre de karit\u00e9. Sa texture cr\u00e9meuse fond facilement sur la peau sans laisser de sensation de gras, la laissant douce et lisse avec un parfum frais et tropical.<\/p>\n<p style=\"text-align: justify;\"><strong>Principales caract\u00e9ristiques et avantages :<\/strong><br \/>\n- Hydrate la peau s\u00e8che et la rend soyeuse.<br \/>\n- Enrichi d'extrait de noix de coco et de beurre de karit\u00e9 nourrissant.<br \/>\n- Texture cr\u00e9meuse, non grasse et \u00e0 absorption rapide.<br \/>\n- Procure un parfum frais et tropical qui dure.<br \/>\n- Convient \u00e0 tous les types de peau.<br \/>\n- Le format de 200 ml est id\u00e9al pour un usage quotidien.<\/p>\n<p dir=\"ltr\" style=\"text-align: center;\">\ud83c\uddec\ud83c\udde7 Sence Cr\u00e8me corporelle \u00e0 la noix de coco<br \/>\n\ud83c\uddeb\ud83c\uddf7 Sence Cr\u00e8me Corps Noix de Coco<\/p>\n<p><!--EndFragment --><\/p>","protected":false},"excerpt":{"rendered":"<p>\u0643\u0631\u064a\u0645 \u0627\u0644\u062c\u0633\u0645 \u0628\u062c\u0648\u0632 \u0627\u0644\u0647\u0646\u062f \u064a\u0645\u0646\u062d \u0628\u0634\u0631\u062a\u0643\u0650 \u062a\u0631\u0637\u064a\u0628\u064b\u0627 \u0639\u0645\u064a\u0642\u064b\u0627 \u0648\u064a\u0639\u064a\u062f \u0644\u0647\u0627 \u0627\u0644\u0646\u0639\u0648\u0645\u0629 \u0648\u0627\u0644\u0645\u0631\u0648\u0646\u0629 \u0628\u0641\u0636\u0644 \u062a\u0631\u0643\u064a\u0628\u062a\u0647 \u0627\u0644\u063a\u0646\u064a\u0629 \u0628\u062e\u0644\u0627\u0635\u0629 \u062c\u0648\u0632 \u0627\u0644\u0647\u0646\u062f \u0648\u0632\u0628\u062f\u0629 \u0627\u0644\u0634\u064a\u0627. \u0642\u0648\u0627\u0645\u0647 \u0627\u0644\u0643\u0631\u064a\u0645\u064a \u064a\u0630\u0648\u0628 \u0628\u0633\u0647\u0648\u0644\u0629 \u0639\u0644\u0649 \u0627\u0644\u0628\u0634\u0631\u0629 \u062f\u0648\u0646 \u0623\u0646 \u064a\u062a\u0631\u0643 \u0645\u0644\u0645\u0633\u064b\u0627 \u062f\u0647\u0646\u064a\u064b\u0627\u060c \u0644\u064a\u062a\u0631\u0643\u0647\u0627 \u0646\u0627\u0639\u0645\u0629 \u0648\u0645\u0641\u0639\u0645\u0629 \u0628\u0631\u0627\u0626\u062d\u0629 \u0627\u0633\u062a\u0648\u0627\u0626\u064a\u0629 \u0645\u0646\u0639\u0634\u0629. \u0627\u0644\u0645\u064a\u0632\u0627\u062a \u0648\u0627\u0644\u0641\u0648\u0627\u0626\u062f \u0627\u0644\u0631\u0626\u064a\u0633\u064a\u0629: \u2022 \u064a\u0631\u0637\u0628 \u0627\u0644\u0628\u0634\u0631\u0629 \u0627\u0644\u062c\u0627\u0641\u0629 \u0648\u064a\u0645\u0646\u062d\u0647\u0627 \u0646\u0639\u0648\u0645\u0629 \u062d\u0631\u064a\u0631\u064a\u0629. \u2022 \u063a\u0646\u064a \u0628\u062e\u0644\u0627\u0635\u0629 \u062c\u0648\u0632 \u0627\u0644\u0647\u0646\u062f \u0648\u0632\u0628\u062f\u0629 \u0627\u0644\u0634\u064a\u0627 \u0627\u0644\u0645\u063a\u0630\u064a\u0629. [&hellip;]<\/p>\n","protected":false},"featured_media":32697,"template":"","meta":[],"pwb-brand":[462],"product_brand":[],"product_cat":[1137],"product_tag":[697],"class_list":{"0":"post-32695","1":"product","2":"type-product","3":"status-publish","4":"has-post-thumbnail","6":"pwb-brand-sence","7":"product_cat-body-moist","8":"product_tag-moisturizing","10":"first","11":"instock","12":"shipping-taxable","13":"purchasable","14":"product-type-variable","15":"has-default-attributes","16":"wvs-archive-product-wrapper"},"brands":[{"id":462,"name":"Sense","slug":"sens"}],"_links":{"self":[{"href":"https:\/\/gopinkish.com\/fr\/wp-json\/wp\/v2\/product\/32695","targetHints":{"allow":["GET"]}}],"collection":[{"href":"https:\/\/gopinkish.com\/fr\/wp-json\/wp\/v2\/product"}],"about":[{"href":"https:\/\/gopinkish.com\/fr\/wp-json\/wp\/v2\/types\/product"}],"wp:featuredmedia":[{"embeddable":true,"href":"https:\/\/gopinkish.com\/fr\/wp-json\/wp\/v2\/media\/32697"}],"wp:attachment":[{"href":"https:\/\/gopinkish.com\/fr\/wp-json\/wp\/v2\/media?parent=32695"}],"wp:term":[{"taxonomy":"pwb-brand","embeddable":true,"href":"https:\/\/gopinkish.com\/fr\/wp-json\/wp\/v2\/pwb-brand?post=32695"},{"taxonomy":"product_brand","embeddable":true,"href":"https:\/\/gopinkish.com\/fr\/wp-json\/wp\/v2\/product_brand?post=32695"},{"taxonomy":"product_cat","embeddable":true,"href":"https:\/\/gopinkish.com\/fr\/wp-json\/wp\/v2\/product_cat?post=32695"},{"taxonomy":"product_tag","embeddable":true,"href":"https:\/\/gopinkish.com\/fr\/wp-json\/wp\/v2\/product_tag?post=32695"}],"curies":[{"name":"wp","href":"https:\/\/api.w.org\/{rel}","templated":true}]}}