{"id":32691,"date":"2025-10-22T14:43:44","date_gmt":"2025-10-22T13:43:44","guid":{"rendered":"https:\/\/gopinkish.com\/?post_type=product&#038;p=32691"},"modified":"2026-05-15T19:53:37","modified_gmt":"2026-05-15T18:53:37","slug":"3600541734708","status":"publish","type":"product","link":"https:\/\/gopinkish.com\/fr\/produit\/3600541734708\/","title":{"rendered":"Cr\u00e8me corporelle nourrissante et r\u00e9paratrice pour peaux s\u00e8ches au miel"},"content":{"rendered":"<p><!--StartFragment --><\/p>\n<p style=\"text-align: justify;\">Cr\u00e8me corporelle au miel de la gamme <strong>Ultra Doux Tr\u00e9sors de Miel<\/strong> Un soin nourrissant et hydratant pour les peaux tr\u00e8s s\u00e8ches. Sa formule riche associe <strong>Trois tr\u00e9sors de la ruche<\/strong>:<\/p>\n<p><strong>- Miel <\/strong>: Nourrit et adoucit la peau.<br \/>\n\u2022 <strong>Propolis<\/strong>: Prot\u00e8ge la peau en tant que barri\u00e8re naturelle.<br \/>\n\u2022 <strong>Gel\u00e9e Royale<\/strong>: Favorise la r\u00e9g\u00e9n\u00e9ration et l'\u00e9lasticit\u00e9 de la peau.<\/p>\n<p style=\"text-align: justify;\">R\u00e9sultat : une peau plus lisse et plus r\u00e9sistante, prot\u00e9g\u00e9e du dess\u00e8chement tout au long de la journ\u00e9e.<\/p>\n<p style=\"text-align: justify;\"><strong>Principales caract\u00e9ristiques et avantages :<\/strong><br \/>\n- Hydrate en profondeur les peaux tr\u00e8s s\u00e8ches.<br \/>\n- R\u00e9parer et nourrir la peau gr\u00e2ce aux ingr\u00e9dients contenus dans le miel.<br \/>\n- La peau reste souple et douce jour apr\u00e8s jour.<br \/>\n- Une texture riche et cr\u00e9meuse, facile \u00e0 absorber.<br \/>\n- Convient \u00e0 un usage quotidien sur tout le corps.<\/p>\n<p dir=\"ltr\" style=\"text-align: center;\">\ud83c\uddec\ud83c\udde7 Garnier Ultra Doux Cr\u00e8me Corps Pot Miel - Baume R\u00e9parateur<br \/>\n\ud83c\uddeb\ud83c\uddf7 Garnier Ultra Doux Cr\u00e8me Corps Tr\u00e9sors de Miel - Beurre R\u00e9parateur<\/p>\n<p><!--EndFragment --><\/p>","protected":false},"excerpt":{"rendered":"<p>\u0643\u0631\u064a\u0645 \u0627\u0644\u062c\u0633\u0645 \u0628\u0627\u0644\u0639\u0633\u0644 \u0645\u0646 \u0645\u062c\u0645\u0648\u0639\u0629 Ultra Doux Tr\u00e9sors de Miel \u0647\u0648 \u0639\u0646\u0627\u064a\u0629 \u0645\u063a\u0630\u064a\u0629 \u0648\u0645\u064f\u0631\u0645\u0651\u0650\u0645\u0629 \u0644\u0644\u0628\u0634\u0631\u0629 \u0627\u0644\u062c\u0627\u0641\u0629 \u062c\u062f\u064b\u0627. \u062a\u0631\u0643\u064a\u0628\u062a\u0647 \u0627\u0644\u063a\u0646\u064a\u0629 \u062a\u062c\u0645\u0639 \u0628\u064a\u0646 \u062b\u0644\u0627\u062b\u0629 \u0643\u0646\u0648\u0632 \u0645\u0646 \u062e\u0644\u064a\u0629 \u0627\u0644\u0646\u062d\u0644: \u2022 \u0627\u0644\u0639\u0633\u0644 : \u064a\u063a\u0630\u064a \u0627\u0644\u0628\u0634\u0631\u0629 \u0648\u064a\u0645\u0646\u062d\u0647\u0627 \u0646\u0639\u0648\u0645\u0629. \u2022 \u0627\u0644\u0628\u0631\u0648\u0628\u0648\u0644\u064a\u0633: \u064a\u062d\u0645\u064a \u0627\u0644\u0628\u0634\u0631\u0629 \u0643\u062d\u0627\u062c\u0632 \u0637\u0628\u064a\u0639\u064a. \u2022 \u0627\u0644\u0647\u0644\u0627\u0645 \u0627\u0644\u0645\u0644\u0643\u064a (Gel\u00e9e Royale): \u064a\u0639\u0632\u0632 \u062a\u062c\u062f\u064a\u062f \u0627\u0644\u0628\u0634\u0631\u0629 \u0648\u064a\u0645\u0646\u062d\u0647\u0627 \u0645\u0631\u0648\u0646\u0629. \u0627\u0644\u0646\u062a\u064a\u062c\u0629: \u0628\u0634\u0631\u0629 \u0623\u0643\u062b\u0631 \u0646\u0639\u0648\u0645\u0629\u060c \u0645\u0631\u0648\u0646\u0629\u060c \u0648\u0645\u062d\u0645\u064a\u0629 [&hellip;]<\/p>\n","protected":false},"featured_media":32692,"template":"","meta":[],"pwb-brand":[218],"product_brand":[],"product_cat":[1137],"product_tag":[697],"class_list":{"0":"post-32691","1":"product","2":"type-product","3":"status-publish","4":"has-post-thumbnail","6":"pwb-brand-garnier","7":"product_cat-body-moist","8":"product_tag-moisturizing","10":"first","11":"outofstock","12":"shipping-taxable","13":"product-type-variable","14":"has-default-attributes","15":"wvs-archive-product-wrapper"},"brands":[{"id":218,"name":"Garnier","slug":"garnier"}],"_links":{"self":[{"href":"https:\/\/gopinkish.com\/fr\/wp-json\/wp\/v2\/product\/32691","targetHints":{"allow":["GET"]}}],"collection":[{"href":"https:\/\/gopinkish.com\/fr\/wp-json\/wp\/v2\/product"}],"about":[{"href":"https:\/\/gopinkish.com\/fr\/wp-json\/wp\/v2\/types\/product"}],"wp:featuredmedia":[{"embeddable":true,"href":"https:\/\/gopinkish.com\/fr\/wp-json\/wp\/v2\/media\/32692"}],"wp:attachment":[{"href":"https:\/\/gopinkish.com\/fr\/wp-json\/wp\/v2\/media?parent=32691"}],"wp:term":[{"taxonomy":"pwb-brand","embeddable":true,"href":"https:\/\/gopinkish.com\/fr\/wp-json\/wp\/v2\/pwb-brand?post=32691"},{"taxonomy":"product_brand","embeddable":true,"href":"https:\/\/gopinkish.com\/fr\/wp-json\/wp\/v2\/product_brand?post=32691"},{"taxonomy":"product_cat","embeddable":true,"href":"https:\/\/gopinkish.com\/fr\/wp-json\/wp\/v2\/product_cat?post=32691"},{"taxonomy":"product_tag","embeddable":true,"href":"https:\/\/gopinkish.com\/fr\/wp-json\/wp\/v2\/product_tag?post=32691"}],"curies":[{"name":"wp","href":"https:\/\/api.w.org\/{rel}","templated":true}]}}