{"id":32675,"date":"2025-10-22T14:19:24","date_gmt":"2025-10-22T13:19:24","guid":{"rendered":"https:\/\/gopinkish.com\/?post_type=product&#038;p=32675"},"modified":"2026-01-25T15:55:30","modified_gmt":"2026-01-25T14:55:30","slug":"8809576261752","status":"publish","type":"product","link":"https:\/\/gopinkish.com\/fr\/produit\/8809576261752\/","title":{"rendered":"Ampoule calmante et r\u00e9g\u00e9n\u00e9rante pour renforcer la barri\u00e8re cutan\u00e9e"},"content":{"rendered":"<p><!--StartFragment --><\/p>\n<p style=\"text-align: justify;\">\u0627\u0644\u0623\u0645\u0628\u0648\u0644 <strong>Probio-Cica Intensive Ampoule<\/strong> \u0647\u0648 \u0639\u0646\u0627\u064a\u0629 \u0645\u0631\u0643\u0632\u0629 \u0644\u0644\u0628\u0634\u0631\u0629 \u0627\u0644\u062d\u0633\u0627\u0633\u0629 \u0648\u0627\u0644\u0645\u062a\u0636\u0631\u0631\u0629\u060c \u0628\u062a\u0631\u0643\u064a\u0628\u0629 \u063a\u0646\u064a\u0629 \u0628\u0645\u0633\u062a\u062e\u0644\u0635 <strong>\u0633\u0646\u062a\u064a\u0644\u0627 \u0623\u0633\u064a\u0627\u062a\u064a\u0643\u0627 \u0627\u0644\u0645\u062e\u0645\u0631\u0629<\/strong> \u0648<strong>\u0627\u0644\u0633\u064a\u0631\u0627\u0645\u064a\u062f\u0627\u062a<\/strong>. \u064a\u0639\u0645\u0644 \u0639\u0644\u0649 \u062a\u0647\u062f\u0626\u0629 \u0627\u0644\u0628\u0634\u0631\u0629 \u0628\u0639\u0645\u0642\u060c \u062a\u0642\u0648\u064a\u0629 \u0627\u0644\u062d\u0627\u062c\u0632 \u0627\u0644\u062c\u0644\u062f\u064a\u060c \u0648\u062a\u062d\u0633\u064a\u0646 \u0645\u0631\u0648\u0646\u062a\u0647\u0627 \u0648\u0625\u0634\u0631\u0627\u0642\u062a\u0647\u0627.<\/p>\n<p style=\"text-align: justify;\"><strong>Les principaux ingr\u00e9dients :<\/strong><\/p>\n<p><strong>\u2022 \u0645\u0633\u062a\u062e\u0644\u0635 \u0633\u0646\u062a\u064a\u0644\u0627 \u0623\u0633\u064a\u0627\u062a\u064a\u0643\u0627 + TECA<\/strong>: Apaise et favorise la r\u00e9g\u00e9n\u00e9ration de la peau.<br \/>\n\u2022 <strong>Lactobacillus Ferment<\/strong>: \u064a\u062f\u0639\u0645 \u062a\u0648\u0627\u0632\u0646 \u0627\u0644\u0645\u064a\u0643\u0631\u0648\u0628\u064a\u0648\u0645 \u0648\u064a\u0642\u0648\u064a \u0627\u0644\u062f\u0641\u0627\u0639\u0627\u062a \u0627\u0644\u0637\u0628\u064a\u0639\u064a\u0629.<br \/>\n\u2022\u00a0 <strong>Ceramide NP + \u0623\u062d\u0645\u0627\u0636 \u062f\u0647\u0646\u064a\u0629<\/strong>: \u064a\u0639\u064a\u062f \u0628\u0646\u0627\u0621 \u0627\u0644\u062d\u0627\u062c\u0632 \u0627\u0644\u062c\u0644\u062f\u064a \u0648\u064a\u062d\u0627\u0641\u0638 \u0639\u0644\u0649 \u0627\u0644\u0631\u0637\u0648\u0628\u0629.<br \/>\n\u2022 <strong>Madecassic Acid, Asiaticoside, Asiatic Acid<\/strong>: \u0645\u0643\u0648\u0646\u0627\u062a \u0641\u0639\u0627\u0644\u0629 \u0644\u0625\u0635\u0644\u0627\u062d \u0627\u0644\u0628\u0634\u0631\u0629 \u0648\u062a\u0642\u0644\u064a\u0644 \u0627\u0644\u062a\u0647\u064a\u062c.<\/p>\n<p style=\"text-align: justify;\"><strong>Principales caract\u00e9ristiques et avantages :<\/strong><br \/>\n\u2022 \u062a\u0647\u062f\u0626\u0629 \u0641\u0648\u0631\u064a\u0629 \u0644\u0644\u0628\u0634\u0631\u0629 \u0627\u0644\u062d\u0633\u0627\u0633\u0629 \u0648\u0627\u0644\u0645\u062a\u0647\u064a\u062c\u0629.<br \/>\n\u2022 \u064a\u0639\u0632\u0632 \u062a\u062c\u062f\u064a\u062f \u0627\u0644\u0628\u0634\u0631\u0629 \u0648\u064a\u0642\u0648\u064a \u0627\u0644\u062d\u0627\u062c\u0632 \u0627\u0644\u062c\u0644\u062f\u064a.<br \/>\n\u2022 \u064a\u0645\u0646\u062d \u062a\u0631\u0637\u064a\u0628\u064b\u0627 \u0639\u0645\u064a\u0642\u064b\u0627 \u0648\u0644\u0645\u0639\u0627\u0646\u064b\u0627 \u0635\u062d\u064a\u064b\u0627.<br \/>\n\u2022 \u064a\u0642\u0644\u0644 \u0645\u0646 \u0627\u0644\u0627\u062d\u0645\u0631\u0627\u0631 \u0648\u064a\u062d\u0633\u0646 \u0645\u0631\u0648\u0646\u0629 \u0627\u0644\u0628\u0634\u0631\u0629.<br \/>\n- Formule v\u00e9g\u00e9talienne, sans parfum de synth\u00e8se.<br \/>\n\u2022 \u0645\u0646\u0627\u0633\u0628 \u0644\u0644\u0628\u0634\u0631\u0629 \u0627\u0644\u062c\u0627\u0641\u0629\u060c \u0627\u0644\u0639\u0627\u062f\u064a\u0629 \u0648\u0627\u0644\u0645\u062e\u062a\u0644\u0637\u0629.<br \/>\n\u2022 \u0645\u0639\u062a\u0645\u062f <strong>EWG Green Grade<\/strong> \u0648\u062e\u0627\u0644\u064d \u0645\u0646 \u0627\u0644\u0642\u0633\u0648\u0629 (Cruelty-Free).<\/p>\n<p dir=\"ltr\" style=\"text-align: center;\">\u200e\ud83c\uddec\ud83c\udde7 SKIN1004 Madagascar Centella Probio-Cica Intensive Ampoule<br \/>\n\u200e\ud83c\uddeb\ud83c\uddf7 SKIN1004 Ampoule Intensive Probio-Cica Centella de Madagascar<\/p>\n<p><!--EndFragment --><\/p>","protected":false},"excerpt":{"rendered":"<p>\u0627\u0644\u0623\u0645\u0628\u0648\u0644 Probio-Cica Intensive Ampoule \u0647\u0648 \u0639\u0646\u0627\u064a\u0629 \u0645\u0631\u0643\u0632\u0629 \u0644\u0644\u0628\u0634\u0631\u0629 \u0627\u0644\u062d\u0633\u0627\u0633\u0629 \u0648\u0627\u0644\u0645\u062a\u0636\u0631\u0631\u0629\u060c \u0628\u062a\u0631\u0643\u064a\u0628\u0629 \u063a\u0646\u064a\u0629 \u0628\u0645\u0633\u062a\u062e\u0644\u0635 \u0633\u0646\u062a\u064a\u0644\u0627 \u0623\u0633\u064a\u0627\u062a\u064a\u0643\u0627 \u0627\u0644\u0645\u062e\u0645\u0631\u0629 \u0648\u0627\u0644\u0633\u064a\u0631\u0627\u0645\u064a\u062f\u0627\u062a. \u064a\u0639\u0645\u0644 \u0639\u0644\u0649 \u062a\u0647\u062f\u0626\u0629 \u0627\u0644\u0628\u0634\u0631\u0629 \u0628\u0639\u0645\u0642\u060c \u062a\u0642\u0648\u064a\u0629 \u0627\u0644\u062d\u0627\u062c\u0632 \u0627\u0644\u062c\u0644\u062f\u064a\u060c \u0648\u062a\u062d\u0633\u064a\u0646 \u0645\u0631\u0648\u0646\u062a\u0647\u0627 \u0648\u0625\u0634\u0631\u0627\u0642\u062a\u0647\u0627. \u0627\u0644\u0645\u0643\u0648\u0646\u0627\u062a \u0627\u0644\u0631\u0626\u064a\u0633\u064a\u0629: \u2022 \u0645\u0633\u062a\u062e\u0644\u0635 \u0633\u0646\u062a\u064a\u0644\u0627 \u0623\u0633\u064a\u0627\u062a\u064a\u0643\u0627 + TECA: \u064a\u0647\u062f\u0626 \u0627\u0644\u0628\u0634\u0631\u0629 \u0648\u064a\u0639\u0632\u0632 \u062a\u062c\u062f\u064a\u062f\u0647\u0627. \u2022 Lactobacillus Ferment: \u064a\u062f\u0639\u0645 \u062a\u0648\u0627\u0632\u0646 \u0627\u0644\u0645\u064a\u0643\u0631\u0648\u0628\u064a\u0648\u0645 \u0648\u064a\u0642\u0648\u064a \u0627\u0644\u062f\u0641\u0627\u0639\u0627\u062a \u0627\u0644\u0637\u0628\u064a\u0639\u064a\u0629. \u2022\u00a0 Ceramide NP + \u0623\u062d\u0645\u0627\u0636 \u062f\u0647\u0646\u064a\u0629: [&hellip;]<\/p>\n","protected":false},"featured_media":32681,"template":"","meta":[],"pwb-brand":[1045],"product_brand":[],"product_cat":[1227],"product_tag":[696,688],"class_list":{"0":"post-32675","1":"product","2":"type-product","3":"status-publish","4":"has-post-thumbnail","6":"pwb-brand-skin1004","7":"product_cat-face-renew","8":"product_tag-dryskin","9":"product_tag-sensitive","11":"first","12":"outofstock","13":"shipping-taxable","14":"product-type-variable","15":"has-default-attributes","16":"wvs-archive-product-wrapper"},"brands":[{"id":1045,"name":"SKIN1004","slug":"peau1004"}],"_links":{"self":[{"href":"https:\/\/gopinkish.com\/fr\/wp-json\/wp\/v2\/product\/32675","targetHints":{"allow":["GET"]}}],"collection":[{"href":"https:\/\/gopinkish.com\/fr\/wp-json\/wp\/v2\/product"}],"about":[{"href":"https:\/\/gopinkish.com\/fr\/wp-json\/wp\/v2\/types\/product"}],"wp:featuredmedia":[{"embeddable":true,"href":"https:\/\/gopinkish.com\/fr\/wp-json\/wp\/v2\/media\/32681"}],"wp:attachment":[{"href":"https:\/\/gopinkish.com\/fr\/wp-json\/wp\/v2\/media?parent=32675"}],"wp:term":[{"taxonomy":"pwb-brand","embeddable":true,"href":"https:\/\/gopinkish.com\/fr\/wp-json\/wp\/v2\/pwb-brand?post=32675"},{"taxonomy":"product_brand","embeddable":true,"href":"https:\/\/gopinkish.com\/fr\/wp-json\/wp\/v2\/product_brand?post=32675"},{"taxonomy":"product_cat","embeddable":true,"href":"https:\/\/gopinkish.com\/fr\/wp-json\/wp\/v2\/product_cat?post=32675"},{"taxonomy":"product_tag","embeddable":true,"href":"https:\/\/gopinkish.com\/fr\/wp-json\/wp\/v2\/product_tag?post=32675"}],"curies":[{"name":"wp","href":"https:\/\/api.w.org\/{rel}","templated":true}]}}