{"id":32657,"date":"2025-10-22T13:54:31","date_gmt":"2025-10-22T12:54:31","guid":{"rendered":"https:\/\/gopinkish.com\/?post_type=product&#038;p=32657"},"modified":"2026-03-26T00:11:56","modified_gmt":"2026-03-25T23:11:56","slug":"6976272421086","status":"publish","type":"product","link":"https:\/\/gopinkish.com\/fr\/produit\/6976272421086\/","title":{"rendered":"Un rouge \u00e0 l\u00e8vres l\u00e9ger et durable au fini naturel"},"content":{"rendered":"<p><!--StartFragment --><\/p>\n<p style=\"text-align: justify;\">Rouge \u00e0 l\u00e8vres <strong>Teinture pour les l\u00e8vres Immortalit\u00e9<\/strong> Apporte une couleur durable et d'aspect naturel dans une formule l\u00e9g\u00e8re et non dess\u00e9chante. Offre une couvrance transparente et modulable qui ajoute une touche d'\u00e9clat et de luminosit\u00e9 avec une tenue confortable tout au long de la journ\u00e9e.<\/p>\n<p style=\"text-align: justify;\">Sa formule innovante cr\u00e9e un effet \u201cl\u00e8vres ros\u00e9es\u201d naturel, avec un fini ros\u00e9 et non collant. Parfait pour une utilisation quotidienne ou pour un look chic en soir\u00e9e, il est v\u00e9g\u00e9talien et sans cruaut\u00e9.<\/p>\n<p style=\"text-align: justify;\"><strong>Principales caract\u00e9ristiques et avantages :<\/strong><br \/>\n- Couleur naturelle de longue dur\u00e9e.<br \/>\n- Une formule l\u00e9g\u00e8re qui ne dess\u00e8che pas les l\u00e8vres.<br \/>\n- Couvercle transparent constructible.<br \/>\n- Un fini ros\u00e9 et douillet.<br \/>\n- Id\u00e9al pour un usage quotidien ou occasionnel.<br \/>\n- Formule v\u00e9g\u00e9talienne et sans cruaut\u00e9.<\/p>\n<p dir=\"ltr\" style=\"text-align: center;\">\ud83c\uddec\ud83c\udde7 SHEGLAM Teinte \u00e0 l\u00e8vres Immortalit\u00e9<br \/>\n\ud83c\uddeb\ud83c\uddf7 SHEGLAM Encre \u00e0 L\u00e8vres Immortality<\/p>\n<p><!--EndFragment --><\/p>","protected":false},"excerpt":{"rendered":"<p>\u0645\u0644\u0648\u0646 \u0627\u0644\u0634\u0641\u0627\u0647 Immortality Lip Tint \u064a\u0645\u0646\u062d \u0634\u0641\u062a\u064a\u0643\u0650 \u0644\u0648\u0646\u064b\u0627 \u0637\u0628\u064a\u0639\u064a\u064b\u0627 \u064a\u062f\u0648\u0645 \u0637\u0648\u064a\u0644\u064b\u0627 \u0628\u062a\u0631\u0643\u064a\u0628\u0629 \u062e\u0641\u064a\u0641\u0629 \u0627\u0644\u0648\u0632\u0646 \u0644\u0627 \u062a\u0633\u0628\u0628 \u062c\u0641\u0627\u0641\u064b\u0627. \u064a\u0648\u0641\u0631 \u062a\u063a\u0637\u064a\u0629 \u0634\u0641\u0627\u0641\u0629 \u0642\u0627\u0628\u0644\u0629 \u0644\u0644\u0628\u0646\u0627\u0621\u060c \u062a\u0636\u064a\u0641 \u0644\u0645\u0633\u0629 \u0645\u0646 \u0627\u0644\u062d\u064a\u0648\u064a\u0629 \u0648\u0627\u0644\u0625\u0634\u0631\u0627\u0642\u0629 \u0645\u0639 \u062b\u0628\u0627\u062a \u0645\u0631\u064a\u062d \u0637\u0648\u0627\u0644 \u0627\u0644\u064a\u0648\u0645. \u062a\u0631\u0643\u064a\u0628\u062a\u0647 \u0627\u0644\u0645\u0628\u062a\u0643\u0631\u0629 \u062a\u0645\u0646\u062d\u0643\u0650 \u062a\u0623\u062b\u064a\u0631\u064b\u0627 \u0637\u0628\u064a\u0639\u064a\u064b\u0627 \u064a\u0634\u0628\u0647 &#8220;\u0627\u0644\u0634\u0641\u0627\u0647 \u0627\u0644\u0645\u0648\u0631\u062f\u0629&#8221;\u060c \u0645\u0639 \u0644\u0645\u0633\u0629 \u0646\u0647\u0627\u0626\u064a\u0629 \u0646\u062f\u064a\u0629 \u063a\u064a\u0631 \u0644\u0632\u062c\u0629. \u0645\u062b\u0627\u0644\u064a \u0644\u0644\u0627\u0633\u062a\u062e\u062f\u0627\u0645 \u0627\u0644\u064a\u0648\u0645\u064a \u0623\u0648 \u0644\u0625\u0637\u0644\u0627\u0644\u0629 \u0645\u0633\u0627\u0626\u064a\u0629 \u0623\u0646\u064a\u0642\u0629\u060c \u0643\u0645\u0627 \u0623\u0646\u0647 [&hellip;]<\/p>\n","protected":false},"featured_media":32662,"template":"","meta":[],"pwb-brand":[709],"product_brand":[],"product_cat":[1181],"product_tag":[],"class_list":{"0":"post-32657","1":"product","2":"type-product","3":"status-publish","4":"has-post-thumbnail","6":"pwb-brand-sheglam","7":"product_cat-liquid-lipstick-makeup","9":"first","10":"outofstock","11":"shipping-taxable","12":"product-type-variable","13":"has-default-attributes","14":"wvs-archive-product-wrapper"},"brands":[{"id":709,"name":"Sheglam","slug":"sheglam"}],"_links":{"self":[{"href":"https:\/\/gopinkish.com\/fr\/wp-json\/wp\/v2\/product\/32657","targetHints":{"allow":["GET"]}}],"collection":[{"href":"https:\/\/gopinkish.com\/fr\/wp-json\/wp\/v2\/product"}],"about":[{"href":"https:\/\/gopinkish.com\/fr\/wp-json\/wp\/v2\/types\/product"}],"wp:featuredmedia":[{"embeddable":true,"href":"https:\/\/gopinkish.com\/fr\/wp-json\/wp\/v2\/media\/32662"}],"wp:attachment":[{"href":"https:\/\/gopinkish.com\/fr\/wp-json\/wp\/v2\/media?parent=32657"}],"wp:term":[{"taxonomy":"pwb-brand","embeddable":true,"href":"https:\/\/gopinkish.com\/fr\/wp-json\/wp\/v2\/pwb-brand?post=32657"},{"taxonomy":"product_brand","embeddable":true,"href":"https:\/\/gopinkish.com\/fr\/wp-json\/wp\/v2\/product_brand?post=32657"},{"taxonomy":"product_cat","embeddable":true,"href":"https:\/\/gopinkish.com\/fr\/wp-json\/wp\/v2\/product_cat?post=32657"},{"taxonomy":"product_tag","embeddable":true,"href":"https:\/\/gopinkish.com\/fr\/wp-json\/wp\/v2\/product_tag?post=32657"}],"curies":[{"name":"wp","href":"https:\/\/api.w.org\/{rel}","templated":true}]}}