{"id":32647,"date":"2025-10-22T12:48:56","date_gmt":"2025-10-22T11:48:56","guid":{"rendered":"https:\/\/gopinkish.com\/?post_type=product&#038;p=32647"},"modified":"2025-12-24T04:28:09","modified_gmt":"2025-12-24T03:28:09","slug":"8809576261622","status":"publish","type":"product","link":"https:\/\/gopinkish.com\/fr\/produit\/8809576261622\/","title":{"rendered":"SPF50 \u00c9cran solaire illuminant et unifiant le teint de la peau"},"content":{"rendered":"<p><!--StartFragment --><\/p>\n<p style=\"text-align: justify;\">Cr\u00e8me solaire <strong>Tone Brightening Tone-Up Sunscreen SPF50+ PA++++<\/strong> Il combine une protection solaire ultra-haute et un \u00e9claircissement instantan\u00e9 de la peau gr\u00e2ce \u00e0 l'effet du <strong>Tone-Up<\/strong>. Sa formule douce procure un \u00e9clat naturel avec un l\u00e9ger fini mat, ce qui le rend id\u00e9al pour une utilisation quotidienne comme derni\u00e8re \u00e9tape d'une routine de soins de la peau ou comme base de maquillage.<\/p>\n<p style=\"text-align: justify;\">Les principaux ingr\u00e9dients :<\/p>\n<p><strong>- Madawhite\u2122 (Extrait de Centella + Madecassoside)<\/strong>: Aide \u00e0 \u00e9claircir la peau et \u00e0 att\u00e9nuer les taches brunes.<br \/>\n<strong style=\"text-align: justify;\">- Extrait de centella asiatica<\/strong><span style=\"text-align: justify;\">: Apaise et favorise la r\u00e9g\u00e9n\u00e9ration de la peau.<br \/>\n<\/span><strong>- Filtres UVA\/UVB + PA++++<\/strong>: Protection \u00e0 large spectre contre les rayons nocifs du soleil.<\/p>\n<p style=\"text-align: justify;\"><strong>Principales caract\u00e9ristiques et avantages :<\/strong><br \/>\n- Tr\u00e8s haute protection SPF50+ PA++++ contre les UVA\/UVB.<br \/>\n- Effet tonifiant pour unifier et \u00e9claircir le teint.<br \/>\n- Une formule l\u00e9g\u00e8re avec un fini mat naturel.<br \/>\n- La Centella apaise la peau et att\u00e9nue les rougeurs.<br \/>\n- Parfait comme base de maquillage ou pour un usage quotidien.<br \/>\n- Convient aux peaux sensibles, v\u00e9g\u00e9talien et sans parfum de synth\u00e8se.<\/p>\n<p dir=\"ltr\" style=\"text-align: center;\">\ud83c\uddec\ud83c\udde7 Tone Brightening Tone-Up Sunscreen SPF50+ (\u00e9cran solaire \u00e9claircissant)<br \/>\n\ud83c\uddeb\ud83c\uddf7 Cr\u00e8me Solaire \u00c9claircissante Tone-Up SPF50+<\/p>\n<p><!--EndFragment --><\/p>","protected":false},"excerpt":{"rendered":"<p>\u0648\u0627\u0642\u064a \u0627\u0644\u0634\u0645\u0633 Tone Brightening Tone-Up Sunscreen SPF50+ PA++++ \u064a\u062c\u0645\u0639 \u0628\u064a\u0646 \u0627\u0644\u062d\u0645\u0627\u064a\u0629 \u0627\u0644\u0639\u0627\u0644\u064a\u0629 \u062c\u062f\u064b\u0627 \u0645\u0646 \u0623\u0634\u0639\u0629 \u0627\u0644\u0634\u0645\u0633 \u0648\u0627\u0644\u062a\u0641\u062a\u064a\u062d \u0627\u0644\u0641\u0648\u0631\u064a \u0644\u0644\u0628\u0634\u0631\u0629 \u0628\u0641\u0636\u0644 \u062a\u0623\u062b\u064a\u0631 \u0627\u0644\u0640 Tone-Up. \u062a\u0631\u0643\u064a\u0628\u062a\u0647 \u0627\u0644\u0644\u0637\u064a\u0641\u0629 \u062a\u0645\u0646\u062d \u0625\u0634\u0631\u0627\u0642\u0629 \u0637\u0628\u064a\u0639\u064a\u0629 \u0645\u0639 \u0644\u0645\u0633\u0629 \u0645\u0637\u0641\u064a\u0629 \u062e\u0641\u064a\u0641\u0629\u060c \u0645\u0645\u0627 \u064a\u062c\u0639\u0644\u0647 \u0645\u062b\u0627\u0644\u064a\u064b\u0627 \u0644\u0644\u0627\u0633\u062a\u062e\u062f\u0627\u0645 \u0627\u0644\u064a\u0648\u0645\u064a \u0643\u062e\u0637\u0648\u0629 \u0623\u062e\u064a\u0631\u0629 \u0641\u064a \u0631\u0648\u062a\u064a\u0646 \u0627\u0644\u0639\u0646\u0627\u064a\u0629 \u0623\u0648 \u0643\u0623\u0633\u0627\u0633 \u0644\u0644\u0645\u0643\u064a\u0627\u062c. \u0627\u0644\u0645\u0643\u0648\u0646\u0627\u062a \u0627\u0644\u0631\u0626\u064a\u0633\u064a\u0629: &#8211; Madawhite\u2122 (\u0645\u0633\u062a\u062e\u0644\u0635 \u0633\u0646\u062a\u064a\u0644\u0627 + \u0645\u0627\u062f\u064a\u0643\u0627\u0633\u0648\u0633\u0627\u064a\u062f): \u064a\u0633\u0627\u0639\u062f \u0639\u0644\u0649 [&hellip;]<\/p>\n","protected":false},"featured_media":32651,"template":"","meta":[],"pwb-brand":[1045],"product_brand":[],"product_cat":[1144],"product_tag":[685,763,717],"class_list":{"0":"post-32647","1":"product","2":"type-product","3":"status-publish","4":"has-post-thumbnail","6":"pwb-brand-skin1004","7":"product_cat-face-sunscreen","8":"product_tag-brightening","9":"product_tag-korean-product-2","10":"product_tag-717","12":"first","13":"outofstock","14":"shipping-taxable","15":"product-type-variable","16":"has-default-attributes","17":"wvs-archive-product-wrapper"},"brands":[{"id":1045,"name":"SKIN1004","slug":"peau1004"}],"_links":{"self":[{"href":"https:\/\/gopinkish.com\/fr\/wp-json\/wp\/v2\/product\/32647","targetHints":{"allow":["GET"]}}],"collection":[{"href":"https:\/\/gopinkish.com\/fr\/wp-json\/wp\/v2\/product"}],"about":[{"href":"https:\/\/gopinkish.com\/fr\/wp-json\/wp\/v2\/types\/product"}],"wp:featuredmedia":[{"embeddable":true,"href":"https:\/\/gopinkish.com\/fr\/wp-json\/wp\/v2\/media\/32651"}],"wp:attachment":[{"href":"https:\/\/gopinkish.com\/fr\/wp-json\/wp\/v2\/media?parent=32647"}],"wp:term":[{"taxonomy":"pwb-brand","embeddable":true,"href":"https:\/\/gopinkish.com\/fr\/wp-json\/wp\/v2\/pwb-brand?post=32647"},{"taxonomy":"product_brand","embeddable":true,"href":"https:\/\/gopinkish.com\/fr\/wp-json\/wp\/v2\/product_brand?post=32647"},{"taxonomy":"product_cat","embeddable":true,"href":"https:\/\/gopinkish.com\/fr\/wp-json\/wp\/v2\/product_cat?post=32647"},{"taxonomy":"product_tag","embeddable":true,"href":"https:\/\/gopinkish.com\/fr\/wp-json\/wp\/v2\/product_tag?post=32647"}],"curies":[{"name":"wp","href":"https:\/\/api.w.org\/{rel}","templated":true}]}}