{"id":32638,"date":"2025-10-22T12:39:18","date_gmt":"2025-10-22T11:39:18","guid":{"rendered":"https:\/\/gopinkish.com\/?post_type=product&#038;p=32638"},"modified":"2025-10-27T17:22:36","modified_gmt":"2025-10-27T16:22:36","slug":"8809576261769","status":"publish","type":"product","link":"https:\/\/gopinkish.com\/fr\/produit\/8809576261769\/","title":{"rendered":"Une cr\u00e8me riche, hydratante et nourrissante pour renforcer la barri\u00e8re cutan\u00e9e et favoriser l'\u00e9quilibre du microbiome."},"content":{"rendered":"<p><!--StartFragment --><\/p>\n<p style=\"text-align: justify;\">Cr\u00e8me <strong>SKIN1004 Madagascar Centella Probio-Cica Cr\u00e8me Enrichissante<\/strong> Cette cr\u00e8me riche et nourrissante est sp\u00e9cialement formul\u00e9e pour renforcer la barri\u00e8re cutan\u00e9e et favoriser l'\u00e9quilibre du microbiome. Sa formule dense et soyeuse offre une hydratation en profondeur sans laisser de sensation grasse ou collante, ce qui la rend id\u00e9ale pour les peaux s\u00e8ches ou irrit\u00e9es.<\/p>\n<p style=\"text-align: justify;\">Les principaux ingr\u00e9dients :<\/p>\n<p><strong>- Probio-Cica (extrait de Centella asiatica + fermentation de Lactobacillus)<\/strong>: Apaise et favorise la r\u00e9g\u00e9n\u00e9ration de la peau.<br \/>\n<strong>- C\u00e9ramide NP<\/strong>: Renforce la barri\u00e8re cutan\u00e9e et retient l'humidit\u00e9.<br \/>\n<strong>- Beurre de karit\u00e9 + huile de macadamia<\/strong>: Intens\u00e9ment hydratant et doux au toucher.<br \/>\n<strong>- Niacinamide<\/strong>: Aide \u00e0 unifier le teint et \u00e0 am\u00e9liorer l'\u00e9lasticit\u00e9 de la peau.<br \/>\n<strong>- Acides actifs de la centella (acide mad\u00e9cassique, asiaticoside, acide asiatique)<\/strong>: Soutient la r\u00e9forme et la pacification.<\/p>\n<p style=\"text-align: justify;\"><strong>Principales caract\u00e9ristiques et avantages :<\/strong><br \/>\n- Une cr\u00e8me riche qui hydrate et nourrit la peau en profondeur.<br \/>\n- Renforce la barri\u00e8re cutan\u00e9e et favorise l'\u00e9quilibre du microbiome.<br \/>\n- Apaise la peau irrit\u00e9e et r\u00e9duit les rougeurs.<br \/>\n- Am\u00e9liore l'\u00e9lasticit\u00e9 de la peau et lui donne un aspect sain.<br \/>\n- Formule v\u00e9g\u00e9talienne, sans parfum de synth\u00e8se.<br \/>\n- Convient aux peaux s\u00e8ches, sensibles et normales.<br \/>\n- Ne laisse pas de sensation grasse ou collante.<\/p>\n<p dir=\"ltr\" style=\"text-align: center;\">\ud83c\uddec\ud83c\udde7 SKIN1004 Madagascar Centella Probio-Cica Cr\u00e8me Enrichissante<br \/>\n\ud83c\uddeb\ud83c\uddf7 SKIN1004 Cr\u00e8me Enrichie Probio-Cica Centella de Madagascar<\/p>\n<p><!--EndFragment --><\/p>","protected":false},"excerpt":{"rendered":"<p>\u0643\u0631\u064a\u0645 SKIN1004 Madagascar Centella Probio-Cica Enrich Cream \u0647\u0648 \u0643\u0631\u064a\u0645 \u063a\u0646\u064a \u0648\u0645\u063a\u0630\u064d \u0644\u0644\u0628\u0634\u0631\u0629\u060c \u0645\u0635\u0645\u0645 \u062e\u0635\u064a\u0635\u064b\u0627 \u0644\u062a\u0642\u0648\u064a\u0629 \u0627\u0644\u062d\u0627\u062c\u0632 \u0627\u0644\u062c\u0644\u062f\u064a \u0648\u062f\u0639\u0645 \u062a\u0648\u0627\u0632\u0646 \u0627\u0644\u0645\u064a\u0643\u0631\u0648\u0628\u064a\u0648\u0645. \u062a\u0631\u0643\u064a\u0628\u062a\u0647 \u0627\u0644\u0643\u062b\u064a\u0641\u0629 \u0648\u0627\u0644\u062d\u0631\u064a\u0631\u064a\u0629 \u062a\u0648\u0641\u0631 \u062a\u0631\u0637\u064a\u0628\u064b\u0627 \u0639\u0645\u064a\u0642\u064b\u0627 \u062f\u0648\u0646 \u0623\u0646 \u062a\u062a\u0631\u0643 \u0645\u0644\u0645\u0633\u064b\u0627 \u062f\u0647\u0646\u064a\u064b\u0627 \u0623\u0648 \u0644\u0632\u062c\u064b\u0627\u060c \u0645\u0645\u0627 \u064a\u062c\u0639\u0644\u0647 \u0645\u062b\u0627\u0644\u064a\u064b\u0627 \u0644\u0644\u0628\u0634\u0631\u0629 \u0627\u0644\u062c\u0627\u0641\u0629 \u0623\u0648 \u0627\u0644\u0645\u062a\u0647\u064a\u062c\u0629. \u0627\u0644\u0645\u0643\u0648\u0646\u0627\u062a \u0627\u0644\u0631\u0626\u064a\u0633\u064a\u0629: &#8211; \u0645\u0631\u0643\u0628 Probio-Cica (\u0645\u0633\u062a\u062e\u0644\u0635 \u0633\u0646\u062a\u064a\u0644\u0627 \u0622\u0633\u064a\u0627\u062a\u064a\u0643\u0627 + \u062a\u062e\u0645\u064a\u0631 \u0644\u0627\u0643\u062a\u0648\u0628\u0627\u0633\u064a\u0644\u0648\u0633): \u064a\u0647\u062f\u0626 \u0627\u0644\u0628\u0634\u0631\u0629 \u0648\u064a\u0639\u0632\u0632 \u062a\u062c\u062f\u064a\u062f\u0647\u0627. [&hellip;]<\/p>\n","protected":false},"featured_media":32639,"template":"","meta":[],"pwb-brand":[1045],"product_brand":[],"product_cat":[1121],"product_tag":[696,688,694,697,763],"class_list":{"0":"post-32638","1":"product","2":"type-product","3":"status-publish","4":"has-post-thumbnail","6":"pwb-brand-skin1004","7":"product_cat-face-moist","8":"product_tag-dryskin","9":"product_tag-sensitive","10":"product_tag-normalskin","11":"product_tag-moisturizing","12":"product_tag-korean-product-2","14":"first","15":"outofstock","16":"shipping-taxable","17":"product-type-variable","18":"has-default-attributes","19":"wvs-archive-product-wrapper"},"brands":[{"id":1045,"name":"SKIN1004","slug":"peau1004"}],"_links":{"self":[{"href":"https:\/\/gopinkish.com\/fr\/wp-json\/wp\/v2\/product\/32638","targetHints":{"allow":["GET"]}}],"collection":[{"href":"https:\/\/gopinkish.com\/fr\/wp-json\/wp\/v2\/product"}],"about":[{"href":"https:\/\/gopinkish.com\/fr\/wp-json\/wp\/v2\/types\/product"}],"wp:featuredmedia":[{"embeddable":true,"href":"https:\/\/gopinkish.com\/fr\/wp-json\/wp\/v2\/media\/32639"}],"wp:attachment":[{"href":"https:\/\/gopinkish.com\/fr\/wp-json\/wp\/v2\/media?parent=32638"}],"wp:term":[{"taxonomy":"pwb-brand","embeddable":true,"href":"https:\/\/gopinkish.com\/fr\/wp-json\/wp\/v2\/pwb-brand?post=32638"},{"taxonomy":"product_brand","embeddable":true,"href":"https:\/\/gopinkish.com\/fr\/wp-json\/wp\/v2\/product_brand?post=32638"},{"taxonomy":"product_cat","embeddable":true,"href":"https:\/\/gopinkish.com\/fr\/wp-json\/wp\/v2\/product_cat?post=32638"},{"taxonomy":"product_tag","embeddable":true,"href":"https:\/\/gopinkish.com\/fr\/wp-json\/wp\/v2\/product_tag?post=32638"}],"curies":[{"name":"wp","href":"https:\/\/api.w.org\/{rel}","templated":true}]}}