{"id":32610,"date":"2025-10-22T11:58:56","date_gmt":"2025-10-22T10:58:56","guid":{"rendered":"https:\/\/gopinkish.com\/?post_type=product&#038;p=32610"},"modified":"2026-01-29T16:24:13","modified_gmt":"2026-01-29T15:24:13","slug":"6973474687067","status":"publish","type":"product","link":"https:\/\/gopinkish.com\/fr\/produit\/6973474687067\/","title":{"rendered":"Ombre \u00e0 paupi\u00e8res Gleam Chaser Shimmer"},"content":{"rendered":"<p><!--StartFragment --><\/p>\n<p style=\"text-align: justify;\">Ombres \u00e0 paupi\u00e8res <strong>SHEGLAM Gleam Chaser Ombres \u00e0 paupi\u00e8res<\/strong> Un fini paillet\u00e9 qui ajoute un \u00e9clat chatoyant \u00e0 n'importe quel look de maquillage. Dot\u00e9 d'une formule paillet\u00e9e douce et facile \u00e0 m\u00e9langer, il peut \u00eatre port\u00e9 seul ou par-dessus d'autres ombres \u00e0 paupi\u00e8res pour accentuer la couleur et ajouter un \u00e9clat suppl\u00e9mentaire.<\/p>\n<p style=\"text-align: justify;\">La formule est l\u00e9g\u00e8re, ne s'agglom\u00e8re pas et s'\u00e9tale facilement sur la paupi\u00e8re gr\u00e2ce \u00e0 sa texture cr\u00e9meuse et poudr\u00e9e. Un fini scintillant longue dur\u00e9e, qui ne s'\u00e9caille pas, avec de multiples options de couleurs pour s'adapter \u00e0 toutes les occasions, du jour \u00e0 la nuit.<\/p>\n<p style=\"text-align: justify;\"><strong>Principales caract\u00e9ristiques et avantages :<\/strong><br \/>\n- La formule paillet\u00e9e est lisse et facile \u00e0 estomper.<br \/>\n- Peut \u00eatre utilis\u00e9 seul ou comme top coat sur d'autres teintes.<br \/>\n- Un fini brillant et durable qui ne s'\u00e9caille pas.<br \/>\n- L\u00e9ger et non grumeleux.<br \/>\n- Disponible dans une gamme de couleurs tendance pour convenir \u00e0 toutes les occasions.<br \/>\n- Formule v\u00e9g\u00e9talienne, sans parab\u00e8nes, sans sulfates et sans huiles min\u00e9rales.<br \/>\n- Convient \u00e0 tous les types de peau.<\/p>\n<p dir=\"ltr\" style=\"text-align: center;\">\ud83c\uddec\ud83c\udde7 SHEGLAM Ombre \u00e0 paupi\u00e8res Gleam Chaser<br \/>\n\ud83c\uddeb\ud83c\uddf7 SHEGLAM Gleam Chaser Topper Fard \u00e0 Paupi\u00e8res<\/p>\n<p><!--EndFragment --><\/p>","protected":false},"excerpt":{"rendered":"<p>\u0638\u0644\u0627\u0644 \u0627\u0644\u0639\u064a\u0648\u0646 SHEGLAM Gleam Chaser Eyeshadow Topper \u0647\u0648 \u0644\u0645\u0633\u0629 \u0646\u0647\u0627\u0626\u064a\u0629 \u0628\u0631\u0627\u0642\u0629 \u062a\u0636\u064a\u0641 \u0625\u0634\u0631\u0627\u0642\u0629 \u0644\u0627\u0645\u0639\u0629 \u0644\u0623\u064a \u0625\u0637\u0644\u0627\u0644\u0629 \u0645\u0643\u064a\u0627\u062c. \u064a\u062a\u0645\u064a\u0632 \u0628\u062a\u0631\u0643\u064a\u0628\u0629 \u062c\u0644\u064a\u062a\u0631 \u0646\u0627\u0639\u0645\u0629 \u0648\u0633\u0647\u0644\u0629 \u0627\u0644\u062f\u0645\u062c\u060c \u064a\u0645\u0643\u0646 \u0627\u0633\u062a\u062e\u062f\u0627\u0645\u0647\u0627 \u0628\u0645\u0641\u0631\u062f\u0647\u0627 \u0623\u0648 \u0641\u0648\u0642 \u0638\u0644\u0627\u0644 \u0627\u0644\u0639\u064a\u0648\u0646 \u0627\u0644\u0623\u062e\u0631\u0649 \u0644\u0625\u0628\u0631\u0627\u0632 \u0627\u0644\u0644\u0648\u0646 \u0648\u0645\u0646\u062d\u0647 \u0628\u0631\u064a\u0642\u064b\u0627 \u0625\u0636\u0627\u0641\u064a\u064b\u0627. \u062a\u0631\u0643\u064a\u0628\u062a\u0647 \u062e\u0641\u064a\u0641\u0629 \u0627\u0644\u0648\u0632\u0646\u060c \u0644\u0627 \u062a\u062a\u0643\u062a\u0644\u060c \u0648\u062a\u0648\u0632\u0639 \u0628\u0633\u0647\u0648\u0644\u0629 \u0639\u0644\u0649 \u0627\u0644\u062c\u0641\u0646 \u0628\u0641\u0636\u0644 \u0642\u0648\u0627\u0645\u0647\u0627 \u0627\u0644\u0643\u0631\u064a\u0645\u064a-\u0627\u0644\u0628\u0648\u062f\u0631\u064a. \u062a\u0645\u0646\u062d\u0643\u0650 \u0644\u0645\u0633\u0629 \u0644\u0627\u0645\u0639\u0629 \u062a\u062f\u0648\u0645 \u0637\u0648\u064a\u0644\u064b\u0627 \u062f\u0648\u0646 \u062a\u0633\u0627\u0642\u0637\u060c [&hellip;]<\/p>\n","protected":false},"featured_media":32612,"template":"","meta":[],"pwb-brand":[709],"product_brand":[],"product_cat":[1190],"product_tag":[],"class_list":{"0":"post-32610","1":"product","2":"type-product","3":"status-publish","4":"has-post-thumbnail","6":"pwb-brand-sheglam","7":"product_cat-eyes-shadow","9":"first","10":"instock","11":"shipping-taxable","12":"purchasable","13":"product-type-variable","14":"has-default-attributes","15":"wvs-archive-product-wrapper"},"brands":[{"id":709,"name":"Sheglam","slug":"sheglam"}],"_links":{"self":[{"href":"https:\/\/gopinkish.com\/fr\/wp-json\/wp\/v2\/product\/32610","targetHints":{"allow":["GET"]}}],"collection":[{"href":"https:\/\/gopinkish.com\/fr\/wp-json\/wp\/v2\/product"}],"about":[{"href":"https:\/\/gopinkish.com\/fr\/wp-json\/wp\/v2\/types\/product"}],"wp:featuredmedia":[{"embeddable":true,"href":"https:\/\/gopinkish.com\/fr\/wp-json\/wp\/v2\/media\/32612"}],"wp:attachment":[{"href":"https:\/\/gopinkish.com\/fr\/wp-json\/wp\/v2\/media?parent=32610"}],"wp:term":[{"taxonomy":"pwb-brand","embeddable":true,"href":"https:\/\/gopinkish.com\/fr\/wp-json\/wp\/v2\/pwb-brand?post=32610"},{"taxonomy":"product_brand","embeddable":true,"href":"https:\/\/gopinkish.com\/fr\/wp-json\/wp\/v2\/product_brand?post=32610"},{"taxonomy":"product_cat","embeddable":true,"href":"https:\/\/gopinkish.com\/fr\/wp-json\/wp\/v2\/product_cat?post=32610"},{"taxonomy":"product_tag","embeddable":true,"href":"https:\/\/gopinkish.com\/fr\/wp-json\/wp\/v2\/product_tag?post=32610"}],"curies":[{"name":"wp","href":"https:\/\/api.w.org\/{rel}","templated":true}]}}