{"id":32600,"date":"2025-10-22T11:37:33","date_gmt":"2025-10-22T10:37:33","guid":{"rendered":"https:\/\/gopinkish.com\/?post_type=product&#038;p=32600"},"modified":"2026-03-02T20:04:27","modified_gmt":"2026-03-02T19:04:27","slug":"6931611317116","status":"publish","type":"product","link":"https:\/\/gopinkish.com\/fr\/produit\/6931611317116\/","title":{"rendered":"Fard \u00e0 joues liquide avec un fini flush naturel"},"content":{"rendered":"<p><!--StartFragment --><\/p>\n<p style=\"text-align: justify;\">Fard \u00e0 joues liquide <strong>SHEGLAM Fard \u00e0 joues liquide Forbidden Love<\/strong> De la collection de <em>La saga Twilight X SHEGLAM<\/em> Il donne \u00e0 vos joues un aspect rougi naturel gr\u00e2ce \u00e0 une formule liquide l\u00e9g\u00e8re, hydratante et facile \u00e0 estomper. Il suffit d'une petite touche pour r\u00e9partir uniform\u00e9ment la couleur et obtenir un \u00e9clat sain et une brillance douce qui dure des heures.<\/p>\n<p style=\"text-align: justify;\">Il est dot\u00e9 d'un applicateur \u00e9ponge int\u00e9gr\u00e9 pour une application pr\u00e9cise et facile, permettant \u00e0 la couleur de s'\u00e9tendre de la couverture l\u00e9g\u00e8re \u00e0 la couverture moyenne, selon les besoins. La formule est v\u00e9g\u00e9talienne et sans cruaut\u00e9, ce qui la rend adapt\u00e9e \u00e0 un usage quotidien.<\/p>\n<p style=\"text-align: justify;\"><strong>Principales caract\u00e9ristiques et avantages :<\/strong><br \/>\n- Une formule liquide l\u00e9g\u00e8re et hydratante.<br \/>\n- Facile \u00e0 estomper et couleur naturelle d\u00e9grad\u00e9e.<br \/>\n- Couvrance l\u00e9g\u00e8re \u00e0 moyenne.<br \/>\n- Finition ros\u00e9e.<br \/>\n- Application \u00e9ponge int\u00e9gr\u00e9e pour une plus grande facilit\u00e9 d'utilisation.<br \/>\n- Tient des heures sans s'estomper.<br \/>\n- Formule v\u00e9g\u00e9talienne et sans cruaut\u00e9.<\/p>\n<p dir=\"ltr\" style=\"text-align: center;\">\ud83c\uddec\ud83c\udde7 SHEGLAM Fard \u00e0 joues liquide Forbidden Love<br \/>\n\ud83c\uddeb\ud83c\uddf7 SHEGLAM Blush Liquide Forbidden Love<\/p>\n<p><!--EndFragment --><\/p>","protected":false},"excerpt":{"rendered":"<p>\u0623\u062d\u0645\u0631 \u062e\u062f\u0648\u062f \u0633\u0627\u0626\u0644 SHEGLAM Forbidden Love Liquid Blush \u0645\u0646 \u0645\u062c\u0645\u0648\u0639\u0629 The Twilight Saga X SHEGLAM \u064a\u0645\u0646\u062d \u062e\u062f\u0648\u062f\u0643\u0650 \u0644\u0645\u0633\u0629 \u0637\u0628\u064a\u0639\u064a\u0629 \u0645\u062a\u0648\u0631\u0651\u062f\u0629 \u0628\u062a\u0631\u0643\u064a\u0628\u0629 \u0633\u0627\u0626\u0644\u0629 \u062e\u0641\u064a\u0641\u0629 \u0627\u0644\u0648\u0632\u0646\u060c \u0645\u0631\u0637\u0628\u0629 \u0648\u0633\u0647\u0644\u0629 \u0627\u0644\u062f\u0645\u062c. \u064a\u0643\u0641\u064a \u0644\u0645\u0633\u0629 \u0635\u063a\u064a\u0631\u0629 \u0644\u062a\u0648\u0632\u064a\u0639 \u0627\u0644\u0644\u0648\u0646 \u0628\u0634\u0643\u0644 \u0645\u062a\u062c\u0627\u0646\u0633 \u064a\u0645\u0646\u062d \u0625\u0634\u0631\u0627\u0642\u0629 \u0635\u062d\u064a\u0629 \u0648\u0644\u0645\u0639\u0627\u0646\u064b\u0627 \u0646\u0627\u0639\u0645\u064b\u0627 \u064a\u062f\u0648\u0645 \u0644\u0633\u0627\u0639\u0627\u062a. \u064a\u0623\u062a\u064a \u0645\u0632\u0648\u062f\u064b\u0627 \u0628\u062a\u0637\u0628\u064a\u0642 \u0625\u0633\u0641\u0646\u062c\u064a \u0645\u062f\u0645\u062c \u0644\u062a\u0648\u0632\u064a\u0639 \u062f\u0642\u064a\u0642 \u0648\u0633\u0647\u0644\u060c \u0645\u0645\u0627 \u064a\u0633\u0645\u062d \u0628\u0628\u0646\u0627\u0621 \u0627\u0644\u0644\u0648\u0646 \u0645\u0646 \u062a\u063a\u0637\u064a\u0629 [&hellip;]<\/p>\n","protected":false},"featured_media":32602,"template":"","meta":[],"pwb-brand":[709],"product_brand":[],"product_cat":[1169],"product_tag":[],"class_list":{"0":"post-32600","1":"product","2":"type-product","3":"status-publish","4":"has-post-thumbnail","6":"pwb-brand-sheglam","7":"product_cat-blush-makeup","9":"first","10":"instock","11":"shipping-taxable","12":"purchasable","13":"product-type-variable","14":"has-default-attributes","15":"wvs-archive-product-wrapper"},"brands":[{"id":709,"name":"Sheglam","slug":"sheglam"}],"_links":{"self":[{"href":"https:\/\/gopinkish.com\/fr\/wp-json\/wp\/v2\/product\/32600","targetHints":{"allow":["GET"]}}],"collection":[{"href":"https:\/\/gopinkish.com\/fr\/wp-json\/wp\/v2\/product"}],"about":[{"href":"https:\/\/gopinkish.com\/fr\/wp-json\/wp\/v2\/types\/product"}],"wp:featuredmedia":[{"embeddable":true,"href":"https:\/\/gopinkish.com\/fr\/wp-json\/wp\/v2\/media\/32602"}],"wp:attachment":[{"href":"https:\/\/gopinkish.com\/fr\/wp-json\/wp\/v2\/media?parent=32600"}],"wp:term":[{"taxonomy":"pwb-brand","embeddable":true,"href":"https:\/\/gopinkish.com\/fr\/wp-json\/wp\/v2\/pwb-brand?post=32600"},{"taxonomy":"product_brand","embeddable":true,"href":"https:\/\/gopinkish.com\/fr\/wp-json\/wp\/v2\/product_brand?post=32600"},{"taxonomy":"product_cat","embeddable":true,"href":"https:\/\/gopinkish.com\/fr\/wp-json\/wp\/v2\/product_cat?post=32600"},{"taxonomy":"product_tag","embeddable":true,"href":"https:\/\/gopinkish.com\/fr\/wp-json\/wp\/v2\/product_tag?post=32600"}],"curies":[{"name":"wp","href":"https:\/\/api.w.org\/{rel}","templated":true}]}}