{"id":32590,"date":"2026-05-13T11:29:25","date_gmt":"2026-05-13T10:29:25","guid":{"rendered":"https:\/\/gopinkish.com\/?post_type=product&#038;p=32590"},"modified":"2026-05-14T22:36:40","modified_gmt":"2026-05-14T21:36:40","slug":"6978540671391","status":"publish","type":"product","link":"https:\/\/gopinkish.com\/fr\/produit\/6978540671391\/","title":{"rendered":"Spray fixateur de maquillage \u00e0 la formule innovante"},"content":{"rendered":"<p style=\"text-align: justify;\">Le Spray Fixant SHEGLAM Forever assure une tenue longue dur\u00e9e \u00e0 votre maquillage gr\u00e2ce \u00e0 sa formule innovante biphas\u00e9e (eau + huile). Il \u00e9quilibre simultan\u00e9ment l'hydratation et le contr\u00f4le de l'huile, gardant le maquillage lumineux et emp\u00eachant la d\u00e9coloration ou le transfert de la couleur jusqu'\u00e0 12 heures.<br \/>\nLa formule l\u00e9g\u00e8re et non collante est diffus\u00e9e par un embout fin en une fine brume pour une couverture uniforme. Id\u00e9ale pour tous les types de peau, y compris les peaux mixtes et s\u00e8ches, elle offre un fini frais et naturel.<\/p>\n<p style=\"text-align: justify;\"><strong>Principales caract\u00e9ristiques et avantages :<\/strong><br \/>\n- Stabilit\u00e9 longue dur\u00e9e jusqu'\u00e0 12 heures.<br \/>\n- Formule biphas\u00e9e (eau + huile) pour \u00e9quilibrer l'hydratation et contr\u00f4ler les huiles.<br \/>\n- Conserve l'\u00e9clat des couleurs et r\u00e9duit le transfert du maquillage.<br \/>\n- Une brume l\u00e9g\u00e8re et fine avec un fini non collant.<br \/>\n- Convient \u00e0 tous les types de peau (mixte, s\u00e8che, normale).<br \/>\n- Formule v\u00e9g\u00e9talienne et sans cruaut\u00e9.<br \/>\n- Flacon \u00e9l\u00e9gant en verre de 60 ml, id\u00e9al pour les voyages.<\/p>\n<p dir=\"ltr\" style=\"text-align: center;\">\ud83c\uddec\ud83c\udde7 SHEGLAM Forever Spray Fixant<br \/>\n\ud83c\uddeb\ud83c\uddf7 SHEGLAM Brume Fixatrice Forever<\/p>","protected":false},"excerpt":{"rendered":"<p>\u0628\u062e\u0627\u062e \u0627\u0644\u062a\u062b\u0628\u064a\u062a SHEGLAM Forever Setting Spray \u064a\u0645\u0646\u062d\u0643\u0650 \u062b\u0628\u0627\u062a\u064b\u0627 \u0637\u0648\u064a\u0644 \u0627\u0644\u0623\u0645\u062f \u0644\u0645\u0643\u064a\u0627\u062c\u0643 \u0628\u0641\u0636\u0644 \u062a\u0631\u0643\u064a\u0628\u062a\u0647 \u0627\u0644\u0645\u0628\u062a\u0643\u0631\u0629 \u062b\u0646\u0627\u0626\u064a\u0629 \u0627\u0644\u0637\u0648\u0631 (\u0645\u0627\u0621 + \u0632\u064a\u062a). \u064a\u0639\u0645\u0644 \u0639\u0644\u0649 \u0645\u0648\u0627\u0632\u0646\u0629 \u0627\u0644\u062a\u0631\u0637\u064a\u0628 \u0648\u0627\u0644\u062a\u062d\u0643\u0645 \u0628\u0627\u0644\u0632\u064a\u0648\u062a \u0641\u064a \u0622\u0646 \u0648\u0627\u062d\u062f\u060c \u0644\u064a\u062d\u0627\u0641\u0638 \u0639\u0644\u0649 \u0625\u0634\u0631\u0627\u0642\u0629 \u0627\u0644\u0645\u0643\u064a\u0627\u062c \u0648\u064a\u0645\u0646\u0639 \u062a\u0644\u0627\u0634\u064a \u0627\u0644\u0623\u0644\u0648\u0627\u0646 \u0623\u0648 \u0627\u0646\u062a\u0642\u0627\u0644\u0647\u0627 \u062d\u062a\u0649 12 \u0633\u0627\u0639\u0629. \u062a\u0631\u0643\u064a\u0628\u062a\u0647 \u062e\u0641\u064a\u0641\u0629 \u0627\u0644\u0648\u0632\u0646\u060c \u063a\u064a\u0631 \u0644\u0632\u062c\u0629\u060c \u0648\u062a\u0648\u0632\u0639\u0647\u0627 \u0641\u0648\u0647\u0629 \u062f\u0642\u064a\u0642\u0629 \u0639\u0644\u0649 \u0634\u0643\u0644 \u0631\u0630\u0627\u0630 \u0646\u0627\u0639\u0645 \u0644\u062a\u063a\u0637\u064a\u0629 \u0645\u062a\u062c\u0627\u0646\u0633\u0629. \u0645\u062b\u0627\u0644\u064a [&hellip;]<\/p>\n","protected":false},"featured_media":32594,"template":"","meta":[],"pwb-brand":[709],"product_brand":[],"product_cat":[1174],"product_tag":[],"class_list":{"0":"post-32590","1":"product","2":"type-product","3":"status-publish","4":"has-post-thumbnail","6":"pwb-brand-sheglam","7":"product_cat-base-primer-makeup","9":"first","10":"instock","11":"shipping-taxable","12":"purchasable","13":"product-type-variable","14":"has-default-attributes","15":"wvs-archive-product-wrapper"},"brands":[{"id":709,"name":"Sheglam","slug":"sheglam"}],"_links":{"self":[{"href":"https:\/\/gopinkish.com\/fr\/wp-json\/wp\/v2\/product\/32590","targetHints":{"allow":["GET"]}}],"collection":[{"href":"https:\/\/gopinkish.com\/fr\/wp-json\/wp\/v2\/product"}],"about":[{"href":"https:\/\/gopinkish.com\/fr\/wp-json\/wp\/v2\/types\/product"}],"wp:featuredmedia":[{"embeddable":true,"href":"https:\/\/gopinkish.com\/fr\/wp-json\/wp\/v2\/media\/32594"}],"wp:attachment":[{"href":"https:\/\/gopinkish.com\/fr\/wp-json\/wp\/v2\/media?parent=32590"}],"wp:term":[{"taxonomy":"pwb-brand","embeddable":true,"href":"https:\/\/gopinkish.com\/fr\/wp-json\/wp\/v2\/pwb-brand?post=32590"},{"taxonomy":"product_brand","embeddable":true,"href":"https:\/\/gopinkish.com\/fr\/wp-json\/wp\/v2\/product_brand?post=32590"},{"taxonomy":"product_cat","embeddable":true,"href":"https:\/\/gopinkish.com\/fr\/wp-json\/wp\/v2\/product_cat?post=32590"},{"taxonomy":"product_tag","embeddable":true,"href":"https:\/\/gopinkish.com\/fr\/wp-json\/wp\/v2\/product_tag?post=32590"}],"curies":[{"name":"wp","href":"https:\/\/api.w.org\/{rel}","templated":true}]}}