{"id":32580,"date":"2025-10-21T23:57:50","date_gmt":"2025-10-21T22:57:50","guid":{"rendered":"https:\/\/gopinkish.com\/?post_type=product&#038;p=32580"},"modified":"2026-01-24T15:47:05","modified_gmt":"2026-01-24T14:47:05","slug":"3337875876940","status":"publish","type":"product","link":"https:\/\/gopinkish.com\/fr\/produit\/3337875876940\/","title":{"rendered":"Cr\u00e8me apaisante et r\u00e9g\u00e9n\u00e9rante B5+ avec protection SPF50"},"content":{"rendered":"<p><!--StartFragment --><\/p>\n<p style=\"text-align: justify;\">Cr\u00e8me <strong>La Roche-Posay Cicaplast Baume B5+ SPF50<\/strong> Soin polyvalent pour les peaux irrit\u00e9es ou vuln\u00e9rables, il combine <strong>R\u00e9parer, apaiser et prot\u00e9ger du soleil<\/strong>. Sa formule riche agit pour :<\/p>\n<p style=\"text-align: justify;\"><strong>- 5% Panth\u00e9nol (Vitamine B5)<\/strong>: Apaise la peau et soulage l'inconfort.<br \/>\n<strong>- Mad\u00e9cassoside<\/strong>: Favorise la r\u00e9g\u00e9n\u00e9ration de la peau et aide \u00e0 r\u00e9parer la barri\u00e8re cutan\u00e9e.<br \/>\n<strong>- Procerad\u2122 + filtres UVA\/UVB SPF50<\/strong>: Prot\u00e8ge contre la pigmentation et les marques rouges ou brunes apr\u00e8s une irritation ou une blessure superficielle.<br \/>\n<strong>- Eau thermale de La Roche-Posay<\/strong>: Pour un apaisement suppl\u00e9mentaire et une r\u00e9duction de l'irritation.<\/p>\n<p style=\"text-align: justify;\">Sa formule cr\u00e9meuse est confortable, facilement absorb\u00e9e, non grasse, non collante et non blanchissante. Elle convient \u00e0 tous les types de peau, m\u00eame sensibles, et peut \u00eatre utilis\u00e9e apr\u00e8s des proc\u00e9dures dermatologiques superficielles ou apr\u00e8s un tatouage pour prot\u00e9ger la peau des marques.<\/p>\n<p style=\"text-align: justify;\"><strong>Principales caract\u00e9ristiques et avantages :<\/strong><br \/>\n- R\u00e9pare et r\u00e9g\u00e9n\u00e8re la barri\u00e8re cutan\u00e9e.<br \/>\n- Apaise les peaux s\u00e8ches et irrit\u00e9es.<br \/>\n- Offre une tr\u00e8s haute protection SPF50 contre les UVA\/UVB.<br \/>\n- R\u00e9duit le risque de pigmentation et les effets post-irritation.<br \/>\n- Formule non grasse et non collante qui ne laisse aucun r\u00e9sidu blanc.<br \/>\n- Convient au visage et au corps, et \u00e0 tous les types de peau.<br \/>\n- Laboratoire sous la supervision de dermatologues.<\/p>\n<p dir=\"ltr\" style=\"text-align: center;\">\ud83c\uddec\ud83c\udde7 La Roche-Posay Cicaplast Baume B5+ SPF50<br \/>\n\ud83c\uddeb\ud83c\uddf7 La Roche-Posay Cicaplast Baume B5+ SPF50<\/p>\n<p><!--EndFragment --><\/p>","protected":false},"excerpt":{"rendered":"<p>\u0643\u0631\u064a\u0645 La Roche-Posay Cicaplast Baume B5+ SPF50 \u0647\u0648 \u0639\u0646\u0627\u064a\u0629 \u0645\u062a\u0639\u062f\u062f\u0629 \u0627\u0644\u0627\u0633\u062a\u062e\u062f\u0627\u0645\u0627\u062a \u0644\u0644\u0628\u0634\u0631\u0629 \u0627\u0644\u0645\u062a\u0647\u064a\u062c\u0629 \u0623\u0648 \u0627\u0644\u0636\u0639\u064a\u0641\u0629\u060c \u064a\u062c\u0645\u0639 \u0628\u064a\u0646 \u0627\u0644\u0625\u0635\u0644\u0627\u062d \u0648\u0627\u0644\u062a\u0647\u062f\u0626\u0629 \u0648\u0627\u0644\u062d\u0645\u0627\u064a\u0629 \u0645\u0646 \u0627\u0644\u0634\u0645\u0633. \u062a\u0631\u0643\u064a\u0628\u062a\u0647 \u0627\u0644\u063a\u0646\u064a\u0629 \u062a\u0639\u0645\u0644 \u0639\u0644\u0649: &#8211; 5% \u0628\u0627\u0646\u062b\u064a\u0646\u0648\u0644 (\u0641\u064a\u062a\u0627\u0645\u064a\u0646 B5): \u064a\u0647\u062f\u0626 \u0627\u0644\u0628\u0634\u0631\u0629 \u0648\u064a\u062e\u0641\u0641 \u0645\u0646 \u0627\u0644\u0634\u0639\u0648\u0631 \u0628\u0627\u0644\u0627\u0646\u0632\u0639\u0627\u062c. &#8211; \u0645\u0627\u062f\u064a\u0643\u0627\u0633\u0648\u0633\u0627\u064a\u062f (Madecassoside): \u064a\u0639\u0632\u0632 \u062a\u062c\u062f\u064a\u062f \u0627\u0644\u0628\u0634\u0631\u0629 \u0648\u064a\u0633\u0627\u0639\u062f \u0639\u0644\u0649 \u0625\u0635\u0644\u0627\u062d \u0627\u0644\u062d\u0627\u062c\u0632 \u0627\u0644\u062c\u0644\u062f\u064a. &#8211; Procerad\u2122 + \u0641\u0644\u0627\u062a\u0631 UVA\/UVB SPF50: \u062a\u062d\u0645\u064a [&hellip;]<\/p>\n","protected":false},"featured_media":32587,"template":"","meta":[],"pwb-brand":[225],"product_brand":[],"product_cat":[1227],"product_tag":[697,674],"class_list":{"0":"post-32580","1":"product","2":"type-product","3":"status-publish","4":"has-post-thumbnail","6":"pwb-brand-la-roche-posay","7":"product_cat-face-renew","8":"product_tag-moisturizing","9":"product_tag-scars","11":"first","12":"outofstock","13":"shipping-taxable","14":"product-type-variable","15":"has-default-attributes","16":"wvs-archive-product-wrapper"},"brands":[{"id":225,"name":"La Roche Posay","slug":"la-roche-posay"}],"_links":{"self":[{"href":"https:\/\/gopinkish.com\/fr\/wp-json\/wp\/v2\/product\/32580","targetHints":{"allow":["GET"]}}],"collection":[{"href":"https:\/\/gopinkish.com\/fr\/wp-json\/wp\/v2\/product"}],"about":[{"href":"https:\/\/gopinkish.com\/fr\/wp-json\/wp\/v2\/types\/product"}],"wp:featuredmedia":[{"embeddable":true,"href":"https:\/\/gopinkish.com\/fr\/wp-json\/wp\/v2\/media\/32587"}],"wp:attachment":[{"href":"https:\/\/gopinkish.com\/fr\/wp-json\/wp\/v2\/media?parent=32580"}],"wp:term":[{"taxonomy":"pwb-brand","embeddable":true,"href":"https:\/\/gopinkish.com\/fr\/wp-json\/wp\/v2\/pwb-brand?post=32580"},{"taxonomy":"product_brand","embeddable":true,"href":"https:\/\/gopinkish.com\/fr\/wp-json\/wp\/v2\/product_brand?post=32580"},{"taxonomy":"product_cat","embeddable":true,"href":"https:\/\/gopinkish.com\/fr\/wp-json\/wp\/v2\/product_cat?post=32580"},{"taxonomy":"product_tag","embeddable":true,"href":"https:\/\/gopinkish.com\/fr\/wp-json\/wp\/v2\/product_tag?post=32580"}],"curies":[{"name":"wp","href":"https:\/\/api.w.org\/{rel}","templated":true}]}}