{"id":32382,"date":"2025-10-08T17:20:29","date_gmt":"2025-10-08T16:20:29","guid":{"rendered":"https:\/\/gopinkish.com\/?post_type=product&#038;p=32382"},"modified":"2026-04-05T22:00:32","modified_gmt":"2026-04-05T21:00:32","slug":"3661434010040","status":"publish","type":"product","link":"https:\/\/gopinkish.com\/fr\/produit\/3661434010040\/","title":{"rendered":"Hysiak Hydra Cr\u00e8me apaisante et hydratante"},"content":{"rendered":"<p><!--StartFragment --><\/p>\n<p style=\"text-align: justify;\">Cr\u00e8me <strong>Uriage Hys\u00e9ac Hydra Cr\u00e8me Apaisante<\/strong> Il est destin\u00e9 aux peaux grasses ou mixtes devenues s\u00e8ches et irrit\u00e9es \u00e0 la suite de traitements m\u00e9dicaux (tels que les traitements contre l'acn\u00e9). Il apporte <strong>Soulagement imm\u00e9diat et durable<\/strong>Enrichi en ingr\u00e9dients apaisants et hydratants, il r\u00e9tablit l'\u00e9quilibre naturel de la peau.<\/p>\n<p style=\"text-align: justify;\">La formule contient<\/p>\n<p><strong>- Cerasterol-2F (compos\u00e9 brevet\u00e9 par Eurage)<\/strong>: Reconstruit et renforce la barri\u00e8re cutan\u00e9e.<br \/>\n<strong>- TLR2-Regul + Extrait de figue de barbarie<\/strong>: Calme rapidement les rougeurs et les irritations.<br \/>\n<strong>- Eau thermale d'Eurage<\/strong>: Riche en min\u00e9raux et en sels pour apaiser et hydrater la peau.<br \/>\n<strong>- Glyc\u00e9rine + Squalane<\/strong>: Pour une hydratation en profondeur et une sensation de confort.<\/p>\n<p style=\"text-align: justify;\">R\u00e9sultats prouv\u00e9s : R\u00e9duction de <strong>93% \u00e0 l'\u00e9troitesse et \u00e0 la s\u00e9cheresse<\/strong> Apr\u00e8s 28 jours d'utilisation r\u00e9guli\u00e8re.<\/p>\n<p style=\"text-align: justify;\"><strong>Principales caract\u00e9ristiques et avantages :<\/strong><br \/>\n- Apaise la peau irrit\u00e9e et procure un soulagement imm\u00e9diat.<br \/>\n- Reconstruit la barri\u00e8re cutan\u00e9e et maintient son \u00e9quilibre.<br \/>\n- Procure une hydratation durable.<br \/>\n- R\u00e9duit les rougeurs et les irritations.<br \/>\n- Une formule l\u00e9g\u00e8re et non grasse qui p\u00e9n\u00e8tre rapidement.<br \/>\n- Non com\u00e9dog\u00e8ne, laboratoire sous contr\u00f4le de dermatologues.<br \/>\n- Id\u00e9al pour les peaux trait\u00e9es m\u00e9dicalement (notamment pour les traitements contre l'acn\u00e9).<\/p>\n<p dir=\"ltr\" style=\"text-align: center;\">\ud83c\uddec\ud83c\udde7 Uriage Hys\u00e9ac Hydra Cr\u00e8me Apaisante<br \/>\n\ud83c\uddeb\ud83c\uddf7 Uriage Hys\u00e9ac Hydra Cr\u00e8me Apaisante<\/p>\n<p><!--EndFragment --><\/p>","protected":false},"excerpt":{"rendered":"<p>\u0643\u0631\u064a\u0645 Uriage Hys\u00e9ac Hydra Cr\u00e8me Apaisante \u0647\u0648 \u0639\u0646\u0627\u064a\u0629 \u0645\u062e\u0635\u0635\u0629 \u0644\u0644\u0628\u0634\u0631\u0629 \u0627\u0644\u062f\u0647\u0646\u064a\u0629 \u0623\u0648 \u0627\u0644\u0645\u062e\u062a\u0644\u0637\u0629 \u0627\u0644\u062a\u064a \u0623\u0635\u0628\u062d\u062a \u062c\u0627\u0641\u0629 \u0648\u0645\u062a\u0647\u064a\u062c\u0629 \u0646\u062a\u064a\u062c\u0629 \u0627\u0644\u0639\u0644\u0627\u062c\u0627\u062a \u0627\u0644\u0637\u0628\u064a\u0629 (\u0645\u062b\u0644 \u0639\u0644\u0627\u062c\u0627\u062a \u062d\u0628 \u0627\u0644\u0634\u0628\u0627\u0628). \u064a\u0645\u0646\u062d \u0631\u0627\u062d\u0629 \u0641\u0648\u0631\u064a\u0629 \u0648\u0637\u0648\u064a\u0644\u0629 \u0627\u0644\u0623\u0645\u062f\u060c \u0648\u064a\u0639\u064a\u062f \u0644\u0644\u0628\u0634\u0631\u0629 \u062a\u0648\u0627\u0632\u0646\u0647\u0627 \u0627\u0644\u0637\u0628\u064a\u0639\u064a \u0628\u0641\u0636\u0644 \u062a\u0631\u0643\u064a\u0628\u062a\u0647 \u0627\u0644\u063a\u0646\u064a\u0629 \u0628\u0645\u0643\u0648\u0646\u0627\u062a \u0645\u0647\u062f\u0626\u0629 \u0648\u0645\u0631\u0637\u0628\u0629. \u062a\u0631\u0643\u064a\u0628\u062a\u0647 \u062a\u062d\u062a\u0648\u064a \u0639\u0644\u0649: &#8211; Cerasterol-2F (\u0645\u0631\u0643\u0628 \u0628\u0631\u0627\u0621\u0629 \u0627\u062e\u062a\u0631\u0627\u0639 \u0645\u0646 \u064a\u0648\u0631\u064a\u0627\u062c): \u064a\u0639\u064a\u062f \u0628\u0646\u0627\u0621 \u0627\u0644\u062d\u0627\u062c\u0632 \u0627\u0644\u062c\u0644\u062f\u064a \u0648\u064a\u0642\u0648\u064a\u0647. &#8211; [&hellip;]<\/p>\n","protected":false},"featured_media":32384,"template":"","meta":[],"pwb-brand":[256],"product_brand":[],"product_cat":[1121],"product_tag":[1050,697],"class_list":{"0":"post-32382","1":"product","2":"type-product","3":"status-publish","4":"has-post-thumbnail","6":"pwb-brand-uriage","7":"product_cat-face-moist","8":"product_tag-1050","9":"product_tag-moisturizing","11":"first","12":"instock","13":"shipping-taxable","14":"purchasable","15":"product-type-variable","16":"has-default-attributes","17":"wvs-archive-product-wrapper"},"brands":[{"id":256,"name":"Uriage","slug":"uriage"}],"_links":{"self":[{"href":"https:\/\/gopinkish.com\/fr\/wp-json\/wp\/v2\/product\/32382","targetHints":{"allow":["GET"]}}],"collection":[{"href":"https:\/\/gopinkish.com\/fr\/wp-json\/wp\/v2\/product"}],"about":[{"href":"https:\/\/gopinkish.com\/fr\/wp-json\/wp\/v2\/types\/product"}],"wp:featuredmedia":[{"embeddable":true,"href":"https:\/\/gopinkish.com\/fr\/wp-json\/wp\/v2\/media\/32384"}],"wp:attachment":[{"href":"https:\/\/gopinkish.com\/fr\/wp-json\/wp\/v2\/media?parent=32382"}],"wp:term":[{"taxonomy":"pwb-brand","embeddable":true,"href":"https:\/\/gopinkish.com\/fr\/wp-json\/wp\/v2\/pwb-brand?post=32382"},{"taxonomy":"product_brand","embeddable":true,"href":"https:\/\/gopinkish.com\/fr\/wp-json\/wp\/v2\/product_brand?post=32382"},{"taxonomy":"product_cat","embeddable":true,"href":"https:\/\/gopinkish.com\/fr\/wp-json\/wp\/v2\/product_cat?post=32382"},{"taxonomy":"product_tag","embeddable":true,"href":"https:\/\/gopinkish.com\/fr\/wp-json\/wp\/v2\/product_tag?post=32382"}],"curies":[{"name":"wp","href":"https:\/\/api.w.org\/{rel}","templated":true}]}}