{"id":32373,"date":"2025-10-08T16:41:47","date_gmt":"2025-10-08T15:41:47","guid":{"rendered":"https:\/\/gopinkish.com\/?post_type=product&#038;p=32373"},"modified":"2026-04-15T04:37:36","modified_gmt":"2026-04-15T03:37:36","slug":"3337875868952","status":"publish","type":"product","link":"https:\/\/gopinkish.com\/fr\/produit\/3337875868952\/","title":{"rendered":"Cr\u00e8me de r\u00e9paration et de renouvellement Regen Medic"},"content":{"rendered":"<p><!--StartFragment --><\/p>\n<p style=\"text-align: justify;\">Cr\u00e8me <strong>La Roche-Posay Regenmedic Cr\u00e8me R\u00e9paratrice R\u00e9g\u00e9n\u00e9ratrice<\/strong> Un soin avanc\u00e9 pour les peaux sensibles et ab\u00eem\u00e9es, sp\u00e9cialement formul\u00e9 pour favoriser le processus naturel de r\u00e9paration et de r\u00e9g\u00e9n\u00e9ration de la peau. Sa formule est enrichie d'ingr\u00e9dients actifs tels que :<\/p>\n<p><strong>- Acide hyaluronique<\/strong> Pour une hydratation en profondeur et pour redonner de l'ampleur \u00e0 la peau.<br \/>\n<strong>- Niacinamide (vitamine B3)<\/strong> Pour apaiser la peau et r\u00e9duire les rougeurs.<br \/>\n<strong>- Panth\u00e9nol<\/strong> Pour ses propri\u00e9t\u00e9s r\u00e9paratrices et apaisantes.<br \/>\n<strong>- Beurre de karit\u00e9 + c\u00e9ramides<\/strong> Pour renforcer la barri\u00e8re cutan\u00e9e et pr\u00e9venir la perte d'hydratation.<br \/>\n<strong>- Ad\u00e9nosine<\/strong> Connu pour ses propri\u00e9t\u00e9s anti-\u00e2ge.<\/p>\n<p style=\"text-align: justify;\">Sa formule confortable et cr\u00e9meuse p\u00e9n\u00e8tre rapidement sans laisser de sensation de gras, ce qui la rend id\u00e9ale pour une utilisation quotidienne sur le visage et le cou.<\/p>\n<p style=\"text-align: justify;\"><strong>Principales caract\u00e9ristiques et avantages :<\/strong><br \/>\n- Favorise la r\u00e9paration et la r\u00e9g\u00e9n\u00e9ration de la peau.<br \/>\n- Hydrate en profondeur et redonne de l'ampleur \u00e0 la peau.<br \/>\n- Apaise les rougeurs et l'inconfort gr\u00e2ce au niacinamide et au panth\u00e9nol.<br \/>\n- Renforce la barri\u00e8re cutan\u00e9e et prot\u00e8ge contre les facteurs externes.<br \/>\n- Minimise l'apparence des ridules gr\u00e2ce \u00e0 l'ad\u00e9nosine.<br \/>\n- Convient aux peaux sensibles, non com\u00e9dog\u00e8ne.<br \/>\n- Il peut \u00eatre utilis\u00e9 matin et soir, seul ou sous le maquillage.<\/p>\n<p dir=\"ltr\" style=\"text-align: center;\">\ud83c\uddec\ud83c\udde7 La Roche-Posay Regenmedic Cr\u00e8me R\u00e9paratrice et R\u00e9g\u00e9n\u00e9ratrice<br \/>\n\ud83c\uddeb\ud83c\uddf7 La Roche-Posay Regenmedic Cr\u00e8me R\u00e9paratrice R\u00e9g\u00e9n\u00e9ratrice<\/p>\n<p><!--EndFragment --><\/p>","protected":false},"excerpt":{"rendered":"<p>\u0643\u0631\u064a\u0645 La Roche-Posay Regenmedic Cr\u00e8me R\u00e9paratrice R\u00e9g\u00e9n\u00e9ratrice \u0647\u0648 \u0639\u0646\u0627\u064a\u0629 \u0645\u062a\u0642\u062f\u0645\u0629 \u0644\u0644\u0628\u0634\u0631\u0629 \u0627\u0644\u062d\u0633\u0627\u0633\u0629 \u0648\u0627\u0644\u0645\u062a\u0636\u0631\u0631\u0629\u060c \u0635\u064f\u0645\u0645 \u062e\u0635\u064a\u0635\u064b\u0627 \u0644\u062a\u0639\u0632\u064a\u0632 \u0639\u0645\u0644\u064a\u0629 \u0627\u0644\u0625\u0635\u0644\u0627\u062d \u0627\u0644\u0637\u0628\u064a\u0639\u064a \u0644\u0644\u0628\u0634\u0631\u0629 \u0648\u062a\u062c\u062f\u064a\u062f\u0647\u0627. \u062a\u0631\u0643\u064a\u0628\u062a\u0647 \u0627\u0644\u063a\u0646\u064a\u0629 \u0628\u0645\u0643\u0648\u0646\u0627\u062a \u0641\u0639\u0651\u0627\u0644\u0629 \u0645\u062b\u0644: &#8211; \u062d\u0645\u0636 \u0627\u0644\u0647\u064a\u0627\u0644\u0648\u0631\u0648\u0646\u064a\u0643 \u0644\u062a\u0631\u0637\u064a\u0628 \u0639\u0645\u064a\u0642 \u0648\u0627\u0633\u062a\u0639\u0627\u062f\u0629 \u0627\u0644\u0627\u0645\u062a\u0644\u0627\u0621. &#8211; \u0646\u064a\u0627\u0633\u064a\u0646\u0627\u0645\u064a\u062f (\u0641\u064a\u062a\u0627\u0645\u064a\u0646 B3) \u0644\u062a\u0647\u062f\u0626\u0629 \u0627\u0644\u0628\u0634\u0631\u0629 \u0648\u062a\u0642\u0644\u064a\u0644 \u0627\u0644\u0627\u062d\u0645\u0631\u0627\u0631. &#8211; \u0628\u0627\u0646\u062b\u064a\u0646\u0648\u0644 \u0644\u062e\u0635\u0627\u0626\u0635\u0647 \u0627\u0644\u0645\u0631\u0645\u0645\u0629 \u0648\u0627\u0644\u0645\u0647\u062f\u0626\u0629. &#8211; \u0632\u0628\u062f\u0629 \u0627\u0644\u0634\u064a\u0627 + \u0633\u064a\u0631\u0627\u0645\u064a\u062f\u0627\u062a \u0644\u062a\u0642\u0648\u064a\u0629 \u0627\u0644\u062d\u0627\u062c\u0632 \u0627\u0644\u062c\u0644\u062f\u064a \u0648\u0645\u0646\u0639 [&hellip;]<\/p>\n","protected":false},"featured_media":32376,"template":"","meta":[],"pwb-brand":[225],"product_brand":[],"product_cat":[1227,1121],"product_tag":[672,697,684,1013],"class_list":{"0":"post-32373","1":"product","2":"type-product","3":"status-publish","4":"has-post-thumbnail","6":"pwb-brand-la-roche-posay","7":"product_cat-face-renew","8":"product_cat-face-moist","9":"product_tag-wrinkles","10":"product_tag-moisturizing","11":"product_tag-restoration","12":"product_tag-1013","14":"first","15":"outofstock","16":"shipping-taxable","17":"product-type-variable","18":"has-default-attributes","19":"wvs-archive-product-wrapper"},"brands":[{"id":225,"name":"La Roche Posay","slug":"la-roche-posay"}],"_links":{"self":[{"href":"https:\/\/gopinkish.com\/fr\/wp-json\/wp\/v2\/product\/32373","targetHints":{"allow":["GET"]}}],"collection":[{"href":"https:\/\/gopinkish.com\/fr\/wp-json\/wp\/v2\/product"}],"about":[{"href":"https:\/\/gopinkish.com\/fr\/wp-json\/wp\/v2\/types\/product"}],"wp:featuredmedia":[{"embeddable":true,"href":"https:\/\/gopinkish.com\/fr\/wp-json\/wp\/v2\/media\/32376"}],"wp:attachment":[{"href":"https:\/\/gopinkish.com\/fr\/wp-json\/wp\/v2\/media?parent=32373"}],"wp:term":[{"taxonomy":"pwb-brand","embeddable":true,"href":"https:\/\/gopinkish.com\/fr\/wp-json\/wp\/v2\/pwb-brand?post=32373"},{"taxonomy":"product_brand","embeddable":true,"href":"https:\/\/gopinkish.com\/fr\/wp-json\/wp\/v2\/product_brand?post=32373"},{"taxonomy":"product_cat","embeddable":true,"href":"https:\/\/gopinkish.com\/fr\/wp-json\/wp\/v2\/product_cat?post=32373"},{"taxonomy":"product_tag","embeddable":true,"href":"https:\/\/gopinkish.com\/fr\/wp-json\/wp\/v2\/product_tag?post=32373"}],"curies":[{"name":"wp","href":"https:\/\/api.w.org\/{rel}","templated":true}]}}