{"id":32335,"date":"2024-10-07T13:47:56","date_gmt":"2024-10-07T12:47:56","guid":{"rendered":"https:\/\/gopinkish.com\/?post_type=product&#038;p=32335"},"modified":"2026-01-08T09:47:56","modified_gmt":"2026-01-08T08:47:56","slug":"7509552914696","status":"publish","type":"product","link":"https:\/\/gopinkish.com\/fr\/produit\/7509552914696\/","title":{"rendered":"\u0643\u0631\u064a\u0645 \u062a\u0635\u0641\u064a\u0641 \u0648 \u0627\u0644\u062a\u062d\u0643\u0645 \u0641\u064a \u0648 \u062a\u062d\u062f\u064a\u062f \u0627\u0644\u0634\u0639\u0631 \u0627\u0644\u0645\u062a\u062c\u0639\u062f (\u0627\u0644\u0643\u064a\u0631\u0644\u064a)"},"content":{"rendered":"<p><!--StartFragment --><\/p>\n<p style=\"text-align: justify;\">Cr\u00e8me de coiffage <strong>Garnier Fructis Control y Definici\u00f3n Rizos Poderosos<\/strong> \u064a\u0645\u0646\u062d\u0643\u0650 \u062a\u062d\u0643\u0645\u064b\u0627 \u0643\u0627\u0645\u0644\u0627\u064b \u0641\u064a \u062a\u062c\u0639\u064a\u062f\u0627\u062a\u0643\u0650 \u0645\u0639 \u062a\u0639\u0631\u064a\u0641 \u0645\u0631\u0646 \u064a\u062f\u0648\u0645 \u062d\u062a\u0649 <strong>72 heures<\/strong>. \u062a\u0631\u0643\u064a\u0628\u062a\u0647 \u0627\u0644\u063a\u0646\u064a\u0629 \u0628\u0640 <strong>\u0628\u0631\u0648\u062a\u064a\u0646 \u0627\u0644\u0641\u0627\u0643\u0647\u0629 + \u0632\u064a\u062a \u062c\u0648\u0632 \u0627\u0644\u0647\u0646\u062f + \u0623\u062d\u0645\u0627\u0636 \u0623\u0645\u064a\u0646\u064a\u0629<\/strong> \u062a\u0639\u0645\u0644 \u0639\u0644\u0649 \u062a\u0642\u0648\u064a\u0629 \u0623\u0644\u064a\u0627\u0641 \u0627\u0644\u0634\u0639\u0631 \u0645\u0646 \u0627\u0644\u062c\u0630\u0648\u0631 \u062d\u062a\u0649 \u0627\u0644\u0623\u0637\u0631\u0627\u0641\u060c \u062a\u063a\u0630\u064a \u0627\u0644\u062e\u0635\u0644\u0627\u062a \u0628\u0639\u0645\u0642\u060c \u0648\u062a\u0645\u0646\u062d\u0647\u0627 \u0645\u0631\u0648\u0646\u0629 \u0648\u0644\u0645\u0639\u0627\u0646\u064b\u0627 \u0637\u0628\u064a\u0639\u064a\u064b\u0627.<\/p>\n<p style=\"text-align: justify;\">\u0628\u0641\u0636\u0644 \u0641\u0639\u0627\u0644\u064a\u062a\u0647 \u0627\u0644\u0645\u0636\u0627\u062f\u0629 \u0644\u0644\u0631\u0637\u0648\u0628\u0629 \u0648\u0627\u0644\u062a\u062c\u0639\u062f (Anti-Frizz)\u060c \u064a\u0633\u0627\u0639\u062f \u0639\u0644\u0649 \u062a\u0642\u0644\u064a\u0644 \u0627\u0644\u062d\u062c\u0645 \u0627\u0644\u0632\u0627\u0626\u062f \u0648\u0627\u0644\u062a\u062d\u0643\u0645 \u0641\u064a \u0627\u0644\u0634\u0639\u0631 \u0627\u0644\u0645\u062a\u0637\u0627\u064a\u0631\u060c \u0644\u064a\u0645\u0646\u062d\u0643\u0650 \u062a\u0645\u0648\u062c\u0627\u062a \u0645\u062d\u062f\u062f\u0629\u060c \u0645\u0631\u0646\u0629\u060c \u0648\u0644\u0627\u0645\u0639\u0629 \u062a\u062f\u0648\u0645 \u0637\u0648\u0627\u0644 \u0627\u0644\u064a\u0648\u0645. \u064a\u0645\u0643\u0646 \u0627\u0633\u062a\u062e\u062f\u0627\u0645\u0647 \u064a\u0648\u0645\u064a\u064b\u0627 \u0639\u0644\u0649 \u0627\u0644\u0634\u0639\u0631 \u0627\u0644\u0631\u0637\u0628 \u0623\u0648 \u0627\u0644\u062c\u0627\u0641 \u062f\u0648\u0646 \u0627\u0644\u062d\u0627\u062c\u0629 \u0625\u0644\u0649 \u0634\u0637\u0641\u060c \u0645\u0645\u0627 \u064a\u062c\u0639\u0644\u0647 \u0639\u0645\u0644\u064a\u064b\u0627 \u0648\u0633\u0647\u0644 \u0627\u0644\u0627\u0633\u062a\u062e\u062f\u0627\u0645.<\/p>\n<p style=\"text-align: justify;\"><strong>Principales caract\u00e9ristiques et avantages :<\/strong><br \/>\n\u2022 \u064a\u0645\u0646\u062d \u062a\u0639\u0631\u064a\u0641\u064b\u0627 \u0645\u0631\u0646\u064b\u0627 \u0648\u062a\u0645\u0648\u062c\u0627\u062a \u0645\u062d\u062f\u062f\u0629 \u062d\u062a\u0649 72 \u0633\u0627\u0639\u0629.<br \/>\n\u2022 \u063a\u0646\u064a \u0628\u0632\u064a\u062a \u062c\u0648\u0632 \u0627\u0644\u0647\u0646\u062f\u060c \u0628\u0631\u0648\u062a\u064a\u0646 \u0627\u0644\u0641\u0627\u0643\u0647\u0629\u060c \u0648\u0623\u062d\u0645\u0627\u0636 \u0623\u0645\u064a\u0646\u064a\u0629.<br \/>\n\u2022 \u064a\u0642\u0648\u064a \u0627\u0644\u0634\u0639\u0631 \u0648\u064a\u063a\u0630\u064a\u0647 \u0645\u0646 \u0627\u0644\u062c\u0630\u0648\u0631 \u062d\u062a\u0649 \u0627\u0644\u0623\u0637\u0631\u0627\u0641.<br \/>\n\u2022 \u064a\u0642\u0644\u0644 \u0645\u0646 \u0627\u0644\u062d\u062c\u0645 \u0627\u0644\u0632\u0627\u0626\u062f \u0648\u064a\u062a\u062d\u0643\u0645 \u0641\u064a \u0627\u0644\u0634\u0639\u0631 \u0627\u0644\u0645\u062a\u0637\u0627\u064a\u0631.<br \/>\n\u2022 \u0641\u0639\u0627\u0644\u064a\u0629 \u0645\u0636\u0627\u062f\u0629 \u0644\u0644\u0631\u0637\u0648\u0628\u0629 \u0648\u0627\u0644\u062a\u062c\u0639\u062f (Anti-Frizz).<br \/>\n\u2022 \u062a\u0631\u0643\u064a\u0628\u0629 \u062e\u0641\u064a\u0641\u0629 \u0644\u0627 \u062a\u062b\u0642\u0644 \u0627\u0644\u0634\u0639\u0631 \u0648\u0644\u0627 \u062a\u062a\u0631\u0643 \u0645\u0644\u0645\u0633\u064b\u0627 \u062f\u0647\u0646\u064a\u064b\u0627.<br \/>\n\u2022 \u064a\u0633\u062a\u062e\u062f\u0645 \u0628\u062f\u0648\u0646 \u0634\u0637\u0641 \u0639\u0644\u0649 \u0627\u0644\u0634\u0639\u0631 \u0627\u0644\u0631\u0637\u0628 \u0623\u0648 \u0627\u0644\u062c\u0627\u0641.<br \/>\n\u2022 \u0645\u062b\u0627\u0644\u064a \u0644\u0644\u0634\u0639\u0631 \u0627\u0644\u0645\u062c\u0639\u062f \u0648\u0627\u0644\u0645\u0645\u0648\u062c \u0627\u0644\u0628\u0627\u062d\u062b \u0639\u0646 \u062a\u0639\u0631\u064a\u0641 \u0637\u0648\u064a\u0644 \u0627\u0644\u0623\u0645\u062f.<\/p>\n<p dir=\"ltr\" style=\"text-align: center;\">\u200e\ud83c\uddec\ud83c\udde7 Garnier Fructis Control &amp; Definition Rizos Poderosos Styling Cream<br \/>\n\u200e\ud83c\uddeb\ud83c\uddf7 Garnier Fructis Cr\u00e8me de Coiffage Contr\u00f4le &amp; D\u00e9finition Rizos Poderosos<\/p>\n<p><!--EndFragment --><\/p>","protected":false},"excerpt":{"rendered":"<p>\u0643\u0631\u064a\u0645 \u0627\u0644\u062a\u0635\u0641\u064a\u0641 Garnier Fructis Control y Definici\u00f3n Rizos Poderosos \u064a\u0645\u0646\u062d\u0643\u0650 \u062a\u062d\u0643\u0645\u064b\u0627 \u0643\u0627\u0645\u0644\u0627\u064b \u0641\u064a \u062a\u062c\u0639\u064a\u062f\u0627\u062a\u0643\u0650 \u0645\u0639 \u062a\u0639\u0631\u064a\u0641 \u0645\u0631\u0646 \u064a\u062f\u0648\u0645 \u062d\u062a\u0649 72 \u0633\u0627\u0639\u0629. \u062a\u0631\u0643\u064a\u0628\u062a\u0647 \u0627\u0644\u063a\u0646\u064a\u0629 \u0628\u0640 \u0628\u0631\u0648\u062a\u064a\u0646 \u0627\u0644\u0641\u0627\u0643\u0647\u0629 + \u0632\u064a\u062a \u062c\u0648\u0632 \u0627\u0644\u0647\u0646\u062f + \u0623\u062d\u0645\u0627\u0636 \u0623\u0645\u064a\u0646\u064a\u0629 \u062a\u0639\u0645\u0644 \u0639\u0644\u0649 \u062a\u0642\u0648\u064a\u0629 \u0623\u0644\u064a\u0627\u0641 \u0627\u0644\u0634\u0639\u0631 \u0645\u0646 \u0627\u0644\u062c\u0630\u0648\u0631 \u062d\u062a\u0649 \u0627\u0644\u0623\u0637\u0631\u0627\u0641\u060c \u062a\u063a\u0630\u064a \u0627\u0644\u062e\u0635\u0644\u0627\u062a \u0628\u0639\u0645\u0642\u060c \u0648\u062a\u0645\u0646\u062d\u0647\u0627 \u0645\u0631\u0648\u0646\u0629 \u0648\u0644\u0645\u0639\u0627\u0646\u064b\u0627 \u0637\u0628\u064a\u0639\u064a\u064b\u0627. \u0628\u0641\u0636\u0644 \u0641\u0639\u0627\u0644\u064a\u062a\u0647 \u0627\u0644\u0645\u0636\u0627\u062f\u0629 \u0644\u0644\u0631\u0637\u0648\u0628\u0629 \u0648\u0627\u0644\u062a\u062c\u0639\u062f (Anti-Frizz)\u060c [&hellip;]<\/p>\n","protected":false},"featured_media":32336,"template":"","meta":[],"pwb-brand":[218],"product_brand":[],"product_cat":[1152,1225,1157],"product_tag":[],"class_list":{"0":"post-32335","1":"product","2":"type-product","3":"status-publish","4":"has-post-thumbnail","6":"pwb-brand-garnier","7":"product_cat-hair-cream","8":"product_cat-sale","9":"product_cat-curly-hair-care","11":"first","12":"outofstock","13":"shipping-taxable","14":"product-type-variable","15":"has-default-attributes","16":"wvs-archive-product-wrapper"},"brands":[{"id":218,"name":"Garnier","slug":"garnier"}],"_links":{"self":[{"href":"https:\/\/gopinkish.com\/fr\/wp-json\/wp\/v2\/product\/32335","targetHints":{"allow":["GET"]}}],"collection":[{"href":"https:\/\/gopinkish.com\/fr\/wp-json\/wp\/v2\/product"}],"about":[{"href":"https:\/\/gopinkish.com\/fr\/wp-json\/wp\/v2\/types\/product"}],"wp:featuredmedia":[{"embeddable":true,"href":"https:\/\/gopinkish.com\/fr\/wp-json\/wp\/v2\/media\/32336"}],"wp:attachment":[{"href":"https:\/\/gopinkish.com\/fr\/wp-json\/wp\/v2\/media?parent=32335"}],"wp:term":[{"taxonomy":"pwb-brand","embeddable":true,"href":"https:\/\/gopinkish.com\/fr\/wp-json\/wp\/v2\/pwb-brand?post=32335"},{"taxonomy":"product_brand","embeddable":true,"href":"https:\/\/gopinkish.com\/fr\/wp-json\/wp\/v2\/product_brand?post=32335"},{"taxonomy":"product_cat","embeddable":true,"href":"https:\/\/gopinkish.com\/fr\/wp-json\/wp\/v2\/product_cat?post=32335"},{"taxonomy":"product_tag","embeddable":true,"href":"https:\/\/gopinkish.com\/fr\/wp-json\/wp\/v2\/product_tag?post=32335"}],"curies":[{"name":"wp","href":"https:\/\/api.w.org\/{rel}","templated":true}]}}