{"id":32300,"date":"2025-10-01T16:37:21","date_gmt":"2025-10-01T15:37:21","guid":{"rendered":"https:\/\/gopinkish.com\/?post_type=product&#038;p=32300"},"modified":"2025-10-06T17:08:05","modified_gmt":"2025-10-06T16:08:05","slug":"8436097092185","status":"publish","type":"product","link":"https:\/\/gopinkish.com\/fr\/produit\/8436097092185\/","title":{"rendered":"Mousse d\u00e9finissant les boucles"},"content":{"rendered":"<p><!--StartFragment --><\/p>\n<p style=\"text-align: justify;\">\u00c9lan <strong>Byphasse Mousse Capillaire D\u00e9finition Boucles Hair Styling<\/strong> Cr\u00e9e des boucles d\u00e9finies, souples et brillantes qui durent toute la journ\u00e9e. Sa formule l\u00e9g\u00e8re et innovante est enrichie de <strong>Provitamine B5<\/strong> Restaure la vitalit\u00e9, l'\u00e9lasticit\u00e9 et la brillance naturelle des cheveux. Il aide \u00e0 contr\u00f4ler les frisottis et donne \u00e0 vos cheveux un aspect plus lisse et plus frais sans les alourdir.<\/p>\n<p style=\"text-align: justify;\">Gr\u00e2ce \u00e0 sa texture mousseuse, il se r\u00e9partit facilement sur les cheveux humides pour cr\u00e9er des boucles naturelles et d\u00e9finies avec un fini soyeux. Adapt\u00e9 \u00e0 un usage quotidien sur les cheveux boucl\u00e9s ou ondul\u00e9s, il ajoute du volume et de la vivacit\u00e9 avec une tenue longue dur\u00e9e qui dure des heures.<\/p>\n<p style=\"text-align: justify;\"><strong>Principales caract\u00e9ristiques et avantages :<\/strong><br \/>\n- Red\u00e9finit les boucles et leur donne de l'\u00e9lasticit\u00e9 et du rebond.<br \/>\n- Enrichi en vitamine B5 pour des cheveux nourris et brillants.<br \/>\n- Minimise les frisottis et cr\u00e9e un look plus a\u00e9rodynamique.<br \/>\n- Une texture mousseuse l\u00e9g\u00e8re qui n'alourdit pas les cheveux.<br \/>\n- Ajoute un volume naturel et de l'\u00e9paisseur aux cheveux.<br \/>\n- Convient pour un usage quotidien sur les cheveux ondul\u00e9s et boucl\u00e9s.<br \/>\n- Procure une tenue longue dur\u00e9e avec un fini d'apparence naturelle.<br \/>\n- Le volume de 300 ml est pratique pour une utilisation continue.<\/p>\n<p dir=\"ltr\" style=\"text-align: center;\">\ud83c\uddec\ud83c\udde7 Byphasse Curl Definition Hair Mousse<br \/>\n\ud83c\uddeb\ud83c\uddf7 Byphasse Mousse D\u00e9finition Boucles<\/p>\n<p><!--EndFragment --><\/p>","protected":false},"excerpt":{"rendered":"<p>\u0645\u0648\u0633 Byphasse Mousse Capillaire D\u00e9finition Boucles Hair Styling \u064a\u0645\u0646\u062d \u0634\u0639\u0631\u0643\u0650 \u062a\u0645\u0648\u062c\u0627\u062a \u0645\u062d\u062f\u062f\u0629\u060c \u0645\u0631\u0646\u0629\u060c \u0648\u0644\u0627\u0645\u0639\u0629 \u062a\u062f\u0648\u0645 \u0637\u0648\u0627\u0644 \u0627\u0644\u064a\u0648\u0645. \u062a\u0631\u0643\u064a\u0628\u062a\u0647 \u0627\u0644\u062e\u0641\u064a\u0641\u0629 \u0648\u0627\u0644\u0645\u0628\u062a\u0643\u0631\u0629 \u063a\u0646\u064a\u0629 \u0628\u0640 \u0628\u0631\u0648\u0641\u064a\u062a\u0627\u0645\u064a\u0646 B5 \u0627\u0644\u0630\u064a \u064a\u0639\u064a\u062f \u0644\u0644\u0634\u0639\u0631 \u062d\u064a\u0648\u064a\u062a\u0647\u060c \u0645\u0631\u0648\u0646\u062a\u0647\u060c \u0648\u0644\u0645\u0639\u0627\u0646\u0647 \u0627\u0644\u0637\u0628\u064a\u0639\u064a. \u064a\u0633\u0627\u0639\u062f \u0639\u0644\u0649 \u0627\u0644\u062a\u062d\u0643\u0645 \u0641\u064a \u0627\u0644\u062a\u062c\u0639\u062f (Frizz) \u0648\u064a\u0645\u0646\u062d \u062e\u0635\u0644\u0627\u062a\u0643\u0650 \u0645\u0638\u0647\u0631\u064b\u0627 \u0623\u0643\u062b\u0631 \u0627\u0646\u0633\u064a\u0627\u0628\u064a\u0629 \u0648\u0627\u0646\u062a\u0639\u0627\u0634\u064b\u0627 \u062f\u0648\u0646 \u0623\u0646 \u064a\u062b\u0642\u0644\u0647\u0627. \u0628\u0641\u0636\u0644 \u0642\u0648\u0627\u0645\u0647 \u0627\u0644\u0631\u063a\u0648\u064a\u060c \u064a\u0648\u0632\u0639 \u0628\u0633\u0647\u0648\u0644\u0629 \u0639\u0644\u0649 \u0627\u0644\u0634\u0639\u0631 \u0627\u0644\u0631\u0637\u0628 \u0644\u064a\u0645\u0646\u062d\u0643\u0650 [&hellip;]<\/p>\n","protected":false},"featured_media":32302,"template":"","meta":[],"pwb-brand":[428],"product_brand":[],"product_cat":[1157],"product_tag":[1020],"class_list":{"0":"post-32300","1":"product","2":"type-product","3":"status-publish","4":"has-post-thumbnail","6":"pwb-brand-byphasse","7":"product_cat-curly-hair-care","8":"product_tag-1020","10":"first","11":"instock","12":"shipping-taxable","13":"purchasable","14":"product-type-variable","15":"has-default-attributes","16":"wvs-archive-product-wrapper"},"brands":[{"id":428,"name":"Byphasse","slug":"byphasse"}],"_links":{"self":[{"href":"https:\/\/gopinkish.com\/fr\/wp-json\/wp\/v2\/product\/32300","targetHints":{"allow":["GET"]}}],"collection":[{"href":"https:\/\/gopinkish.com\/fr\/wp-json\/wp\/v2\/product"}],"about":[{"href":"https:\/\/gopinkish.com\/fr\/wp-json\/wp\/v2\/types\/product"}],"wp:featuredmedia":[{"embeddable":true,"href":"https:\/\/gopinkish.com\/fr\/wp-json\/wp\/v2\/media\/32302"}],"wp:attachment":[{"href":"https:\/\/gopinkish.com\/fr\/wp-json\/wp\/v2\/media?parent=32300"}],"wp:term":[{"taxonomy":"pwb-brand","embeddable":true,"href":"https:\/\/gopinkish.com\/fr\/wp-json\/wp\/v2\/pwb-brand?post=32300"},{"taxonomy":"product_brand","embeddable":true,"href":"https:\/\/gopinkish.com\/fr\/wp-json\/wp\/v2\/product_brand?post=32300"},{"taxonomy":"product_cat","embeddable":true,"href":"https:\/\/gopinkish.com\/fr\/wp-json\/wp\/v2\/product_cat?post=32300"},{"taxonomy":"product_tag","embeddable":true,"href":"https:\/\/gopinkish.com\/fr\/wp-json\/wp\/v2\/product_tag?post=32300"}],"curies":[{"name":"wp","href":"https:\/\/api.w.org\/{rel}","templated":true}]}}