{"id":32287,"date":"2025-10-01T16:02:16","date_gmt":"2025-10-01T15:02:16","guid":{"rendered":"https:\/\/gopinkish.com\/?post_type=product&#038;p=32287"},"modified":"2025-10-06T16:34:49","modified_gmt":"2025-10-06T15:34:49","slug":"5057566072182","status":"publish","type":"product","link":"https:\/\/gopinkish.com\/fr\/produit\/5057566072182\/","title":{"rendered":"Poudre \u00e9claircissante et raffermissante"},"content":{"rendered":"<p style=\"text-align: justify;\">La poudre \u00e0 cuire Revolution Banana Deep vous donne un fini lumineux et lisse qui dure toute la journ\u00e9e. Sp\u00e9cialement formul\u00e9e pour les peaux moyennes \u00e0 fonc\u00e9es, elle aide \u00e0 \u00e9claircir et \u00e0 unifier le teint tout en r\u00e9duisant les brillances ind\u00e9sirables. La formule douce, sans talc, glisse sans effort pour aider \u00e0 fixer le maquillage et l'emp\u00eacher de se froisser ou de s'estomper.<br \/>\nEnrichi en vitamine E et en acide hyaluronique, il apporte une hydratation suppl\u00e9mentaire et prot\u00e8ge la peau du dess\u00e8chement, tout en renfor\u00e7ant son \u00e9lasticit\u00e9 naturelle. Il peut \u00eatre utilis\u00e9 pour la technique du Baking sous les yeux ou pour fixer le maquillage sur l'ensemble du visage, offrant un r\u00e9sultat lumineux et sans reflet sur les photos.<\/p>\n<p><strong>Principales caract\u00e9ristiques et avantages :<\/strong><br \/>\n- Id\u00e9al pour les peaux moyennes \u00e0 fonc\u00e9es avec un effet \u00e9claircissant.<br \/>\n- Formule sans talc, enrichie en vitamine E et en acide hyaluronique.<br \/>\n- Maintient le maquillage en place jusqu'\u00e0 24 heures avec un toucher doux.<br \/>\n- Minimise la brillance et donne un \u00e9clat naturel.<br \/>\n- Id\u00e9al pour la cuisson ou la pr\u00e9paration compl\u00e8te.<br \/>\n- Il est l\u00e9ger, ne fait pas de grumeaux et ne provoque pas de ridules.<br \/>\n- Permet d'obtenir des photos lumineuses, sans effet de flashback.<br \/>\n- Facile \u00e0 appliquer et dure toute la journ\u00e9e.<\/p>\n<p dir=\"ltr\" style=\"text-align: center;\">\ud83c\uddec\ud83c\udde7 Revolution Banana Deep Baking Powder (poudre \u00e0 lever)<br \/>\n\ud83c\uddeb\ud83c\uddf7 Revolution Poudre Fixatrice Banana Deep<\/p>","protected":false},"excerpt":{"rendered":"<p>\u0628\u0648\u062f\u0631\u0629 Revolution Banana Deep Baking Powder \u062a\u0645\u0646\u062d\u0643\u0650 \u0644\u0645\u0633\u0629 \u0646\u0647\u0627\u0626\u064a\u0629 \u0645\u0634\u0631\u0642\u0629 \u0648\u0646\u0627\u0639\u0645\u0629 \u062a\u062f\u0648\u0645 \u0637\u0648\u0627\u0644 \u0627\u0644\u064a\u0648\u0645. \u0635\u064f\u0645\u0645\u062a \u062e\u0635\u064a\u0635\u064b\u0627 \u0644\u0644\u0628\u0634\u0631\u0629 \u0627\u0644\u0645\u062a\u0648\u0633\u0637\u0629 \u0625\u0644\u0649 \u0627\u0644\u062f\u0627\u0643\u0646\u0629\u060c \u062d\u064a\u062b \u062a\u0633\u0627\u0639\u062f \u0639\u0644\u0649 \u062a\u0641\u062a\u064a\u062d \u0645\u0638\u0647\u0631 \u0627\u0644\u0628\u0634\u0631\u0629 \u0648\u062a\u0648\u062d\u064a\u062f \u0644\u0648\u0646\u0647\u0627 \u0645\u0639 \u062a\u0642\u0644\u064a\u0644 \u0627\u0644\u0644\u0645\u0639\u0627\u0646 \u063a\u064a\u0631 \u0627\u0644\u0645\u0631\u063a\u0648\u0628 \u0641\u064a\u0647. \u062a\u0631\u0643\u064a\u0628\u062a\u0647\u0627 \u0627\u0644\u0646\u0627\u0639\u0645\u0629 \u0648\u0627\u0644\u062e\u0627\u0644\u064a\u0629 \u0645\u0646 \u0627\u0644\u062a\u0644\u0643 \u062a\u0646\u0633\u0627\u0628 \u0628\u0633\u0647\u0648\u0644\u0629 \u0639\u0644\u0649 \u0627\u0644\u0628\u0634\u0631\u0629 \u0644\u062a\u062b\u0628\u064a\u062a \u0627\u0644\u0645\u0643\u064a\u0627\u062c \u0648\u0645\u0646\u0639 \u062a\u0643\u062a\u0644\u0647 \u0623\u0648 \u062a\u0644\u0627\u0634\u064a\u0647. \u0628\u0641\u0636\u0644 \u0627\u062d\u062a\u0648\u0627\u0626\u0647\u0627 \u0639\u0644\u0649 \u0641\u064a\u062a\u0627\u0645\u064a\u0646 E \u0648\u062d\u0645\u0636 [&hellip;]<\/p>\n","protected":false},"featured_media":32292,"template":"","meta":[],"pwb-brand":[754],"product_brand":[],"product_cat":[1172],"product_tag":[],"class_list":{"0":"post-32287","1":"product","2":"type-product","3":"status-publish","4":"has-post-thumbnail","6":"pwb-brand-revolution","7":"product_cat-powder-makeup","9":"first","10":"instock","11":"shipping-taxable","12":"purchasable","13":"product-type-variable","14":"has-default-attributes","15":"wvs-archive-product-wrapper"},"brands":[{"id":754,"name":"Revolution","slug":"revolution"}],"_links":{"self":[{"href":"https:\/\/gopinkish.com\/fr\/wp-json\/wp\/v2\/product\/32287","targetHints":{"allow":["GET"]}}],"collection":[{"href":"https:\/\/gopinkish.com\/fr\/wp-json\/wp\/v2\/product"}],"about":[{"href":"https:\/\/gopinkish.com\/fr\/wp-json\/wp\/v2\/types\/product"}],"wp:featuredmedia":[{"embeddable":true,"href":"https:\/\/gopinkish.com\/fr\/wp-json\/wp\/v2\/media\/32292"}],"wp:attachment":[{"href":"https:\/\/gopinkish.com\/fr\/wp-json\/wp\/v2\/media?parent=32287"}],"wp:term":[{"taxonomy":"pwb-brand","embeddable":true,"href":"https:\/\/gopinkish.com\/fr\/wp-json\/wp\/v2\/pwb-brand?post=32287"},{"taxonomy":"product_brand","embeddable":true,"href":"https:\/\/gopinkish.com\/fr\/wp-json\/wp\/v2\/product_brand?post=32287"},{"taxonomy":"product_cat","embeddable":true,"href":"https:\/\/gopinkish.com\/fr\/wp-json\/wp\/v2\/product_cat?post=32287"},{"taxonomy":"product_tag","embeddable":true,"href":"https:\/\/gopinkish.com\/fr\/wp-json\/wp\/v2\/product_tag?post=32287"}],"curies":[{"name":"wp","href":"https:\/\/api.w.org\/{rel}","templated":true}]}}