{"id":32268,"date":"2025-10-03T15:47:36","date_gmt":"2025-10-03T14:47:36","guid":{"rendered":"https:\/\/gopinkish.com\/?post_type=product&#038;p=32268"},"modified":"2026-05-03T14:04:00","modified_gmt":"2026-05-03T13:04:00","slug":"30189096","status":"publish","type":"product","link":"https:\/\/gopinkish.com\/fr\/produit\/30189096\/","title":{"rendered":"Mascara volumateur et allongeant sans faire de paquets"},"content":{"rendered":"<p><!--StartFragment --><\/p>\n<p style=\"text-align: justify;\">Mascara <strong>L'Or\u00e9al Paris Paradise Big Deal Mascara<\/strong> Gr\u00e2ce \u00e0 sa formule innovante et \u00e0 sa brosse unique, il donne \u00e0 vos cils volume et longueur. Gr\u00e2ce \u00e0 la brosse <strong>C\u00f4ne transversal<\/strong> Gr\u00e2ce \u00e0 ses poils hybrides, il capture chaque cil de la racine \u00e0 la pointe pour un volume uniforme et une s\u00e9paration parfaite, sans faire de paquets. Sa formule modulable vous permet d'augmenter le volume et la longueur couche par couche sans alourdir les cils.<\/p>\n<p style=\"text-align: justify;\">L\u00e9ger et optimis\u00e9 avec <strong>Complexe autolissant<\/strong> Lisses et d\u00e9finis \u00e0 chaque passage, ils restent en place toute la journ\u00e9e sans s'estomper ni s'\u00e9cailler. Adapt\u00e9 aux yeux sensibles et aux porteurs de lentilles de contact, c'est le choix parfait pour un look spectaculaire et confortable qui dure du matin au soir.<\/p>\n<p style=\"text-align: justify;\"><strong>Principales caract\u00e9ristiques et avantages :<\/strong><br \/>\n- Grande taille et longueur perceptible \u00e0 chaque passage.<br \/>\n- Combinaison modulable sans faire de grumeaux.<br \/>\n- Une brosse \u00e0 c\u00f4nes crois\u00e9s qui capture chaque cil depuis la racine.<br \/>\n- Technologie du complexe autolissant pour s\u00e9parer et lisser les cils.<br \/>\n- Il tient toute la journ\u00e9e sans s'\u00e9cailler ni se tacher.<br \/>\n- Convient aux yeux sensibles et aux porteurs de lentilles de contact.<br \/>\n- Donne l'apparence de faux cils \u00e9pais et longs.<br \/>\n- Parfait pour les looks quotidiens et dramatiques.<\/p>\n<p dir=\"ltr\" style=\"text-align: center;\">\ud83c\uddec\ud83c\udde7 L'Or\u00e9al Paris Paradise Big Deal Mascara<br \/>\n\ud83c\uddeb\ud83c\uddf7 L'Or\u00e9al Paris Paradise Big Deal Mascara<\/p>\n<p><!--EndFragment --><\/p>","protected":false},"excerpt":{"rendered":"<p>\u0645\u0627\u0633\u0643\u0627\u0631\u0627 L&#8217;Or\u00e9al Paris Paradise Big Deal Mascara \u062a\u0645\u0646\u062d \u0631\u0645\u0648\u0634\u0643\u0650 \u062d\u062c\u0645\u064b\u0627 \u0643\u0628\u064a\u0631\u064b\u0627 \u0648\u0637\u0648\u0644\u064b\u0627 \u0645\u0644\u062d\u0648\u0638\u064b\u0627 \u0628\u0641\u0636\u0644 \u062a\u0631\u0643\u064a\u0628\u062a\u0647\u0627 \u0627\u0644\u0645\u0628\u062a\u0643\u0631\u0629 \u0648\u0641\u0631\u0634\u0627\u062a\u0647\u0627 \u0627\u0644\u0641\u0631\u064a\u062f\u0629. \u0628\u0641\u0636\u0644 \u0627\u0644\u0641\u0631\u0634\u0627\u0629 \u0627\u0644\u0645\u0633\u062a\u0639\u0631\u0636\u0629-\u0627\u0644\u0645\u062e\u0631\u0648\u0637\u064a\u0629 \u0630\u0627\u062a \u0627\u0644\u0634\u0639\u064a\u0631\u0627\u062a \u0627\u0644\u0647\u062c\u064a\u0646\u0629\u060c \u062a\u0644\u062a\u0642\u0637 \u0643\u0644 \u0631\u0645\u0634 \u0645\u0646 \u0627\u0644\u062c\u0630\u0648\u0631 \u062d\u062a\u0649 \u0627\u0644\u0623\u0637\u0631\u0627\u0641 \u0644\u062a\u0645\u0646\u062d\u0643\u0650 \u0643\u062b\u0627\u0641\u0629 \u0645\u062a\u0633\u0627\u0648\u064a\u0629 \u0648\u0641\u0635\u0644\u064b\u0627 \u0645\u062b\u0627\u0644\u064a\u064b\u0627 \u062f\u0648\u0646 \u062a\u0643\u062a\u0644. \u062a\u0631\u0643\u064a\u0628\u062a\u0647\u0627 \u0627\u0644\u0642\u0627\u0628\u0644\u0629 \u0644\u0644\u0628\u0646\u0627\u0621 \u062a\u0633\u0645\u062d \u0644\u0643\u0650 \u0628\u0632\u064a\u0627\u062f\u0629 \u0627\u0644\u062d\u062c\u0645 \u0648\u0627\u0644\u0637\u0648\u0644 \u0637\u0628\u0642\u0629 \u0628\u0639\u062f \u0637\u0628\u0642\u0629 \u062f\u0648\u0646 \u0623\u0646 \u062a\u062b\u0642\u0644 \u0627\u0644\u0631\u0645\u0648\u0634. \u062a\u0631\u0643\u064a\u0628\u062a\u0647\u0627 \u0627\u0644\u062e\u0641\u064a\u0641\u0629 [&hellip;]<\/p>\n","protected":false},"featured_media":32276,"template":"","meta":[],"pwb-brand":[239],"product_brand":[],"product_cat":[1189],"product_tag":[],"class_list":{"0":"post-32268","1":"product","2":"type-product","3":"status-publish","4":"has-post-thumbnail","6":"pwb-brand-loreal","7":"product_cat-eyes-mascara","9":"first","10":"instock","11":"shipping-taxable","12":"purchasable","13":"product-type-variable","14":"has-default-attributes","15":"wvs-archive-product-wrapper"},"brands":[{"id":239,"name":"L'Or\u00e9al Paris","slug":"loreal"}],"_links":{"self":[{"href":"https:\/\/gopinkish.com\/fr\/wp-json\/wp\/v2\/product\/32268","targetHints":{"allow":["GET"]}}],"collection":[{"href":"https:\/\/gopinkish.com\/fr\/wp-json\/wp\/v2\/product"}],"about":[{"href":"https:\/\/gopinkish.com\/fr\/wp-json\/wp\/v2\/types\/product"}],"wp:featuredmedia":[{"embeddable":true,"href":"https:\/\/gopinkish.com\/fr\/wp-json\/wp\/v2\/media\/32276"}],"wp:attachment":[{"href":"https:\/\/gopinkish.com\/fr\/wp-json\/wp\/v2\/media?parent=32268"}],"wp:term":[{"taxonomy":"pwb-brand","embeddable":true,"href":"https:\/\/gopinkish.com\/fr\/wp-json\/wp\/v2\/pwb-brand?post=32268"},{"taxonomy":"product_brand","embeddable":true,"href":"https:\/\/gopinkish.com\/fr\/wp-json\/wp\/v2\/product_brand?post=32268"},{"taxonomy":"product_cat","embeddable":true,"href":"https:\/\/gopinkish.com\/fr\/wp-json\/wp\/v2\/product_cat?post=32268"},{"taxonomy":"product_tag","embeddable":true,"href":"https:\/\/gopinkish.com\/fr\/wp-json\/wp\/v2\/product_tag?post=32268"}],"curies":[{"name":"wp","href":"https:\/\/api.w.org\/{rel}","templated":true}]}}