{"id":32250,"date":"2025-10-03T14:37:14","date_gmt":"2025-10-03T13:37:14","guid":{"rendered":"https:\/\/gopinkish.com\/?post_type=product&#038;p=32250"},"modified":"2026-02-03T23:05:41","modified_gmt":"2026-02-03T22:05:41","slug":"3600551009186","status":"publish","type":"product","link":"https:\/\/gopinkish.com\/fr\/produit\/3600551009186\/","title":{"rendered":"Baume de nuit anti-rides pour nourrir et r\u00e9g\u00e9n\u00e9rer la peau"},"content":{"rendered":"<p><!--StartFragment --><\/p>\n<p style=\"text-align: justify;\">Baume <strong>La Proven\u00e7ale Le Baume de Jouvence Anti-\u00a8ge Nuit<\/strong> Il s'agit d'un soin de nuit intensif con\u00e7u pour nourrir la peau en profondeur pendant le sommeil, moment de renouvellement optimal. Sa formule riche est \u00e0 base d'huile d'olive biologique de Provence AOC, connue pour ses propri\u00e9t\u00e9s antioxydantes gr\u00e2ce \u00e0 sa teneur \u00e9lev\u00e9e en polyph\u00e9nols. Sa texture luxueuse et cr\u00e9meuse se fond dans la peau d\u00e8s l'application, apportant une hydratation intense et un confort instantan\u00e9 sans laisser de r\u00e9sidu gras sur l'oreiller.<\/p>\n<p style=\"text-align: justify;\">Pendant la nuit, le baume resserre la peau, r\u00e9duit l'apparence des rides et restaure son \u00e9lasticit\u00e9 naturelle. Au r\u00e9veil, la peau est plus lumineuse, les traits du visage sont d\u00e9tendus, le grain de peau est plus lisse et plus rebondi. Son d\u00e9licat parfum floral, con\u00e7u \u00e0 Grasse, en France, ajoute une touche de d\u00e9tente et de bien-\u00eatre \u00e0 votre routine nocturne.<\/p>\n<p style=\"text-align: justify;\"><strong>Principales caract\u00e9ristiques et avantages :<\/strong><br \/>\n- Enrichi avec de l'huile d'olive biologique AOC de Provence.<br \/>\n- Nourrit et r\u00e9g\u00e9n\u00e8re la peau en profondeur pendant le sommeil.<br \/>\n- R\u00e9duit l'apparence des rides et am\u00e9liore l'\u00e9lasticit\u00e9 de la peau.<br \/>\n- Une texture luxueuse et cr\u00e9meuse qui fond facilement sans sensation de gras.<br \/>\n- Procure un \u00e9clat naturel et une apparence repos\u00e9e au r\u00e9veil.<br \/>\n- Une d\u00e9licate fragrance florale de Grasse pour une routine nocturne douillette.<br \/>\n- Contient 98% d'ingr\u00e9dients d'origine naturelle.<br \/>\n- Bio-certifi\u00e9 par Ecocert et respectueux de l'environnement.<\/p>\n<p dir=\"ltr\" style=\"text-align: center;\">\ud83c\uddec\ud83c\udde7 La Proven\u00e7ale Le Baume de Jouvence Cr\u00e8me de nuit anti-\u00e2ge<br \/>\n\ud83c\uddeb\ud83c\uddf7 La Proven\u00e7ale Le Baume de Jouvence Anti-\ufffdge Nuit<\/p>\n<p><!--EndFragment --><\/p>","protected":false},"excerpt":{"rendered":"<p>\u0628\u0644\u0633\u0645 La Proven\u00e7ale Le Baume de Jouvence Anti-\u00c2ge Nuit \u0647\u0648 \u0639\u0646\u0627\u064a\u0629 \u0644\u064a\u0644\u064a\u0629 \u0645\u0631\u0643\u0632\u0629 \u0635\u064f\u0645\u0645\u062a \u0644\u062a\u063a\u0630\u064a\u0629 \u0627\u0644\u0628\u0634\u0631\u0629 \u0628\u0639\u0645\u0642 \u0623\u062b\u0646\u0627\u0621 \u0627\u0644\u0646\u0648\u0645\u060c \u062d\u064a\u062b \u064a\u0643\u0648\u0646 \u0648\u0642\u062a \u0627\u0644\u062a\u062c\u062f\u064a\u062f \u0627\u0644\u0623\u0645\u062b\u0644. \u062a\u0631\u0643\u064a\u0628\u062a\u0647 \u0627\u0644\u063a\u0646\u064a\u0629 \u062a\u0639\u062a\u0645\u062f \u0639\u0644\u0649 \u0632\u064a\u062a \u0627\u0644\u0632\u064a\u062a\u0648\u0646 \u0627\u0644\u0628\u064a\u0648\u0644\u0648\u062c\u064a AOC \u0645\u0646 \u0628\u0631\u0648\u0641\u0627\u0646\u0633\u060c \u0627\u0644\u0645\u0639\u0631\u0648\u0641 \u0628\u062e\u0635\u0627\u0626\u0635\u0647 \u0627\u0644\u0645\u0636\u0627\u062f\u0629 \u0644\u0644\u0623\u0643\u0633\u062f\u0629 \u0628\u0641\u0636\u0644 \u0645\u062d\u062a\u0648\u0627\u0647 \u0627\u0644\u0639\u0627\u0644\u064a \u0645\u0646 \u0627\u0644\u0628\u0648\u0644\u064a\u0641\u064a\u0646\u0648\u0644\u0627\u062a. \u064a\u0645\u062a\u0627\u0632 \u0628\u0642\u0648\u0627\u0645\u0647 \u0627\u0644\u0643\u0631\u064a\u0645\u064a \u0627\u0644\u0641\u0627\u062e\u0631 \u0627\u0644\u0630\u064a \u064a\u0630\u0648\u0628 \u0639\u0644\u0649 \u0627\u0644\u0628\u0634\u0631\u0629 \u0641\u0648\u0631 \u0627\u0644\u062a\u0637\u0628\u064a\u0642\u060c \u0644\u064a\u0645\u0646\u062d\u0647\u0627 \u062a\u0631\u0637\u064a\u0628\u064b\u0627 [&hellip;]<\/p>\n","protected":false},"featured_media":32254,"template":"","meta":[],"pwb-brand":[245],"product_brand":[],"product_cat":[1231,1227,1121],"product_tag":[672,697,1013],"class_list":{"0":"post-32250","1":"product","2":"type-product","3":"status-publish","4":"has-post-thumbnail","6":"pwb-brand-la-provencale","7":"product_cat-daily-face-care","8":"product_cat-face-renew","9":"product_cat-face-moist","10":"product_tag-wrinkles","11":"product_tag-moisturizing","12":"product_tag-1013","14":"first","15":"instock","16":"shipping-taxable","17":"purchasable","18":"product-type-variable","19":"has-default-attributes","20":"wvs-archive-product-wrapper"},"brands":[{"id":245,"name":"La Proven\u00e7ale Bio","slug":"la-provencale"}],"_links":{"self":[{"href":"https:\/\/gopinkish.com\/fr\/wp-json\/wp\/v2\/product\/32250","targetHints":{"allow":["GET"]}}],"collection":[{"href":"https:\/\/gopinkish.com\/fr\/wp-json\/wp\/v2\/product"}],"about":[{"href":"https:\/\/gopinkish.com\/fr\/wp-json\/wp\/v2\/types\/product"}],"wp:featuredmedia":[{"embeddable":true,"href":"https:\/\/gopinkish.com\/fr\/wp-json\/wp\/v2\/media\/32254"}],"wp:attachment":[{"href":"https:\/\/gopinkish.com\/fr\/wp-json\/wp\/v2\/media?parent=32250"}],"wp:term":[{"taxonomy":"pwb-brand","embeddable":true,"href":"https:\/\/gopinkish.com\/fr\/wp-json\/wp\/v2\/pwb-brand?post=32250"},{"taxonomy":"product_brand","embeddable":true,"href":"https:\/\/gopinkish.com\/fr\/wp-json\/wp\/v2\/product_brand?post=32250"},{"taxonomy":"product_cat","embeddable":true,"href":"https:\/\/gopinkish.com\/fr\/wp-json\/wp\/v2\/product_cat?post=32250"},{"taxonomy":"product_tag","embeddable":true,"href":"https:\/\/gopinkish.com\/fr\/wp-json\/wp\/v2\/product_tag?post=32250"}],"curies":[{"name":"wp","href":"https:\/\/api.w.org\/{rel}","templated":true}]}}