{"id":32237,"date":"2025-10-01T13:36:09","date_gmt":"2025-10-01T12:36:09","guid":{"rendered":"https:\/\/gopinkish.com\/?post_type=product&#038;p=32237"},"modified":"2026-04-13T15:29:57","modified_gmt":"2026-04-13T14:29:57","slug":"8712561478762","status":"publish","type":"product","link":"https:\/\/gopinkish.com\/fr\/produit\/8712561478762\/","title":{"rendered":"Lotion Vaseline pour r\u00e9parer la peau s\u00e8che et l'hydrater en profondeur pendant 48 heures"},"content":{"rendered":"<p><!--StartFragment --><\/p>\n<p style=\"text-align: justify;\">Lotion <strong>Vaseline Intensive Care Advanced Repair 48h Deep Moisture<\/strong> La solution id\u00e9ale pour les peaux tr\u00e8s s\u00e8ches et rugueuses, d\u00e9velopp\u00e9e avec une formule enrichie en micro-moisturants Vaseline\u00ae Jelly et en lipides ultra-hydratants. Elle r\u00e9pare la peau en profondeur, de l'int\u00e9rieur, et offre jusqu'\u00e0 48 heures d'hydratation durable. Sa formule l\u00e9g\u00e8re et \u00e0 absorption rapide permet une utilisation quotidienne sans laisser de sensation de gras.<\/p>\n<p style=\"text-align: justify;\">Test\u00e9 dermatologiquement et prouv\u00e9 pour am\u00e9liorer l'apparence de la peau s\u00e8che en seulement 5 jours d'utilisation r\u00e9guli\u00e8re. Il aide \u00e0 renforcer la barri\u00e8re naturelle de la peau, lui redonnant douceur et \u00e9lasticit\u00e9 pour une apparence plus saine et plus \u00e9clatante. Il est \u00e9galement sans parfum, ce qui le rend adapt\u00e9 aux peaux sensibles.<\/p>\n<p style=\"text-align: justify;\"><strong>Principales caract\u00e9ristiques et avantages :<\/strong><br \/>\n- Procure une hydratation en profondeur qui dure jusqu'\u00e0 48 heures.<br \/>\n- Contient des micro-humidificateurs Vaseline\u00ae Gelly.<br \/>\n- Renforce la barri\u00e8re naturelle de la peau et aide \u00e0 la r\u00e9parer.<br \/>\n- Am\u00e9liore l'apparence de la peau s\u00e8che en 5 jours.<br \/>\n- Formule l\u00e9g\u00e8re, non grasse et \u00e0 absorption rapide.<br \/>\n- Convient aux peaux sensibles et sans parfum.<br \/>\n- Id\u00e9al pour une utilisation quotidienne sur l'ensemble du corps.<br \/>\n- Donne \u00e0 la peau une texture lisse et saine.<\/p>\n<p dir=\"ltr\" style=\"text-align: center;\">\ud83c\uddec\ud83c\udde7 Vaseline Intensive Care Advanced Repair 48h Deep Moisture Lotion<br \/>\n\ud83c\uddeb\ud83c\uddf7 Vaseline Intensive Care Lait R\u00e9parateur Avanc\u00e9 Hydratation 48h<\/p>\n<p><!--EndFragment --><\/p>","protected":false},"excerpt":{"rendered":"<p>\u0644\u0648\u0634\u0646 Vaseline Intensive Care Advanced Repair 48h Deep Moisture \u0647\u0648 \u0627\u0644\u062d\u0644 \u0627\u0644\u0645\u062b\u0627\u0644\u064a \u0644\u0644\u0628\u0634\u0631\u0629 \u0627\u0644\u062c\u0627\u0641\u0629 \u062c\u062f\u064b\u0627 \u0648\u0627\u0644\u062e\u0634\u0646\u0629\u060c \u062d\u064a\u062b \u062a\u0645 \u062a\u0637\u0648\u064a\u0631\u0647 \u0628\u062a\u0631\u0643\u064a\u0628\u0629 \u063a\u0646\u064a\u0629 \u0628\u0627\u0644\u0645\u0631\u0637\u0628\u0627\u062a \u0627\u0644\u062f\u0642\u064a\u0642\u0629 \u0645\u0646 \u0641\u0627\u0632\u0644\u064a\u0646\u00ae \u062c\u064a\u0644\u0644\u064a \u0648\u0627\u0644\u062f\u0647\u0648\u0646 \u0641\u0627\u0626\u0642\u0629 \u0627\u0644\u062a\u0631\u0637\u064a\u0628. \u064a\u0639\u0645\u0644 \u0639\u0644\u0649 \u0625\u0635\u0644\u0627\u062d \u0627\u0644\u0628\u0634\u0631\u0629 \u0628\u0639\u0645\u0642 \u0645\u0646 \u0627\u0644\u062f\u0627\u062e\u0644 \u0625\u0644\u0649 \u0627\u0644\u062e\u0627\u0631\u062c\u060c \u0648\u064a\u0645\u0646\u062d\u0647\u0627 \u062a\u0631\u0637\u064a\u0628\u064b\u0627 \u064a\u062f\u0648\u0645 \u062d\u062a\u0649 48 \u0633\u0627\u0639\u0629. \u062a\u0631\u0643\u064a\u0628\u062a\u0647 \u062e\u0641\u064a\u0641\u0629 \u0648\u0633\u0631\u064a\u0639\u0629 \u0627\u0644\u0627\u0645\u062a\u0635\u0627\u0635\u060c \u0645\u0645\u0627 \u064a\u062c\u0639\u0644\u0647 \u0645\u0646\u0627\u0633\u0628\u064b\u0627 \u0644\u0644\u0627\u0633\u062a\u062e\u062f\u0627\u0645 \u0627\u0644\u064a\u0648\u0645\u064a \u062f\u0648\u0646 \u0623\u0646 [&hellip;]<\/p>\n","protected":false},"featured_media":32238,"template":"","meta":[],"pwb-brand":[460],"product_brand":[],"product_cat":[1137],"product_tag":[697,680],"class_list":{"0":"post-32237","1":"product","2":"type-product","3":"status-publish","4":"has-post-thumbnail","6":"pwb-brand-vaseline","7":"product_cat-body-moist","8":"product_tag-moisturizing","9":"product_tag-dryness","11":"first","12":"instock","13":"shipping-taxable","14":"purchasable","15":"product-type-variable","16":"has-default-attributes","17":"wvs-archive-product-wrapper"},"brands":[{"id":460,"name":"Vaseline","slug":"vaseline"}],"_links":{"self":[{"href":"https:\/\/gopinkish.com\/fr\/wp-json\/wp\/v2\/product\/32237","targetHints":{"allow":["GET"]}}],"collection":[{"href":"https:\/\/gopinkish.com\/fr\/wp-json\/wp\/v2\/product"}],"about":[{"href":"https:\/\/gopinkish.com\/fr\/wp-json\/wp\/v2\/types\/product"}],"wp:featuredmedia":[{"embeddable":true,"href":"https:\/\/gopinkish.com\/fr\/wp-json\/wp\/v2\/media\/32238"}],"wp:attachment":[{"href":"https:\/\/gopinkish.com\/fr\/wp-json\/wp\/v2\/media?parent=32237"}],"wp:term":[{"taxonomy":"pwb-brand","embeddable":true,"href":"https:\/\/gopinkish.com\/fr\/wp-json\/wp\/v2\/pwb-brand?post=32237"},{"taxonomy":"product_brand","embeddable":true,"href":"https:\/\/gopinkish.com\/fr\/wp-json\/wp\/v2\/product_brand?post=32237"},{"taxonomy":"product_cat","embeddable":true,"href":"https:\/\/gopinkish.com\/fr\/wp-json\/wp\/v2\/product_cat?post=32237"},{"taxonomy":"product_tag","embeddable":true,"href":"https:\/\/gopinkish.com\/fr\/wp-json\/wp\/v2\/product_tag?post=32237"}],"curies":[{"name":"wp","href":"https:\/\/api.w.org\/{rel}","templated":true}]}}