{"id":32224,"date":"2025-10-01T13:21:02","date_gmt":"2025-10-01T12:21:02","guid":{"rendered":"https:\/\/gopinkish.com\/?post_type=product&#038;p=32224"},"modified":"2025-10-28T18:05:01","modified_gmt":"2025-10-28T17:05:01","slug":"305210287303","status":"publish","type":"product","link":"https:\/\/gopinkish.com\/fr\/produit\/305210287303\/","title":{"rendered":"Huile corporelle au cacao pour une hydratation en profondeur et un \u00e9clat naturel"},"content":{"rendered":"<p><!--StartFragment --><\/p>\n<p style=\"text-align: justify;\">Huile pour le corps <strong>Vaseline Intensive Care Cocoa Radiant Vitalising Body Oil (huile vitalisante pour le corps)<\/strong> Enrichi en beurre de cacao pur et en huiles nourrissantes, il procure une hydratation intense et une brillance saine. Il r\u00e9g\u00e9n\u00e8re les peaux ternes et s\u00e8ches, les laissant douces et soyeuses sans aucun r\u00e9sidu gras. Sa formule unique p\u00e9n\u00e8tre rapidement et aide \u00e0 restaurer l'\u00e9lasticit\u00e9 de la peau, ce qui la rend id\u00e9ale pour un usage quotidien apr\u00e8s la douche ou \u00e0 chaque fois que votre peau a besoin d'un soin suppl\u00e9mentaire.<\/p>\n<p style=\"text-align: justify;\">Gr\u00e2ce \u00e0 ses ingr\u00e9dients naturels, l'huile aide \u00e0 renforcer la barri\u00e8re protectrice de la peau et \u00e0 fixer l'hydratation plus longtemps, donnant \u00e0 votre peau un \u00e9clat naturel qui dure toute la journ\u00e9e. Son parfum chaud, inspir\u00e9 du cacao, apporte une touche de fra\u00eecheur et de confort, ce qui en fait un \u00e9l\u00e9ment essentiel de votre routine de soins.<\/p>\n<p style=\"text-align: justify;\"><strong>Principales caract\u00e9ristiques et avantages :<\/strong><br \/>\n- Riche en beurre de cacao pur et en huiles nourrissantes.<br \/>\n- Hydrate la peau en profondeur pour un \u00e9clat naturel.<br \/>\n- Aide \u00e0 r\u00e9g\u00e9n\u00e9rer les peaux ternes et s\u00e8ches.<br \/>\n- Une formule l\u00e9g\u00e8re qui p\u00e9n\u00e8tre rapidement sans sensation de gras.<br \/>\n- Renforce l'\u00e9lasticit\u00e9 de la peau et la maintient lisse.<br \/>\n- Id\u00e9al pour un usage quotidien apr\u00e8s la douche.<br \/>\n- Procure un parfum chaud et douillet, inspir\u00e9 du cacao.<br \/>\n- Convient \u00e0 tous les types de peau.<\/p>\n<p dir=\"ltr\" style=\"text-align: center;\">\ud83c\uddec\ud83c\udde7 Vaseline Intensive Care Cocoa Radiant Vitalising Body Oil (huile vitalisante pour le corps)<br \/>\n\ud83c\uddeb\ud83c\uddf7 Vaseline Intensive Care Huile Corporelle Vitalisante au Cacao Radiant<\/p>\n<p><!--EndFragment --><\/p>","protected":false},"excerpt":{"rendered":"<p>\u0632\u064a\u062a \u0627\u0644\u062c\u0633\u0645 Vaseline Intensive Care Cocoa Radiant Vitalizing Body Oil \u064a\u0645\u0646\u062d \u0628\u0634\u0631\u062a\u0643\u0650 \u062a\u0631\u0637\u064a\u0628\u064b\u0627 \u0645\u0643\u062b\u0641\u064b\u0627 \u0648\u0644\u0645\u0639\u0627\u0646\u064b\u0627 \u0635\u062d\u064a\u064b\u0627 \u0628\u0641\u0636\u0644 \u062a\u0631\u0643\u064a\u0628\u062a\u0647 \u0627\u0644\u063a\u0646\u064a\u0629 \u0628\u0632\u0628\u062f\u0629 \u0627\u0644\u0643\u0627\u0643\u0627\u0648 \u0627\u0644\u0646\u0642\u064a\u0629 \u0648\u0627\u0644\u0632\u064a\u0648\u062a \u0627\u0644\u0645\u063a\u0630\u064a\u0629. \u064a\u0639\u0645\u0644 \u0639\u0644\u0649 \u062a\u062c\u062f\u064a\u062f \u0627\u0644\u0628\u0634\u0631\u0629 \u0627\u0644\u0628\u0627\u0647\u062a\u0629 \u0648\u0627\u0644\u062c\u0627\u0641\u0629\u060c \u0648\u064a\u062a\u0631\u0643\u0647\u0627 \u0646\u0627\u0639\u0645\u0629 \u0648\u062d\u0631\u064a\u0631\u064a\u0629 \u0627\u0644\u0645\u0644\u0645\u0633 \u062f\u0648\u0646 \u0623\u064a \u0623\u062b\u0631 \u062f\u0647\u0646\u064a. \u062a\u0631\u0643\u064a\u0628\u062a\u0647 \u0627\u0644\u0641\u0631\u064a\u062f\u0629 \u062a\u0645\u062a\u0635 \u0628\u0633\u0631\u0639\u0629 \u0648\u062a\u0633\u0627\u0639\u062f \u0639\u0644\u0649 \u0627\u0633\u062a\u0639\u0627\u062f\u0629 \u0645\u0631\u0648\u0646\u0629 \u0627\u0644\u0628\u0634\u0631\u0629\u060c \u0645\u0645\u0627 \u064a\u062c\u0639\u0644\u0647 \u0645\u062b\u0627\u0644\u064a\u064b\u0627 \u0644\u0644\u0627\u0633\u062a\u062e\u062f\u0627\u0645 \u0627\u0644\u064a\u0648\u0645\u064a \u0628\u0639\u062f \u0627\u0644\u0627\u0633\u062a\u062d\u0645\u0627\u0645 \u0623\u0648 [&hellip;]<\/p>\n","protected":false},"featured_media":32230,"template":"","meta":[],"pwb-brand":[460],"product_brand":[],"product_cat":[1137],"product_tag":[697],"class_list":{"0":"post-32224","1":"product","2":"type-product","3":"status-publish","4":"has-post-thumbnail","6":"pwb-brand-vaseline","7":"product_cat-body-moist","8":"product_tag-moisturizing","10":"first","11":"outofstock","12":"shipping-taxable","13":"product-type-variable","14":"has-default-attributes","15":"wvs-archive-product-wrapper"},"brands":[{"id":460,"name":"Vaseline","slug":"vaseline"}],"_links":{"self":[{"href":"https:\/\/gopinkish.com\/fr\/wp-json\/wp\/v2\/product\/32224","targetHints":{"allow":["GET"]}}],"collection":[{"href":"https:\/\/gopinkish.com\/fr\/wp-json\/wp\/v2\/product"}],"about":[{"href":"https:\/\/gopinkish.com\/fr\/wp-json\/wp\/v2\/types\/product"}],"wp:featuredmedia":[{"embeddable":true,"href":"https:\/\/gopinkish.com\/fr\/wp-json\/wp\/v2\/media\/32230"}],"wp:attachment":[{"href":"https:\/\/gopinkish.com\/fr\/wp-json\/wp\/v2\/media?parent=32224"}],"wp:term":[{"taxonomy":"pwb-brand","embeddable":true,"href":"https:\/\/gopinkish.com\/fr\/wp-json\/wp\/v2\/pwb-brand?post=32224"},{"taxonomy":"product_brand","embeddable":true,"href":"https:\/\/gopinkish.com\/fr\/wp-json\/wp\/v2\/product_brand?post=32224"},{"taxonomy":"product_cat","embeddable":true,"href":"https:\/\/gopinkish.com\/fr\/wp-json\/wp\/v2\/product_cat?post=32224"},{"taxonomy":"product_tag","embeddable":true,"href":"https:\/\/gopinkish.com\/fr\/wp-json\/wp\/v2\/product_tag?post=32224"}],"curies":[{"name":"wp","href":"https:\/\/api.w.org\/{rel}","templated":true}]}}