{"id":32212,"date":"2025-10-01T12:24:37","date_gmt":"2025-10-01T11:24:37","guid":{"rendered":"https:\/\/gopinkish.com\/?post_type=product&#038;p=32212"},"modified":"2025-11-06T18:30:53","modified_gmt":"2025-11-06T17:30:53","slug":"8436097095346","status":"publish","type":"product","link":"https:\/\/gopinkish.com\/fr\/produit\/8436097095346\/","title":{"rendered":"Cr\u00e8me au r\u00e9tinol pour lutter contre les rides et hydrater la peau en profondeur"},"content":{"rendered":"<p><!--StartFragment --><\/p>\n<p style=\"text-align: justify;\">Cr\u00e8me <strong>Byphasse Retinol Cr\u00e8me Anti-Rides<\/strong> Combine la puissance du r\u00e9tinol et de l'acide hyaluronique dans une formule innovante qui cible efficacement les signes du vieillissement. Elle am\u00e9liore l'apparence des rides profondes et des rides d'expression, et renforce l'\u00e9lasticit\u00e9 de la peau pour une apparence plus ferme et plus vivante. Sa formule riche et cr\u00e9meuse s'absorbe facilement et procure jusqu'\u00e0 24 heures d'hydratation durable, laissant la peau plus lisse et plus \u00e9clatante.<\/p>\n<p style=\"text-align: justify;\">Gr\u00e2ce \u00e0 ses ingr\u00e9dients actifs, la cr\u00e8me aide \u00e0 r\u00e9g\u00e9n\u00e9rer les cellules de la peau et \u00e0 stimuler la production de collag\u00e8ne, minimisant ainsi l'apparence des ridules et redonnant \u00e0 la peau son \u00e9clat naturel. Sa texture non grasse permet de l'utiliser pendant la nuit sur le visage et le cou, laissant la peau plus ferme et plus fra\u00eeche au r\u00e9veil.<\/p>\n<p style=\"text-align: justify;\"><strong>Principales caract\u00e9ristiques et avantages :<\/strong><br \/>\n- Minimise l'apparence des rides profondes et des rides d'expression.<br \/>\n- Il associe le r\u00e9tinol et l'acide hyaluronique pour hydrater et r\u00e9g\u00e9n\u00e9rer la peau.<br \/>\n- Am\u00e9liore l'\u00e9lasticit\u00e9 de la peau et lui donne un aspect plus ferme.<br \/>\n- Fournit jusqu'\u00e0 24 heures d'hydratation.<br \/>\n- Une formule cr\u00e9meuse et l\u00e9g\u00e8re qui p\u00e9n\u00e8tre rapidement.<br \/>\n- Texture non grasse adapt\u00e9e \u00e0 une utilisation nocturne.<br \/>\n- Aide \u00e0 r\u00e9g\u00e9n\u00e9rer les cellules de la peau et \u00e0 stimuler la production de collag\u00e8ne.<br \/>\n- Donne \u00e0 la peau un \u00e9clat naturel et une apparence plus jeune.<\/p>\n<p dir=\"ltr\" style=\"text-align: center;\">\ud83c\uddec\ud83c\udde7 Byphasse Cr\u00e8me anti-rides au r\u00e9tinol<br \/>\n\ud83c\uddeb\ud83c\uddf7 Byphasse Cr\u00e8me Anti-Rides au R\u00e9tinol<\/p>\n<p><!--EndFragment --><\/p>","protected":false},"excerpt":{"rendered":"<p>\u0643\u0631\u064a\u0645 Byphasse Retinol Cr\u00e8me Anti-Rides \u064a\u062c\u0645\u0639 \u0628\u064a\u0646 \u0642\u0648\u0629 \u0627\u0644\u0631\u064a\u062a\u064a\u0646\u0648\u0644 \u0648\u062d\u0645\u0636 \u0627\u0644\u0647\u064a\u0627\u0644\u0648\u0631\u0648\u0646\u064a\u0643 \u0641\u064a \u062a\u0631\u0643\u064a\u0628\u0629 \u0645\u0628\u062a\u0643\u0631\u0629 \u062a\u0633\u062a\u0647\u062f\u0641 \u0639\u0644\u0627\u0645\u0627\u062a \u0627\u0644\u062a\u0642\u062f\u0645 \u0641\u064a \u0627\u0644\u0633\u0646 \u0628\u0641\u0639\u0627\u0644\u064a\u0629. \u064a\u0639\u0645\u0644 \u0639\u0644\u0649 \u062a\u062d\u0633\u064a\u0646 \u0645\u0638\u0647\u0631 \u0627\u0644\u062a\u062c\u0627\u0639\u064a\u062f \u0627\u0644\u0639\u0645\u064a\u0642\u0629 \u0648\u062e\u0637\u0648\u0637 \u0627\u0644\u062a\u0639\u0628\u064a\u0631\u060c \u0648\u064a\u0639\u0632\u0632 \u0645\u0631\u0648\u0646\u0629 \u0627\u0644\u0628\u0634\u0631\u0629 \u0644\u062a\u0628\u062f\u0648 \u0623\u0643\u062b\u0631 \u062a\u0645\u0627\u0633\u0643\u064b\u0627 \u0648\u062d\u064a\u0648\u064a\u0629. \u062a\u0631\u0643\u064a\u0628\u062a\u0647 \u0627\u0644\u0643\u0631\u064a\u0645\u064a\u0629 \u0627\u0644\u063a\u0646\u064a\u0629 \u062a\u0645\u062a\u0635 \u0628\u0633\u0647\u0648\u0644\u0629 \u0648\u062a\u0648\u0641\u0631 \u062a\u0631\u0637\u064a\u0628\u064b\u0627 \u064a\u062f\u0648\u0645 \u062d\u062a\u0649 24 \u0633\u0627\u0639\u0629\u060c \u0645\u0645\u0627 \u064a\u0645\u0646\u062d \u0627\u0644\u0628\u0634\u0631\u0629 \u0645\u0638\u0647\u0631\u064b\u0627 \u0623\u0643\u062b\u0631 \u0646\u0639\u0648\u0645\u0629 \u0648\u0625\u0634\u0631\u0627\u0642\u064b\u0627. \u0628\u0641\u0636\u0644 \u0645\u0643\u0648\u0646\u0627\u062a\u0647 [&hellip;]<\/p>\n","protected":false},"featured_media":32214,"template":"","meta":[],"pwb-brand":[428],"product_brand":[],"product_cat":[1227,1121],"product_tag":[672,1013],"class_list":{"0":"post-32212","1":"product","2":"type-product","3":"status-publish","4":"has-post-thumbnail","6":"pwb-brand-byphasse","7":"product_cat-face-renew","8":"product_cat-face-moist","9":"product_tag-wrinkles","10":"product_tag-1013","12":"first","13":"outofstock","14":"shipping-taxable","15":"product-type-variable","16":"has-default-attributes","17":"wvs-archive-product-wrapper"},"brands":[{"id":428,"name":"Byphasse","slug":"byphasse"}],"_links":{"self":[{"href":"https:\/\/gopinkish.com\/fr\/wp-json\/wp\/v2\/product\/32212","targetHints":{"allow":["GET"]}}],"collection":[{"href":"https:\/\/gopinkish.com\/fr\/wp-json\/wp\/v2\/product"}],"about":[{"href":"https:\/\/gopinkish.com\/fr\/wp-json\/wp\/v2\/types\/product"}],"wp:featuredmedia":[{"embeddable":true,"href":"https:\/\/gopinkish.com\/fr\/wp-json\/wp\/v2\/media\/32214"}],"wp:attachment":[{"href":"https:\/\/gopinkish.com\/fr\/wp-json\/wp\/v2\/media?parent=32212"}],"wp:term":[{"taxonomy":"pwb-brand","embeddable":true,"href":"https:\/\/gopinkish.com\/fr\/wp-json\/wp\/v2\/pwb-brand?post=32212"},{"taxonomy":"product_brand","embeddable":true,"href":"https:\/\/gopinkish.com\/fr\/wp-json\/wp\/v2\/product_brand?post=32212"},{"taxonomy":"product_cat","embeddable":true,"href":"https:\/\/gopinkish.com\/fr\/wp-json\/wp\/v2\/product_cat?post=32212"},{"taxonomy":"product_tag","embeddable":true,"href":"https:\/\/gopinkish.com\/fr\/wp-json\/wp\/v2\/product_tag?post=32212"}],"curies":[{"name":"wp","href":"https:\/\/api.w.org\/{rel}","templated":true}]}}