{"id":32182,"date":"2025-10-06T00:36:09","date_gmt":"2025-10-05T23:36:09","guid":{"rendered":"https:\/\/gopinkish.com\/?post_type=product&#038;p=32182"},"modified":"2026-03-27T14:59:09","modified_gmt":"2026-03-27T13:59:09","slug":"3600531702182","status":"publish","type":"product","link":"https:\/\/gopinkish.com\/fr\/produit\/3600531702182\/","title":{"rendered":"Baume \u00e0 l\u00e8vres hydratant \u00e0 base d'huile avec un fini brillant naturel"},"content":{"rendered":"<p><!--StartFragment --><\/p>\n<p style=\"text-align: justify;\">Il est consid\u00e9r\u00e9 comme <strong>Maybelline Lifter Glaze<\/strong> Un baume \u00e0 l\u00e8vres innovant qui associe une hydratation profonde \u00e0 un fini brillant pour une moue plus pulpeuse et d'apparence plus saine. Enrichie en huiles hydratantes, en acide hyaluronique et en extrait de cerise ac\u00e9rola, la formule offre jusqu'\u00e0 24 heures d'hydratation longue dur\u00e9e, contribuant \u00e0 lisser les l\u00e8vres et \u00e0 minimiser l'apparence des ridules. Sa texture l\u00e9g\u00e8re fond facilement sur les l\u00e8vres pour un \u00e9clat vitreux sans aucune sensation collante.<\/p>\n<p style=\"text-align: justify;\">Avec des nuances transparentes et modulables, vous pouvez contr\u00f4ler l'intensit\u00e9 de la couleur pour un look naturel en journ\u00e9e ou plus audacieux en soir\u00e9e. Son pourcentage \u00e9lev\u00e9 d'ingr\u00e9dients d'origine naturelle en fait un choix id\u00e9al pour le soin quotidien des l\u00e8vres, qui paraissent plus lisses et plus saines apr\u00e8s une utilisation r\u00e9guli\u00e8re.<\/p>\n<p style=\"text-align: justify;\"><strong>Principales caract\u00e9ristiques et avantages :<\/strong><br \/>\n- Jusqu'\u00e0 24 heures d'hydratation.<br \/>\n- Riche en acide hyaluronique et en extrait de cerise ac\u00e9rola.<br \/>\n- Minimise l'apparence des ridules sur les l\u00e8vres.<br \/>\n- Texture l\u00e9g\u00e8re qui fond facilement sans coller.<br \/>\n- Des couleurs transparentes et modulables pour s'adapter \u00e0 tous les looks.<br \/>\n- Donne aux l\u00e8vres un aspect plus pulpeux et plus sain.<br \/>\n- Hautement formul\u00e9 avec des ingr\u00e9dients d'origine naturelle.<br \/>\n- Convient \u00e0 un usage quotidien pour tous les types de peau.<\/p>\n<p dir=\"ltr\" style=\"text-align: center;\">\ud83c\uddec\ud83c\udde7 Maybelline Lifter Glaze<br \/>\n\ud83c\uddeb\ud83c\uddf7 Maybelline Lifter Glaze<\/p>\n<p><!--EndFragment --><\/p>","protected":false},"excerpt":{"rendered":"<p>\u064a\u064f\u0639\u062a\u0628\u0631 Maybelline Lifter Glaze \u0628\u0644\u0633\u0645 \u0634\u0641\u0627\u0647 \u0645\u0628\u062a\u0643\u0631 \u064a\u062c\u0645\u0639 \u0628\u064a\u0646 \u062a\u0631\u0637\u064a\u0628 \u0639\u0645\u064a\u0642 \u0648\u0644\u0645\u0633\u0629 \u0644\u0627\u0645\u0639\u0629 \u062a\u0645\u0646\u062d \u0627\u0644\u0634\u0641\u0627\u0647 \u0645\u0638\u0647\u0631\u064b\u0627 \u0645\u0645\u062a\u0644\u0626\u064b\u0627 \u0648\u0635\u062d\u064a\u064b\u0627. \u062a\u0631\u0643\u064a\u0628\u062a\u0647 \u0627\u0644\u063a\u0646\u064a\u0629 \u0628\u0627\u0644\u0632\u064a\u0648\u062a \u0627\u0644\u0645\u0631\u0637\u0628\u0629\u060c \u062d\u0645\u0636 \u0627\u0644\u0647\u064a\u0627\u0644\u0648\u0631\u0648\u0646\u064a\u0643\u060c \u0648\u062e\u0644\u0627\u0635\u0629 \u0627\u0644\u0643\u0631\u0632 \u0627\u0644\u0623\u0633\u064a\u0631\u0648\u0644\u0627 \u062a\u0648\u0641\u0631 \u062a\u0631\u0637\u064a\u0628\u064b\u0627 \u064a\u062f\u0648\u0645 \u062d\u062a\u0649 24 \u0633\u0627\u0639\u0629\u060c \u0645\u0645\u0627 \u064a\u0633\u0627\u0639\u062f \u0639\u0644\u0649 \u062a\u0646\u0639\u064a\u0645 \u0627\u0644\u0634\u0641\u0627\u0647 \u0648\u062a\u0642\u0644\u064a\u0644 \u0645\u0638\u0647\u0631 \u0627\u0644\u062e\u0637\u0648\u0637 \u0627\u0644\u062f\u0642\u064a\u0642\u0629. \u0642\u0648\u0627\u0645\u0647 \u0627\u0644\u062e\u0641\u064a\u0641 \u064a\u0630\u0648\u0628 \u0639\u0644\u0649 \u0627\u0644\u0634\u0641\u0627\u0647 \u0628\u0633\u0647\u0648\u0644\u0629 \u0644\u064a\u0645\u0646\u062d\u0647\u0627 \u0625\u0634\u0631\u0627\u0642\u0629 \u0632\u062c\u0627\u062c\u064a\u0629 \u062c\u0630\u0627\u0628\u0629 \u062f\u0648\u0646 \u0623\u064a \u0625\u062d\u0633\u0627\u0633 [&hellip;]<\/p>\n","protected":false},"featured_media":32199,"template":"","meta":[],"pwb-brand":[238],"product_brand":[],"product_cat":[1177],"product_tag":[],"class_list":{"0":"post-32182","1":"product","2":"type-product","3":"status-publish","4":"has-post-thumbnail","6":"pwb-brand-maybelline-new-york","7":"product_cat-lips-balm-makeup","9":"first","10":"instock","11":"shipping-taxable","12":"purchasable","13":"product-type-variable","14":"has-default-attributes","15":"wvs-archive-product-wrapper"},"brands":[{"id":238,"name":"Maybelline New York","slug":"maybelline-new-york"}],"_links":{"self":[{"href":"https:\/\/gopinkish.com\/fr\/wp-json\/wp\/v2\/product\/32182","targetHints":{"allow":["GET"]}}],"collection":[{"href":"https:\/\/gopinkish.com\/fr\/wp-json\/wp\/v2\/product"}],"about":[{"href":"https:\/\/gopinkish.com\/fr\/wp-json\/wp\/v2\/types\/product"}],"wp:featuredmedia":[{"embeddable":true,"href":"https:\/\/gopinkish.com\/fr\/wp-json\/wp\/v2\/media\/32199"}],"wp:attachment":[{"href":"https:\/\/gopinkish.com\/fr\/wp-json\/wp\/v2\/media?parent=32182"}],"wp:term":[{"taxonomy":"pwb-brand","embeddable":true,"href":"https:\/\/gopinkish.com\/fr\/wp-json\/wp\/v2\/pwb-brand?post=32182"},{"taxonomy":"product_brand","embeddable":true,"href":"https:\/\/gopinkish.com\/fr\/wp-json\/wp\/v2\/product_brand?post=32182"},{"taxonomy":"product_cat","embeddable":true,"href":"https:\/\/gopinkish.com\/fr\/wp-json\/wp\/v2\/product_cat?post=32182"},{"taxonomy":"product_tag","embeddable":true,"href":"https:\/\/gopinkish.com\/fr\/wp-json\/wp\/v2\/product_tag?post=32182"}],"curies":[{"name":"wp","href":"https:\/\/api.w.org\/{rel}","templated":true}]}}