{"id":32160,"date":"2025-10-06T00:19:42","date_gmt":"2025-10-05T23:19:42","guid":{"rendered":"https:\/\/gopinkish.com\/?post_type=product&#038;p=32160"},"modified":"2026-05-14T11:03:27","modified_gmt":"2026-05-14T10:03:27","slug":"041554089127","status":"publish","type":"product","link":"https:\/\/gopinkish.com\/fr\/produit\/041554089127\/","title":{"rendered":"Un rouge \u00e0 l\u00e8vres mat longue dur\u00e9e \u00e0 la texture velout\u00e9e"},"content":{"rendered":"<p><!--StartFragment --><\/p>\n<p style=\"text-align: justify;\">Il vous donne <strong>Maybelline Super Stay Teddy Tint<\/strong> Une exp\u00e9rience unique qui allie la l\u00e9g\u00e8ret\u00e9 d'une teinte \u00e0 la profondeur d'une couleur mate. Sa formule innovante offre jusqu'\u00e0 12 heures de couleur intense sans bavure ni transfert, ce qui le rend parfait pour un usage quotidien comme pour les occasions sp\u00e9ciales. Sa texture l\u00e9g\u00e8re et velout\u00e9e glisse facilement pour un fini confortable et naturel tout au long de la journ\u00e9e.<\/p>\n<p style=\"text-align: justify;\">La teinte se pr\u00e9sente sous la forme d'une formule modulable, ce qui permet de contr\u00f4ler l'intensit\u00e9 de la couleur : Une touche l\u00e9g\u00e8re pour un look naturel, ou des couches suppl\u00e9mentaires pour un look plus audacieux. Elle peut \u00e9galement \u00eatre utilis\u00e9e sur les joues comme un blush l\u00e9ger qui donne un \u00e9clat subtil assorti \u00e0 la couleur de vos l\u00e8vres. Sa formule r\u00e9sistante \u00e0 l'eau et au transfert en fait un choix fiable qui dure des heures sans qu'il soit n\u00e9cessaire de le r\u00e9appliquer.<\/p>\n<p style=\"text-align: justify;\">Avec une gamme de nuances adapt\u00e9es \u00e0 toutes les carnations, cette teinte offre un fini mat voil\u00e9 qui ajoute une touche moderne et chic \u00e0 votre look.<\/p>\n<p><strong>Principales caract\u00e9ristiques et avantages :<\/strong><\/p>\n<p>- Texture lisse et l\u00e9g\u00e8re sur les l\u00e8vres.<br \/>\n- Rouge \u00e0 l\u00e8vres mat.<br \/>\n- Couleur des l\u00e8vres longue tenue jusqu'\u00e0 12 heures.<br \/>\n- Il ne dispara\u00eet pas.<br \/>\n- Formule botanique.<br \/>\n- R\u00e9sistant \u00e0 l'eau, aux bavures et aux baisers.<br \/>\n- Une couleur polyvalente pour les l\u00e8vres et les joues.<br \/>\n- Portez-le transparent, mat ou audacieux.<\/p>\n<p>&nbsp;<\/p>\n<p dir=\"ltr\" style=\"text-align: center;\">\ud83c\uddec\ud83c\udde7 Maybelline Super Stay Teddy Tint<br \/>\n\ud83c\uddeb\ud83c\uddf7 Maybelline Super Stay Teddy Tint<\/p>\n<p><!--EndFragment --><\/p>","protected":false},"excerpt":{"rendered":"<p>\u064a\u0645\u0646\u062d\u0643 Maybelline Super Stay Teddy Tint \u062a\u062c\u0631\u0628\u0629 \u0641\u0631\u064a\u062f\u0629 \u062a\u062c\u0645\u0639 \u0628\u064a\u0646 \u062e\u0641\u0629 \u0627\u0644\u062a\u0646\u062a \u0648\u0639\u0645\u0642 \u0627\u0644\u0644\u0648\u0646 \u0627\u0644\u0645\u0637\u0641\u064a. \u064a\u062a\u0645\u064a\u0632 \u0628\u062a\u0631\u0643\u064a\u0628\u0629 \u0645\u0628\u062a\u0643\u0631\u0629 \u062a\u0648\u0641\u0631 \u0644\u0648\u0646\u064b\u0627 \u0648\u0627\u0636\u062d\u064b\u0627 \u064a\u062f\u0648\u0645 \u062d\u062a\u0649 12 \u0633\u0627\u0639\u0629 \u062f\u0648\u0646 \u062a\u0644\u0637\u062e \u0623\u0648 \u0627\u0646\u062a\u0642\u0627\u0644\u060c \u0645\u0645\u0627 \u064a\u062c\u0639\u0644\u0647 \u0645\u062b\u0627\u0644\u064a\u064b\u0627 \u0644\u0644\u0627\u0633\u062a\u062e\u062f\u0627\u0645 \u0627\u0644\u064a\u0648\u0645\u064a \u0648\u0627\u0644\u0645\u0646\u0627\u0633\u0628\u0627\u062a \u0627\u0644\u062e\u0627\u0635\u0629 \u0639\u0644\u0649 \u062d\u062f \u0633\u0648\u0627\u0621. \u0628\u0641\u0636\u0644 \u0642\u0648\u0627\u0645\u0647 \u0627\u0644\u062e\u0641\u064a\u0641 \u0648\u0627\u0644\u0645\u062e\u0645\u0644\u064a\u060c \u064a\u0646\u0633\u0627\u0628 \u0639\u0644\u0649 \u0627\u0644\u0634\u0641\u0627\u0647 \u0628\u0633\u0647\u0648\u0644\u0629 \u0644\u064a\u0645\u0646\u062d\u0647\u0627 \u0644\u0645\u0633\u0629 \u0637\u0628\u064a\u0639\u064a\u0629 \u0645\u0631\u064a\u062d\u0629 \u0637\u0648\u0627\u0644 \u0627\u0644\u064a\u0648\u0645. \u064a\u0623\u062a\u064a \u0627\u0644\u062a\u0646\u062a [&hellip;]<\/p>\n","protected":false},"featured_media":32171,"template":"","meta":[],"pwb-brand":[238],"product_brand":[],"product_cat":[1181],"product_tag":[],"class_list":{"0":"post-32160","1":"product","2":"type-product","3":"status-publish","4":"has-post-thumbnail","6":"pwb-brand-maybelline-new-york","7":"product_cat-liquid-lipstick-makeup","9":"first","10":"instock","11":"shipping-taxable","12":"purchasable","13":"product-type-variable","14":"has-default-attributes","15":"wvs-archive-product-wrapper"},"brands":[{"id":238,"name":"Maybelline New York","slug":"maybelline-new-york"}],"_links":{"self":[{"href":"https:\/\/gopinkish.com\/fr\/wp-json\/wp\/v2\/product\/32160","targetHints":{"allow":["GET"]}}],"collection":[{"href":"https:\/\/gopinkish.com\/fr\/wp-json\/wp\/v2\/product"}],"about":[{"href":"https:\/\/gopinkish.com\/fr\/wp-json\/wp\/v2\/types\/product"}],"wp:featuredmedia":[{"embeddable":true,"href":"https:\/\/gopinkish.com\/fr\/wp-json\/wp\/v2\/media\/32171"}],"wp:attachment":[{"href":"https:\/\/gopinkish.com\/fr\/wp-json\/wp\/v2\/media?parent=32160"}],"wp:term":[{"taxonomy":"pwb-brand","embeddable":true,"href":"https:\/\/gopinkish.com\/fr\/wp-json\/wp\/v2\/pwb-brand?post=32160"},{"taxonomy":"product_brand","embeddable":true,"href":"https:\/\/gopinkish.com\/fr\/wp-json\/wp\/v2\/product_brand?post=32160"},{"taxonomy":"product_cat","embeddable":true,"href":"https:\/\/gopinkish.com\/fr\/wp-json\/wp\/v2\/product_cat?post=32160"},{"taxonomy":"product_tag","embeddable":true,"href":"https:\/\/gopinkish.com\/fr\/wp-json\/wp\/v2\/product_tag?post=32160"}],"curies":[{"name":"wp","href":"https:\/\/api.w.org\/{rel}","templated":true}]}}