{"id":32135,"date":"2025-10-05T23:49:46","date_gmt":"2025-10-05T22:49:46","guid":{"rendered":"https:\/\/gopinkish.com\/?post_type=product&#038;p=32135"},"modified":"2026-04-14T12:59:01","modified_gmt":"2026-04-14T11:59:01","slug":"8809875456484","status":"publish","type":"product","link":"https:\/\/gopinkish.com\/fr\/produit\/8809875456484\/","title":{"rendered":"S\u00e9rum au bacuchiol et aux c\u00e9ramides pour repulper et raffermir la peau"},"content":{"rendered":"<p><!--StartFragment --><\/p>\n<p style=\"text-align: justify;\">S\u00e9rum <strong>S\u00e9rum repulpant Deep Cera Bakuchiol<\/strong> EQUALBERRY est une innovation r\u00e9volutionnaire qui associe le pouvoir du bacuchiol, une alternative naturelle au r\u00e9tinol, \u00e0 de multiples c\u00e9ramides qui renforcent la barri\u00e8re protectrice de la peau. Ce s\u00e9rum stimule efficacement la production de collag\u00e8ne, contribuant \u00e0 am\u00e9liorer l'\u00e9lasticit\u00e9 de la peau et \u00e0 minimiser l'apparence des rides et ridules, tout en maintenant une douceur et une pl\u00e9nitude naturelles. Sa formule douce en fait un choix id\u00e9al pour celles qui recherchent des r\u00e9sultats efficaces sans l'irritation souvent associ\u00e9e au r\u00e9tinol.<\/p>\n<p style=\"text-align: justify;\">Enrichi de cinq c\u00e9ramides et de 13 peptides, ce s\u00e9rum assure une hydratation en profondeur et un soutien de la barri\u00e8re multicouche, aidant la peau \u00e0 conserver son hydratation plus longtemps et la prot\u00e9geant des agressions environnementales. Le niacinamide \u00e9quilibre la s\u00e9cr\u00e9tion de s\u00e9bum et r\u00e9duit l'apparence des pores, tandis que les antioxydants de la framboise rehaussent l'\u00e9clat de la peau et la prot\u00e8gent contre les signes de stress.<\/p>\n<p style=\"text-align: justify;\">Utilis\u00e9 r\u00e9guli\u00e8rement, ce s\u00e9rum donne \u00e0 la peau un aspect plus ferme et plus rebondi, lui redonnant vitalit\u00e9 et \u00e9lasticit\u00e9 pour un teint plus jeune et d'apparence plus saine.<\/p>\n<p dir=\"ltr\" style=\"text-align: center;\">\ud83c\uddec\ud83c\udde7 EQUALBERRY Deep Cera Bakuchiol S\u00e9rum repulpant<br \/>\n\ud83c\uddeb\ud83c\uddf7 EQUALBERRY S\u00e9rum Repulpant Bakuchiol Cera Profonde<\/p>\n<p><!--EndFragment --><\/p>","protected":false},"excerpt":{"rendered":"<p>\u064a\u064f\u0639\u062f \u0633\u064a\u0631\u0648\u0645 Deep Cera Bakuchiol Plumping Serum \u0645\u0646 EQQUALBERRY \u0627\u0628\u062a\u0643\u0627\u0631\u064b\u0627 \u0645\u062a\u0637\u0648\u0631\u064b\u0627 \u064a\u062c\u0645\u0639 \u0628\u064a\u0646 \u0642\u0648\u0629 \u0627\u0644\u0628\u0627\u0643\u0648\u062a\u0634\u064a\u0648\u0644\u060c \u0627\u0644\u0628\u062f\u064a\u0644 \u0627\u0644\u0637\u0628\u064a\u0639\u064a \u0644\u0644\u0631\u064a\u062a\u064a\u0646\u0648\u0644\u060c \u0648\u062e\u0644\u0627\u0635\u0629 \u0627\u0644\u0633\u064a\u0631\u0627\u0645\u064a\u062f\u0627\u062a \u0627\u0644\u0645\u062a\u0639\u062f\u062f\u0629 \u0627\u0644\u062a\u064a \u062a\u0639\u0632\u0632 \u0627\u0644\u062d\u0627\u062c\u0632 \u0627\u0644\u0648\u0627\u0642\u064a \u0644\u0644\u0628\u0634\u0631\u0629. \u064a\u0639\u0645\u0644 \u0647\u0630\u0627 \u0627\u0644\u0633\u064a\u0631\u0648\u0645 \u0639\u0644\u0649 \u062a\u062d\u0641\u064a\u0632 \u0625\u0646\u062a\u0627\u062c \u0627\u0644\u0643\u0648\u0644\u0627\u062c\u064a\u0646 \u0628\u0641\u0639\u0627\u0644\u064a\u0629\u060c \u0645\u0645\u0627 \u064a\u0633\u0627\u0639\u062f \u0639\u0644\u0649 \u062a\u062d\u0633\u064a\u0646 \u0645\u0631\u0648\u0646\u0629 \u0627\u0644\u0628\u0634\u0631\u0629 \u0648\u062a\u0642\u0644\u064a\u0644 \u0645\u0638\u0647\u0631 \u0627\u0644\u062e\u0637\u0648\u0637 \u0627\u0644\u062f\u0642\u064a\u0642\u0629 \u0648\u0627\u0644\u062a\u062c\u0627\u0639\u064a\u062f\u060c \u0645\u0639 \u0627\u0644\u062d\u0641\u0627\u0638 \u0639\u0644\u0649 \u0646\u0639\u0648\u0645\u0629 \u0648\u0627\u0645\u062a\u0644\u0627\u0621 \u0637\u0628\u064a\u0639\u064a. \u062a\u0631\u0643\u064a\u0628\u062a\u0647 \u0627\u0644\u0644\u0637\u064a\u0641\u0629 \u062a\u062c\u0639\u0644\u0647 \u062e\u064a\u0627\u0631\u064b\u0627 [&hellip;]<\/p>\n","protected":false},"featured_media":32149,"template":"","meta":[],"pwb-brand":[1447],"product_brand":[],"product_cat":[1231,1227,1121],"product_tag":[672,673,697,1013,763],"class_list":{"0":"post-32135","1":"product","2":"type-product","3":"status-publish","4":"has-post-thumbnail","6":"pwb-brand-eqqual-berry","7":"product_cat-daily-face-care","8":"product_cat-face-renew","9":"product_cat-face-moist","10":"product_tag-wrinkles","11":"product_tag-pores","12":"product_tag-moisturizing","13":"product_tag-1013","14":"product_tag-korean-product-2","16":"first","17":"outofstock","18":"shipping-taxable","19":"product-type-variable","20":"has-default-attributes","21":"wvs-archive-product-wrapper"},"brands":[{"id":1447,"name":"EqualBerry","slug":"eqqual-berry"}],"_links":{"self":[{"href":"https:\/\/gopinkish.com\/fr\/wp-json\/wp\/v2\/product\/32135","targetHints":{"allow":["GET"]}}],"collection":[{"href":"https:\/\/gopinkish.com\/fr\/wp-json\/wp\/v2\/product"}],"about":[{"href":"https:\/\/gopinkish.com\/fr\/wp-json\/wp\/v2\/types\/product"}],"wp:featuredmedia":[{"embeddable":true,"href":"https:\/\/gopinkish.com\/fr\/wp-json\/wp\/v2\/media\/32149"}],"wp:attachment":[{"href":"https:\/\/gopinkish.com\/fr\/wp-json\/wp\/v2\/media?parent=32135"}],"wp:term":[{"taxonomy":"pwb-brand","embeddable":true,"href":"https:\/\/gopinkish.com\/fr\/wp-json\/wp\/v2\/pwb-brand?post=32135"},{"taxonomy":"product_brand","embeddable":true,"href":"https:\/\/gopinkish.com\/fr\/wp-json\/wp\/v2\/product_brand?post=32135"},{"taxonomy":"product_cat","embeddable":true,"href":"https:\/\/gopinkish.com\/fr\/wp-json\/wp\/v2\/product_cat?post=32135"},{"taxonomy":"product_tag","embeddable":true,"href":"https:\/\/gopinkish.com\/fr\/wp-json\/wp\/v2\/product_tag?post=32135"}],"curies":[{"name":"wp","href":"https:\/\/api.w.org\/{rel}","templated":true}]}}