{"id":3202,"date":"2025-10-03T21:29:08","date_gmt":"2025-10-03T20:29:08","guid":{"rendered":"https:\/\/gopinkish.com\/?post_type=product&#038;p=3202"},"modified":"2026-04-01T18:44:30","modified_gmt":"2026-04-01T17:44:30","slug":"3337872411991","status":"publish","type":"product","link":"https:\/\/gopinkish.com\/fr\/produit\/3337872411991\/","title":{"rendered":"Gel moussant purifiant pour les peaux grasses et acn\u00e9iques"},"content":{"rendered":"<p style=\"text-align: justify;\"><!--StartFragment --><\/p>\n<p style=\"text-align: justify;\">Gel <strong>La Roche-Posay Effaclar Gel Moussant Purifiant<\/strong> Un nettoyant doux et efficace sp\u00e9cialement formul\u00e9 pour les peaux grasses et sensibles. Enrichi en Eau Thermale de La Roche-Posay et en<strong>Zinc PCA<\/strong>Il \u00e9limine les impuret\u00e9s et l'exc\u00e8s de s\u00e9bum sans dess\u00e9cher ni irriter la peau. Il aide \u00e0 affiner les pores et \u00e0 minimiser la brillance, laissant la peau propre et rafra\u00eechie tout en pr\u00e9servant son \u00e9quilibre naturel.<\/p>\n<p style=\"text-align: justify;\">Il dispose d'un <strong>pH physiologique<\/strong> Sans alcool ni parab\u00e8ne, il convient aux peaux sujettes \u00e0 l'acn\u00e9 ou aux irritations. Sa texture gel moussant s'\u00e9tale facilement sur le visage et le cou et procure une sensation de fra\u00eecheur imm\u00e9diate apr\u00e8s le lavage.<\/p>\n<p style=\"text-align: justify;\"><strong>Principales caract\u00e9ristiques et avantages :<\/strong><br \/>\n- Nettoie la peau en douceur et \u00e9limine les impuret\u00e9s et l'exc\u00e8s de s\u00e9bum.<br \/>\n- Minimise la brillance et aide \u00e0 affiner les pores.<br \/>\n- Enrichi en eau thermale apaisante de La Roche-Posay.<br \/>\n- Contient du zinc PCA pour contr\u00f4ler la s\u00e9cr\u00e9tion de graisse.<br \/>\n- Formule sans alcool ni parab\u00e8ne.<br \/>\n- Un pH physiologique adapt\u00e9 aux peaux sensibles.<br \/>\n- Non com\u00e9dog\u00e8ne.<br \/>\n- Convient aux peaux grasses, sensibles et acn\u00e9iques.<\/p>\n<p dir=\"ltr\" style=\"text-align: center;\">\ud83c\uddec\ud83c\udde7 La Roche-Posay Effaclar Gel Moussant Purifiant pour Peaux Grasses et Sensibles<br \/>\n\ud83c\uddeb\ud83c\uddf7 La Roche-Posay Effaclar Gel Moussant Purifiant Peaux Grasses et Sensibles<\/p>\n<p style=\"text-align: justify;\"><!--EndFragment --><\/p>","protected":false},"excerpt":{"rendered":"<p>\u062c\u0644 La Roche-Posay Effaclar Purifying Foaming Gel \u0647\u0648 \u0645\u0646\u0638\u0641 \u0644\u0637\u064a\u0641 \u0648\u0641\u0639\u0627\u0644 \u0635\u064f\u0645\u0645 \u062e\u0635\u064a\u0635\u064b\u0627 \u0644\u0644\u0628\u0634\u0631\u0629 \u0627\u0644\u062f\u0647\u0646\u064a\u0629 \u0648\u0627\u0644\u062d\u0633\u0627\u0633\u0629. \u0628\u0641\u0636\u0644 \u062a\u0631\u0643\u064a\u0628\u062a\u0647 \u0627\u0644\u063a\u0646\u064a\u0629 \u0628\u0645\u064a\u0627\u0647 \u0644\u0627\u0631\u0648\u0634 \u0628\u0648\u0632\u064a\u0647 \u0627\u0644\u062d\u0631\u0627\u0631\u064a\u0629 \u0648\u0632\u0646\u0643 PCA\u060c \u064a\u0639\u0645\u0644 \u0639\u0644\u0649 \u0625\u0632\u0627\u0644\u0629 \u0627\u0644\u0634\u0648\u0627\u0626\u0628 \u0648\u0627\u0644\u0632\u064a\u0648\u062a \u0627\u0644\u0632\u0627\u0626\u062f\u0629 \u062f\u0648\u0646 \u0627\u0644\u062a\u0633\u0628\u0628 \u0641\u064a \u062c\u0641\u0627\u0641 \u0623\u0648 \u062a\u0647\u064a\u062c \u0627\u0644\u0628\u0634\u0631\u0629. \u064a\u0633\u0627\u0639\u062f \u0639\u0644\u0649 \u062a\u0646\u0642\u064a\u0629 \u0627\u0644\u0645\u0633\u0627\u0645 \u0648\u062a\u0642\u0644\u064a\u0644 \u0627\u0644\u0644\u0645\u0639\u0627\u0646\u060c \u0644\u064a\u062a\u0631\u0643 \u0627\u0644\u0628\u0634\u0631\u0629 \u0646\u0638\u064a\u0641\u0629 \u0648\u0645\u0646\u062a\u0639\u0634\u0629 \u0645\u0639 \u0627\u0644\u062d\u0641\u0627\u0638 \u0639\u0644\u0649 \u062a\u0648\u0627\u0632\u0646\u0647\u0627 \u0627\u0644\u0637\u0628\u064a\u0639\u064a. \u062a\u0631\u0643\u064a\u0628\u062a\u0647 \u0630\u0627\u062a [&hellip;]<\/p>\n","protected":false},"featured_media":32312,"template":"","meta":[],"pwb-brand":[225],"product_brand":[],"product_cat":[1119],"product_tag":[688,689,683],"class_list":{"0":"post-3202","1":"product","2":"type-product","3":"status-publish","4":"has-post-thumbnail","6":"pwb-brand-la-roche-posay","7":"product_cat-face-wash","8":"product_tag-sensitive","9":"product_tag-oily","10":"product_tag-acne","12":"first","13":"instock","14":"shipping-taxable","15":"purchasable","16":"product-type-variable","17":"has-default-attributes","18":"wvs-archive-product-wrapper"},"brands":[{"id":225,"name":"La Roche Posay","slug":"la-roche-posay"}],"_links":{"self":[{"href":"https:\/\/gopinkish.com\/fr\/wp-json\/wp\/v2\/product\/3202","targetHints":{"allow":["GET"]}}],"collection":[{"href":"https:\/\/gopinkish.com\/fr\/wp-json\/wp\/v2\/product"}],"about":[{"href":"https:\/\/gopinkish.com\/fr\/wp-json\/wp\/v2\/types\/product"}],"wp:featuredmedia":[{"embeddable":true,"href":"https:\/\/gopinkish.com\/fr\/wp-json\/wp\/v2\/media\/32312"}],"wp:attachment":[{"href":"https:\/\/gopinkish.com\/fr\/wp-json\/wp\/v2\/media?parent=3202"}],"wp:term":[{"taxonomy":"pwb-brand","embeddable":true,"href":"https:\/\/gopinkish.com\/fr\/wp-json\/wp\/v2\/pwb-brand?post=3202"},{"taxonomy":"product_brand","embeddable":true,"href":"https:\/\/gopinkish.com\/fr\/wp-json\/wp\/v2\/product_brand?post=3202"},{"taxonomy":"product_cat","embeddable":true,"href":"https:\/\/gopinkish.com\/fr\/wp-json\/wp\/v2\/product_cat?post=3202"},{"taxonomy":"product_tag","embeddable":true,"href":"https:\/\/gopinkish.com\/fr\/wp-json\/wp\/v2\/product_tag?post=3202"}],"curies":[{"name":"wp","href":"https:\/\/api.w.org\/{rel}","templated":true}]}}