{"id":31917,"date":"2025-09-30T10:34:31","date_gmt":"2025-09-30T09:34:31","guid":{"rendered":"https:\/\/gopinkish.com\/?post_type=product&#038;p=31917"},"modified":"2026-04-12T12:14:59","modified_gmt":"2026-04-12T11:14:59","slug":"4006000005850","status":"publish","type":"product","link":"https:\/\/gopinkish.com\/fr\/produit\/4006000005850\/","title":{"rendered":"Baume \u00e0 l\u00e8vres teint\u00e9 24 heures au go\u00fbt de m\u00fbre"},"content":{"rendered":"<p style=\"text-align: justify;\">Labello 24 Hour Moisture Blackberry Shine Lip Moisturiser maintient vos l\u00e8vres hydrat\u00e9es pendant 24 heures avec un d\u00e9licieux parfum de framboise et une subtile brillance bordeaux. Sa formule, optimis\u00e9e avec du beurre de karit\u00e9 et des huiles naturelles d'origine \u00e9thique, est enrichie en vitamines d'origine v\u00e9g\u00e9tale et compos\u00e9e de 99% ingr\u00e9dients naturels. Labello se soucie de vos l\u00e8vres et de la plan\u00e8te. Labello 24 Hour Moisture Blackberry Shine Lip Moisturiser est cliniquement test\u00e9, compos\u00e9 d'ingr\u00e9dients naturels et ne contient pas d'huiles min\u00e9rales.<\/p>\n<p style=\"text-align: justify;\">Cette cr\u00e8me hydratante est approuv\u00e9e par les dermatologues pour sa compatibilit\u00e9 avec la peau. Labello aide les gens \u00e0 avoir de belles l\u00e8vres saines depuis plus de 110 ans. Labello sait que vos l\u00e8vres ont besoin d'\u00eatre soign\u00e9es et nourries, tout comme le reste de votre peau. C'est pourquoi vous pouvez faire confiance \u00e0 Labello pour vous offrir le soin parfait que vos l\u00e8vres m\u00e9ritent.<\/p>\n<p dir=\"ltr\" style=\"text-align: center;\">\ud83c\uddec\ud83c\udde7 Labello Baume \u00e0 l\u00e8vres \u00e9clatant aux m\u00fbres<br \/>\n\ud83c\uddeb\ud83c\uddf7 Baume \u00e0 L\u00e8vres Labello Blackberry Shine<\/p>","protected":false},"excerpt":{"rendered":"<p>\u0645\u0631\u0637\u0628 \u0627\u0644\u0634\u0641\u0627\u0647 \u0644\u0627\u0628\u064a\u0644\u0648 24 \u0633\u0627\u0639\u0629 \u0645\u0648\u064a\u0633\u062a\u0634\u0631 \u0628\u0644\u0627\u0643 \u0628\u064a\u0631\u064a \u0634\u0627\u064a\u0646 \u064a\u062d\u0627\u0641\u0638 \u0639\u0644\u0649 \u062a\u0631\u0637\u064a\u0628 \u0634\u0641\u062a\u064a\u0643\u0650 \u0644\u0645\u062f\u0629 24 \u0633\u0627\u0639\u0629 \u0628\u0631\u0627\u0626\u062d\u0629 \u062a\u0648\u062a \u0627\u0644\u0639\u0644\u064a\u0642 \u0627\u0644\u0644\u0630\u064a\u0630\u0629 \u0648\u064a\u0645\u0646\u062d\u0647\u0645\u0627 \u0644\u0645\u0639\u0627\u0646\u064b\u0627 \u0639\u0646\u0627\u0628\u064a\u064b\u0627 \u062e\u0641\u064a\u0641\u064b\u0627. \u062a\u0631\u0643\u064a\u0628\u062a\u0647 \u0627\u0644\u0645\u064f\u062d\u0633\u0651\u0646\u0629 \u0628\u0632\u0628\u062f\u0629 \u0627\u0644\u0634\u064a\u0627 \u0627\u0644\u0645\u064f\u0633\u062a\u062e\u0631\u062c\u0629 \u0645\u0646 \u0645\u0635\u0627\u062f\u0631 \u0623\u062e\u0644\u0627\u0642\u064a\u0629 \u0648\u0627\u0644\u0632\u064a\u0648\u062a \u0627\u0644\u0637\u0628\u064a\u0639\u064a\u0629 \u0627\u0644\u0645\u064f\u062f\u0639\u0651\u0645\u0629 \u0628\u0627\u0644\u0641\u064a\u062a\u0627\u0645\u064a\u0646\u0627\u062a \u0646\u0628\u0627\u062a\u064a\u0629 \u0648\u0645\u0635\u0646\u0648\u0639\u0629 \u0645\u0646 99% \u0645\u0646 \u0627\u0644\u0645\u0643\u0648\u0646\u0627\u062a \u0627\u0644\u0637\u0628\u064a\u0639\u064a\u0629. \u0644\u0627\u0628\u064a\u0644\u0648 \u062a\u0647\u062a\u0645 \u0628\u0634\u0641\u062a\u064a\u0643\u0650 \u0648\u0643\u0648\u0643\u0628 \u0627\u0644\u0623\u0631\u0636. \u0645\u0631\u0637\u0628 \u0627\u0644\u0634\u0641\u0627\u0647 \u0644\u0627\u0628\u064a\u0644\u0648 24 \u0633\u0627\u0639\u0629 \u0645\u0648\u064a\u0633\u062a\u0634\u0631 \u0628\u0644\u0627\u0643 [&hellip;]<\/p>\n","protected":false},"featured_media":31919,"template":"","meta":[],"pwb-brand":[1434],"product_brand":[],"product_cat":[1177],"product_tag":[],"class_list":{"0":"post-31917","1":"product","2":"type-product","3":"status-publish","4":"has-post-thumbnail","6":"pwb-brand-labello","7":"product_cat-lips-balm-makeup","9":"first","10":"instock","11":"shipping-taxable","12":"purchasable","13":"product-type-variable","14":"has-default-attributes","15":"wvs-archive-product-wrapper"},"brands":[{"id":1434,"name":"LaBello","slug":"labello"}],"_links":{"self":[{"href":"https:\/\/gopinkish.com\/fr\/wp-json\/wp\/v2\/product\/31917","targetHints":{"allow":["GET"]}}],"collection":[{"href":"https:\/\/gopinkish.com\/fr\/wp-json\/wp\/v2\/product"}],"about":[{"href":"https:\/\/gopinkish.com\/fr\/wp-json\/wp\/v2\/types\/product"}],"wp:featuredmedia":[{"embeddable":true,"href":"https:\/\/gopinkish.com\/fr\/wp-json\/wp\/v2\/media\/31919"}],"wp:attachment":[{"href":"https:\/\/gopinkish.com\/fr\/wp-json\/wp\/v2\/media?parent=31917"}],"wp:term":[{"taxonomy":"pwb-brand","embeddable":true,"href":"https:\/\/gopinkish.com\/fr\/wp-json\/wp\/v2\/pwb-brand?post=31917"},{"taxonomy":"product_brand","embeddable":true,"href":"https:\/\/gopinkish.com\/fr\/wp-json\/wp\/v2\/product_brand?post=31917"},{"taxonomy":"product_cat","embeddable":true,"href":"https:\/\/gopinkish.com\/fr\/wp-json\/wp\/v2\/product_cat?post=31917"},{"taxonomy":"product_tag","embeddable":true,"href":"https:\/\/gopinkish.com\/fr\/wp-json\/wp\/v2\/product_tag?post=31917"}],"curies":[{"name":"wp","href":"https:\/\/api.w.org\/{rel}","templated":true}]}}