{"id":31726,"date":"2025-09-22T22:58:50","date_gmt":"2025-09-22T21:58:50","guid":{"rendered":"https:\/\/gopinkish.com\/?post_type=product&#038;p=31726"},"modified":"2026-04-27T18:49:28","modified_gmt":"2026-04-27T17:49:28","slug":"6959886718926","status":"publish","type":"product","link":"https:\/\/gopinkish.com\/fr\/produit\/6959886718926\/","title":{"rendered":"Gel surligneur scintillant pour le corps"},"content":{"rendered":"<p style=\"text-align: justify;\">Ajoutez une touche de glamour \u00e0 votre look et d\u00e9marquez-vous de la foule avec ce superbe gel surligneur pour le corps ! Dot\u00e9 d'un effet chatoyant s\u00e9duisant avec des d\u00e9coupes en forme d'\u00e9toiles et de c\u0153urs, ce gel s'applique rapidement et facilement. S\u00e8che rapidement, ne colle pas et dure longtemps, il vous aide \u00e0 transformer votre look en un look glamour (et paillet\u00e9) en quelques secondes !<\/p>\n<p dir=\"ltr\" style=\"text-align: center;\">\ud83c\uddec\ud83c\udde7 SHEGLAM Party Starter Body Highlighter Glitter Gel<br \/>\n\ud83c\uddeb\ud83c\uddf7 Gel Illuminateur Corps SHEGLAM Party Starter<\/p>","protected":false},"excerpt":{"rendered":"<p>\u0623\u0636\u0641\u064a \u0644\u0645\u0633\u0629\u064b \u0645\u0645\u064a\u0632\u0629\u064b \u0639\u0644\u0649 \u0625\u0637\u0644\u0627\u0644\u062a\u0643 \u0648\u062a\u0623\u0644\u0642\u064a \u0628\u064a\u0646 \u0627\u0644\u062c\u0645\u064a\u0639 \u0645\u0639 \u062c\u0644 \u0647\u0627\u064a\u0644\u0627\u064a\u062a\u0631 \u0627\u0644\u062c\u0633\u0645 \u0627\u0644\u0631\u0627\u0626\u0639! \u064a\u062a\u0645\u064a\u0632 \u0647\u0630\u0627 \u0627\u0644\u062c\u0644 \u0628\u062a\u0623\u062b\u064a\u0631 \u0644\u0627\u0645\u0639 \u062c\u0630\u0627\u0628 \u0645\u0639 \u0642\u0637\u0639 \u0639\u0644\u0649 \u0634\u0643\u0644 \u0646\u062c\u0648\u0645 \u0648\u0642\u0644\u0648\u0628\u060c \u0648\u0647\u0648 \u0633\u0631\u064a\u0639 \u0648\u0633\u0647\u0644 \u0627\u0644\u0627\u0633\u062a\u062e\u062f\u0627\u0645. \u0643\u0645\u0627 \u0623\u0646\u0647 \u0633\u0631\u064a\u0639 \u0627\u0644\u062c\u0641\u0627\u0641\u060c \u063a\u064a\u0631 \u0644\u0632\u062c\u060c \u0648\u064a\u062f\u0648\u0645 \u0637\u0648\u064a\u0644\u0627\u064b\u060c \u0644\u064a\u0633\u0627\u0639\u062f\u0643 \u0639\u0644\u0649 \u062a\u062d\u0648\u064a\u0644 \u0625\u0637\u0644\u0627\u0644\u062a\u0643 \u0625\u0644\u0649 \u0625\u0637\u0644\u0627\u0644\u0629 \u0641\u0627\u0626\u0642\u0629 \u0627\u0644\u062c\u0645\u0627\u0644 (\u0648\u0628\u0631\u0627\u0642\u0629) \u0641\u064a \u062b\u0648\u0627\u0646\u064d! \ud83c\uddec\ud83c\udde7 SHEGLAM Party Starter Body Highlighter Glitter [&hellip;]<\/p>\n","protected":false},"featured_media":31737,"template":"","meta":[],"pwb-brand":[709],"product_brand":[],"product_cat":[1170],"product_tag":[],"class_list":{"0":"post-31726","1":"product","2":"type-product","3":"status-publish","4":"has-post-thumbnail","6":"pwb-brand-sheglam","7":"product_cat-highlighter-makeup","9":"first","10":"instock","11":"shipping-taxable","12":"purchasable","13":"product-type-variable","14":"has-default-attributes","15":"wvs-archive-product-wrapper"},"brands":[{"id":709,"name":"Sheglam","slug":"sheglam"}],"_links":{"self":[{"href":"https:\/\/gopinkish.com\/fr\/wp-json\/wp\/v2\/product\/31726","targetHints":{"allow":["GET"]}}],"collection":[{"href":"https:\/\/gopinkish.com\/fr\/wp-json\/wp\/v2\/product"}],"about":[{"href":"https:\/\/gopinkish.com\/fr\/wp-json\/wp\/v2\/types\/product"}],"wp:featuredmedia":[{"embeddable":true,"href":"https:\/\/gopinkish.com\/fr\/wp-json\/wp\/v2\/media\/31737"}],"wp:attachment":[{"href":"https:\/\/gopinkish.com\/fr\/wp-json\/wp\/v2\/media?parent=31726"}],"wp:term":[{"taxonomy":"pwb-brand","embeddable":true,"href":"https:\/\/gopinkish.com\/fr\/wp-json\/wp\/v2\/pwb-brand?post=31726"},{"taxonomy":"product_brand","embeddable":true,"href":"https:\/\/gopinkish.com\/fr\/wp-json\/wp\/v2\/product_brand?post=31726"},{"taxonomy":"product_cat","embeddable":true,"href":"https:\/\/gopinkish.com\/fr\/wp-json\/wp\/v2\/product_cat?post=31726"},{"taxonomy":"product_tag","embeddable":true,"href":"https:\/\/gopinkish.com\/fr\/wp-json\/wp\/v2\/product_tag?post=31726"}],"curies":[{"name":"wp","href":"https:\/\/api.w.org\/{rel}","templated":true}]}}