{"id":31717,"date":"2025-09-22T22:46:32","date_gmt":"2025-09-22T21:46:32","guid":{"rendered":"https:\/\/gopinkish.com\/?post_type=product&#038;p=31717"},"modified":"2025-12-23T00:10:10","modified_gmt":"2025-12-22T23:10:10","slug":"6973474688774","status":"publish","type":"product","link":"https:\/\/gopinkish.com\/fr\/produit\/6973474688774\/","title":{"rendered":"Une palette d'ombres \u00e0 paupi\u00e8res aux couleurs sombres et envo\u00fbtantes"},"content":{"rendered":"<p style=\"text-align: justify;\">\u0645\u0633\u062a\u0648\u062d\u0627\u0629 \u0645\u0646 \u0627\u0644\u0623\u0631\u0648\u0627\u062d \u0627\u0644\u0639\u0627\u0628\u0631\u0629\u060c \u062a\u062a\u0645\u064a\u0632 \u0644\u0648\u062d\u0629 \u0623\u0644\u0648\u0627\u0646 &#8220;\u0627\u0644\u0643\u0631\u0627\u064a\u0633\u0627\u0644\u064a\u0633 \u0627\u0644\u0645\u0644\u0639\u0648\u0646\u0629&#8221; \u0628\u0623\u0644\u0648\u0627\u0646\u0647\u0627 \u0627\u0644\u0645\u0633\u0643\u0648\u0646\u0629\u060c \u0645\u062b\u0627\u0644\u064a\u0629 \u0644\u0639\u064a\u062f \u0627\u0644\u0647\u0627\u0644\u0648\u064a\u0646. \u0628\u062a\u0631\u0643\u064a\u0628\u0629 \u0646\u0628\u0627\u062a\u064a\u0629 \u0641\u0631\u064a\u062f\u0629\u060c \u062a\u0645\u062a\u0632\u062c \u0647\u0630\u0647 \u0627\u0644\u0638\u0644\u0627\u0644 \u0628\u0633\u0644\u0627\u0633\u0629 \u0644\u0625\u0637\u0644\u0627\u0644\u0629 \u062c\u0645\u064a\u0644\u0629\u060c \u063a\u0646\u064a\u0629 \u0628\u0627\u0644\u0623\u0644\u0648\u0627\u0646\u060c \u062a\u062f\u0648\u0645 \u0637\u0648\u064a\u0644\u064b\u0627\u060c \u0633\u062a\u0639\u0634\u0642\u0647\u0627 \u0643\u0644 \u0627\u0644\u0623\u0630\u0648\u0627\u0642.<\/p>\n<p dir=\"ltr\" style=\"text-align: center;\">\ud83c\uddec\ud83c\udde7 SHEGLAM Cursed Chrysalis Eyeshadow Palette<br \/>\n\ud83c\uddeb\ud83c\uddf7 Palette Fards \u00e0 Paupi\u00e8res SHEGLAM Cursed Chrysalis<\/p>","protected":false},"excerpt":{"rendered":"<p>\u0645\u0633\u062a\u0648\u062d\u0627\u0629 \u0645\u0646 \u0627\u0644\u0623\u0631\u0648\u0627\u062d \u0627\u0644\u0639\u0627\u0628\u0631\u0629\u060c \u062a\u062a\u0645\u064a\u0632 \u0644\u0648\u062d\u0629 \u0623\u0644\u0648\u0627\u0646 &#8220;\u0627\u0644\u0643\u0631\u0627\u064a\u0633\u0627\u0644\u064a\u0633 \u0627\u0644\u0645\u0644\u0639\u0648\u0646\u0629&#8221; \u0628\u0623\u0644\u0648\u0627\u0646\u0647\u0627 \u0627\u0644\u0645\u0633\u0643\u0648\u0646\u0629\u060c \u0645\u062b\u0627\u0644\u064a\u0629 \u0644\u0639\u064a\u062f \u0627\u0644\u0647\u0627\u0644\u0648\u064a\u0646. \u0628\u062a\u0631\u0643\u064a\u0628\u0629 \u0646\u0628\u0627\u062a\u064a\u0629 \u0641\u0631\u064a\u062f\u0629\u060c \u062a\u0645\u062a\u0632\u062c \u0647\u0630\u0647 \u0627\u0644\u0638\u0644\u0627\u0644 \u0628\u0633\u0644\u0627\u0633\u0629 \u0644\u0625\u0637\u0644\u0627\u0644\u0629 \u062c\u0645\u064a\u0644\u0629\u060c \u063a\u0646\u064a\u0629 \u0628\u0627\u0644\u0623\u0644\u0648\u0627\u0646\u060c \u062a\u062f\u0648\u0645 \u0637\u0648\u064a\u0644\u064b\u0627\u060c \u0633\u062a\u0639\u0634\u0642\u0647\u0627 \u0643\u0644 \u0627\u0644\u0623\u0630\u0648\u0627\u0642. \ud83c\uddec\ud83c\udde7 SHEGLAM Cursed Chrysalis Eyeshadow Palette \ud83c\uddeb\ud83c\uddf7 Palette Fards \u00e0 Paupi\u00e8res SHEGLAM Cursed Chrysalis<\/p>","protected":false},"featured_media":31721,"template":"","meta":[],"pwb-brand":[709],"product_brand":[],"product_cat":[1190,1188],"product_tag":[],"class_list":{"0":"post-31717","1":"product","2":"type-product","3":"status-publish","4":"has-post-thumbnail","6":"pwb-brand-sheglam","7":"product_cat-eyes-shadow","8":"product_cat-eyes-makeup-palette","10":"first","11":"outofstock","12":"shipping-taxable","13":"product-type-variable","14":"has-default-attributes","15":"wvs-archive-product-wrapper"},"brands":[{"id":709,"name":"Sheglam","slug":"sheglam"}],"_links":{"self":[{"href":"https:\/\/gopinkish.com\/fr\/wp-json\/wp\/v2\/product\/31717","targetHints":{"allow":["GET"]}}],"collection":[{"href":"https:\/\/gopinkish.com\/fr\/wp-json\/wp\/v2\/product"}],"about":[{"href":"https:\/\/gopinkish.com\/fr\/wp-json\/wp\/v2\/types\/product"}],"wp:featuredmedia":[{"embeddable":true,"href":"https:\/\/gopinkish.com\/fr\/wp-json\/wp\/v2\/media\/31721"}],"wp:attachment":[{"href":"https:\/\/gopinkish.com\/fr\/wp-json\/wp\/v2\/media?parent=31717"}],"wp:term":[{"taxonomy":"pwb-brand","embeddable":true,"href":"https:\/\/gopinkish.com\/fr\/wp-json\/wp\/v2\/pwb-brand?post=31717"},{"taxonomy":"product_brand","embeddable":true,"href":"https:\/\/gopinkish.com\/fr\/wp-json\/wp\/v2\/product_brand?post=31717"},{"taxonomy":"product_cat","embeddable":true,"href":"https:\/\/gopinkish.com\/fr\/wp-json\/wp\/v2\/product_cat?post=31717"},{"taxonomy":"product_tag","embeddable":true,"href":"https:\/\/gopinkish.com\/fr\/wp-json\/wp\/v2\/product_tag?post=31717"}],"curies":[{"name":"wp","href":"https:\/\/api.w.org\/{rel}","templated":true}]}}