{"id":31670,"date":"2025-09-22T21:53:01","date_gmt":"2025-09-22T20:53:01","guid":{"rendered":"https:\/\/gopinkish.com\/?post_type=product&#038;p=31670"},"modified":"2026-03-02T19:53:46","modified_gmt":"2026-03-02T18:53:46","slug":"6973474689313","status":"publish","type":"product","link":"https:\/\/gopinkish.com\/fr\/produit\/6973474689313\/","title":{"rendered":"Un blush qui r\u00e9agit au pH naturel de la peau"},"content":{"rendered":"<p style=\"text-align: justify;\">Trouvez votre arme de pr\u00e9dilection avec le b\u00e2ton de fard \u00e0 joues Mischief Mallet ! Dot\u00e9 d'un fini vitreux et ros\u00e9 et d'un emballage inspir\u00e9 de Harley, ce fard \u00e0 joues vous donne une apparence naturelle et \u00e9blouissante. De plus, une teinte r\u00e9agit \u00e0 votre pH naturel pour une couleur personnalis\u00e9e qui vous convient parfaitement !<\/p>\n<p style=\"text-align: center;\">SHEGLAM B\u00e2ton de fard \u00e0 joues Mischief Mallet<\/p>\n<p>&nbsp;<\/p>","protected":false},"excerpt":{"rendered":"<p>\u0627\u0639\u062b\u0631\u064a \u0639\u0644\u0649 \u0633\u0644\u0627\u062d\u0643\u0650 \u0627\u0644\u0645\u0641\u0636\u0644 \u0645\u0639 \u0623\u062d\u0645\u0631 \u0627\u0644\u062e\u062f\u0648\u062f Mischief Mallet Blush Stick! \u064a\u062a\u0645\u064a\u0632 \u0647\u0630\u0627 \u0627\u0644\u0623\u062d\u0645\u0631 \u0628\u0644\u0645\u0633\u0629 \u0646\u0647\u0627\u0626\u064a\u0629 \u0646\u062f\u064a\u0629 \u0632\u062c\u0627\u062c\u064a\u0629 \u0648\u0639\u0628\u0648\u0629 \u0645\u0633\u062a\u0648\u062d\u0627\u0629 \u0645\u0646 \u0647\u0627\u0631\u0644\u064a\u060c \u0648\u064a\u0645\u0646\u062d\u0643\u0650 \u0627\u062d\u0645\u0631\u0627\u0631\u064b\u0627 \u0637\u0628\u064a\u0639\u064a\u064b\u0627 \u0645\u0630\u0647\u0644\u064b\u0627. \u0628\u0627\u0644\u0625\u0636\u0627\u0641\u0629 \u0625\u0644\u0649 \u0630\u0644\u0643\u060c \u064a\u062a\u0641\u0627\u0639\u0644 \u0644\u0648\u0646 \u0648\u0627\u062d\u062f \u0645\u0639 \u062f\u0631\u062c\u0629 \u0627\u0644\u062d\u0645\u0648\u0636\u0629 \u0627\u0644\u0637\u0628\u064a\u0639\u064a\u0629 \u0644\u062f\u064a\u0643\u0650 \u0644\u0644\u062d\u0635\u0648\u0644 \u0639\u0644\u0649 \u0644\u0648\u0646 \u0645\u062e\u0635\u0635 \u064a\u0646\u0627\u0633\u0628\u0643\u0650 \u062a\u0645\u0627\u0645\u064b\u0627! SHEGLAM Mischief Mallet Blush Stick &nbsp;<\/p>","protected":false},"featured_media":31675,"template":"","meta":[],"pwb-brand":[709],"product_brand":[],"product_cat":[1169],"product_tag":[],"class_list":{"0":"post-31670","1":"product","2":"type-product","3":"status-publish","4":"has-post-thumbnail","6":"pwb-brand-sheglam","7":"product_cat-blush-makeup","9":"first","10":"instock","11":"shipping-taxable","12":"purchasable","13":"product-type-variable","14":"has-default-attributes","15":"wvs-archive-product-wrapper"},"brands":[{"id":709,"name":"Sheglam","slug":"sheglam"}],"_links":{"self":[{"href":"https:\/\/gopinkish.com\/fr\/wp-json\/wp\/v2\/product\/31670","targetHints":{"allow":["GET"]}}],"collection":[{"href":"https:\/\/gopinkish.com\/fr\/wp-json\/wp\/v2\/product"}],"about":[{"href":"https:\/\/gopinkish.com\/fr\/wp-json\/wp\/v2\/types\/product"}],"wp:featuredmedia":[{"embeddable":true,"href":"https:\/\/gopinkish.com\/fr\/wp-json\/wp\/v2\/media\/31675"}],"wp:attachment":[{"href":"https:\/\/gopinkish.com\/fr\/wp-json\/wp\/v2\/media?parent=31670"}],"wp:term":[{"taxonomy":"pwb-brand","embeddable":true,"href":"https:\/\/gopinkish.com\/fr\/wp-json\/wp\/v2\/pwb-brand?post=31670"},{"taxonomy":"product_brand","embeddable":true,"href":"https:\/\/gopinkish.com\/fr\/wp-json\/wp\/v2\/product_brand?post=31670"},{"taxonomy":"product_cat","embeddable":true,"href":"https:\/\/gopinkish.com\/fr\/wp-json\/wp\/v2\/product_cat?post=31670"},{"taxonomy":"product_tag","embeddable":true,"href":"https:\/\/gopinkish.com\/fr\/wp-json\/wp\/v2\/product_tag?post=31670"}],"curies":[{"name":"wp","href":"https:\/\/api.w.org\/{rel}","templated":true}]}}