{"id":31646,"date":"2025-09-22T21:29:22","date_gmt":"2025-09-22T20:29:22","guid":{"rendered":"https:\/\/gopinkish.com\/?post_type=product&#038;p=31646"},"modified":"2025-09-22T21:29:23","modified_gmt":"2025-09-22T20:29:23","slug":"6975302931519","status":"publish","type":"product","link":"https:\/\/gopinkish.com\/fr\/produit\/6975302931519\/","title":{"rendered":"Palette d'ombres \u00e0 paupi\u00e8res Power girls aux couleurs mates et lumineuses"},"content":{"rendered":"<p style=\"text-align: justify;\">Ces ombres aux couleurs mates vives et aux accents chatoyants glissent en douceur sur le visage, sans aucune retomb\u00e9e. Cr\u00e9e des looks color\u00e9s inspir\u00e9s de tes Powerpuff Girls pr\u00e9f\u00e9r\u00e9es, ou m\u00e9lange-les pour un look PPG personnalis\u00e9 !<\/p>\n<p dir=\"ltr\" style=\"text-align: center;\">\ud83c\uddec\ud83c\udde7 SHEGLAM Palette d'ombres \u00e0 paupi\u00e8res The Professor's Girl<br \/>\n\ud83c\uddeb\ud83c\uddf7 Palette Fards \u00e0 Paupi\u00e8res SHEGLAM La fille du professeur<\/p>","protected":false},"excerpt":{"rendered":"<p>\u0644\u0645 \u062a\u0643\u0646 \u0645\u0643\u0627\u0641\u062d\u0629 \u0627\u0644\u062c\u0631\u064a\u0645\u0629 \u0623\u0631\u0648\u0639 \u0645\u0646 \u0630\u0644\u0643! \u0647\u0630\u0647 \u0627\u0644\u0638\u0644\u0627\u0644\u060c \u0627\u0644\u0632\u0627\u062e\u0631\u0629 \u0628\u0623\u0644\u0648\u0627\u0646 \u0645\u0637\u0641\u064a\u0629 \u0632\u0627\u0647\u064a\u0629 \u0648\u0644\u0645\u0633\u0627\u062a \u0644\u0627\u0645\u0639\u0629\u060c \u062a\u0646\u0633\u0627\u0628 \u0628\u0633\u0644\u0627\u0633\u0629 \u0639\u0644\u0649 \u0648\u062c\u0647\u0643\u060c \u062f\u0648\u0646 \u0623\u064a \u062a\u0633\u0627\u0642\u0637. \u0627\u0628\u062a\u0643\u0631\u064a \u0625\u0637\u0644\u0627\u0644\u0627\u062a \u0645\u0644\u0648\u0646\u0629 \u0645\u0633\u062a\u0648\u062d\u0627\u0629 \u0645\u0646 \u0641\u062a\u064a\u0627\u062a \u0627\u0644\u0642\u0648\u0629 \u0627\u0644\u0645\u0641\u0636\u0644\u0627\u062a \u0644\u062f\u064a\u0643\u0650\u060c \u0623\u0648 \u0627\u0645\u0632\u062c\u064a \u0623\u0644\u0648\u0627\u0646 \u0643\u0644 \u0645\u0646\u0647\u0645\u0627 \u0644\u0644\u062d\u0635\u0648\u0644 \u0639\u0644\u0649 \u0625\u0637\u0644\u0627\u0644\u0629 PPG \u0645\u062e\u0635\u0635\u0629! \ud83c\uddec\ud83c\udde7 SHEGLAM The Professor\u2019s Girl Eyeshadow Palette \ud83c\uddeb\ud83c\uddf7 Palette Fards \u00e0 Paupi\u00e8res SHEGLAM The [&hellip;]<\/p>\n","protected":false},"featured_media":31648,"template":"","meta":[],"pwb-brand":[709],"product_brand":[],"product_cat":[1190,1188,1203],"product_tag":[],"class_list":{"0":"post-31646","1":"product","2":"type-product","3":"status-publish","4":"has-post-thumbnail","6":"pwb-brand-sheglam","7":"product_cat-eyes-shadow","8":"product_cat-eyes-makeup-palette","9":"product_cat-makeup-palettes","11":"first","12":"instock","13":"shipping-taxable","14":"purchasable","15":"product-type-variable","16":"has-default-attributes","17":"wvs-archive-product-wrapper"},"brands":[{"id":709,"name":"Sheglam","slug":"sheglam"}],"_links":{"self":[{"href":"https:\/\/gopinkish.com\/fr\/wp-json\/wp\/v2\/product\/31646","targetHints":{"allow":["GET"]}}],"collection":[{"href":"https:\/\/gopinkish.com\/fr\/wp-json\/wp\/v2\/product"}],"about":[{"href":"https:\/\/gopinkish.com\/fr\/wp-json\/wp\/v2\/types\/product"}],"wp:featuredmedia":[{"embeddable":true,"href":"https:\/\/gopinkish.com\/fr\/wp-json\/wp\/v2\/media\/31648"}],"wp:attachment":[{"href":"https:\/\/gopinkish.com\/fr\/wp-json\/wp\/v2\/media?parent=31646"}],"wp:term":[{"taxonomy":"pwb-brand","embeddable":true,"href":"https:\/\/gopinkish.com\/fr\/wp-json\/wp\/v2\/pwb-brand?post=31646"},{"taxonomy":"product_brand","embeddable":true,"href":"https:\/\/gopinkish.com\/fr\/wp-json\/wp\/v2\/product_brand?post=31646"},{"taxonomy":"product_cat","embeddable":true,"href":"https:\/\/gopinkish.com\/fr\/wp-json\/wp\/v2\/product_cat?post=31646"},{"taxonomy":"product_tag","embeddable":true,"href":"https:\/\/gopinkish.com\/fr\/wp-json\/wp\/v2\/product_tag?post=31646"}],"curies":[{"name":"wp","href":"https:\/\/api.w.org\/{rel}","templated":true}]}}