{"id":31636,"date":"2025-09-22T21:05:36","date_gmt":"2025-09-22T20:05:36","guid":{"rendered":"https:\/\/gopinkish.com\/?post_type=product&#038;p=31636"},"modified":"2025-09-22T21:06:41","modified_gmt":"2025-09-22T20:06:41","slug":"3600521649589","status":"publish","type":"product","link":"https:\/\/gopinkish.com\/fr\/produit\/3600521649589\/","title":{"rendered":"Crayon correcteur avec pinceau int\u00e9gr\u00e9"},"content":{"rendered":"<p style=\"text-align: justify;\">Toutes les filles r\u00eavent d'une peau parfaite ! Mais parfois, que ce soit \u00e0 cause du stress, de la pollution ou de la morphologie, de petites imperfections peuvent ternir notre peau et nous frustrer ! Comment dissimuler les imperfections avec du maquillage ? Utilisez le crayon correcteur L'Or\u00e9al Paris Touch Magic Accord Parfait de L'Or\u00e9al Paris.<\/p>\n<p style=\"text-align: justify;\">Pour commencer, prenez le pinceau dans votre main pour d\u00e9terminer la bonne quantit\u00e9 et appliquez par touches l\u00e9g\u00e8res. Estompez avec le doigt.<\/p>\n<p style=\"text-align: justify;\">Pour dissimuler les rougeurs, pr\u00e9levez une petite quantit\u00e9 d'anticerne, appliquez-la sur les zones \u00e0 corriger et utilisez le pinceau pour l'estomper.<\/p>\n<p style=\"text-align: justify;\">Pour dissimuler les cernes, appliquez l'anticerne au coin de l'\u0153il, \u00e9tirez-le et estompez-le en tapotant avec le pinceau.<\/p>\n<p style=\"text-align: justify;\">Conseil : Appliquez toujours un correcteur - d'une nuance plus claire que votre teint - avant le fond de teint : C'est une r\u00e8gle de base.<\/p>\n<p dir=\"ltr\" style=\"text-align: center;\">\ud83c\uddec\ud83c\udde7 L'Or\u00e9al Paris True Match Touche Magique Concealer<br \/>\n\ud83c\uddeb\ud83c\uddf7 Correcteur Accord Parfait Parfait Touche Magique L'Or\u00e9al Paris<\/p>","protected":false},"excerpt":{"rendered":"<p>\u0643\u0644 \u0641\u062a\u0627\u0629 \u062a\u062d\u0644\u0645 \u0628\u0628\u0634\u0631\u0629 \u0645\u062b\u0627\u0644\u064a\u0629! \u0644\u0643\u0646 \u0623\u062d\u064a\u0627\u0646\u064b\u0627\u060c \u0633\u0648\u0627\u0621\u064b \u0628\u0633\u0628\u0628 \u0627\u0644\u062a\u0648\u062a\u0631 \u0623\u0648 \u0627\u0644\u062a\u0644\u0648\u062b \u0623\u0648 \u0634\u0643\u0644 \u0627\u0644\u062c\u0633\u0645\u060c \u0642\u062f \u062a\u064f\u0628\u0647\u062a \u0639\u064a\u0648\u0628 \u0635\u063a\u064a\u0631\u0629 \u0628\u0634\u0631\u062a\u0646\u0627 \u0648\u062a\u064f\u062d\u0628\u0637\u0646\u0627!\u0643\u064a\u0641 \u062a\u064f\u062e\u0641\u064a \u0627\u0644\u0639\u064a\u0648\u0628 \u0628\u0627\u0644\u0645\u0643\u064a\u0627\u062c\u061f \u0627\u0633\u062a\u062e\u062f\u0645\u064a \u0642\u0644\u0645 \u0643\u0648\u0646\u0633\u064a\u0644\u0631 \u062a\u0627\u062a\u0634 \u0645\u0627\u062c\u064a\u0643 \u0623\u0643\u0648\u0631\u062f \u0628\u0627\u0631\u0641\u064a\u0647 \u0645\u0646 \u0644\u0648\u0631\u064a\u0627\u0644 \u0628\u0627\u0631\u064a\u0633. \u0644\u0644\u0628\u062f\u0621\u060c \u062e\u0630\u064a \u0627\u0644\u0641\u0631\u0634\u0627\u0629 \u0645\u0646 \u064a\u062f\u0643\u0650 \u0644\u062a\u062d\u062f\u064a\u062f \u0627\u0644\u0643\u0645\u064a\u0629 \u0627\u0644\u0645\u0646\u0627\u0633\u0628\u0629\u060c \u062b\u0645 \u0636\u0639\u064a\u0647\u0627 \u0628\u0644\u0645\u0633\u0627\u062a \u062e\u0641\u064a\u0641\u0629. \u062b\u0645 \u0627\u0645\u0632\u062c\u064a\u0647\u0627 \u0628\u0625\u0635\u0628\u0639\u0643\u0650. \u0647\u0644 \u062a\u0631\u063a\u0628\u064a\u0646 \u0641\u064a \u0625\u062e\u0641\u0627\u0621 \u0627\u0644\u0627\u062d\u0645\u0631\u0627\u0631\u061f \u062e\u0630\u064a [&hellip;]<\/p>\n","protected":false},"featured_media":31637,"template":"","meta":[],"pwb-brand":[239],"product_brand":[],"product_cat":[1173],"product_tag":[],"class_list":{"0":"post-31636","1":"product","2":"type-product","3":"status-publish","4":"has-post-thumbnail","6":"pwb-brand-loreal","7":"product_cat-concealer-makeup","9":"first","10":"instock","11":"shipping-taxable","12":"purchasable","13":"product-type-variable","14":"has-default-attributes","15":"wvs-archive-product-wrapper"},"brands":[{"id":239,"name":"L'Or\u00e9al Paris","slug":"loreal"}],"_links":{"self":[{"href":"https:\/\/gopinkish.com\/fr\/wp-json\/wp\/v2\/product\/31636","targetHints":{"allow":["GET"]}}],"collection":[{"href":"https:\/\/gopinkish.com\/fr\/wp-json\/wp\/v2\/product"}],"about":[{"href":"https:\/\/gopinkish.com\/fr\/wp-json\/wp\/v2\/types\/product"}],"wp:featuredmedia":[{"embeddable":true,"href":"https:\/\/gopinkish.com\/fr\/wp-json\/wp\/v2\/media\/31637"}],"wp:attachment":[{"href":"https:\/\/gopinkish.com\/fr\/wp-json\/wp\/v2\/media?parent=31636"}],"wp:term":[{"taxonomy":"pwb-brand","embeddable":true,"href":"https:\/\/gopinkish.com\/fr\/wp-json\/wp\/v2\/pwb-brand?post=31636"},{"taxonomy":"product_brand","embeddable":true,"href":"https:\/\/gopinkish.com\/fr\/wp-json\/wp\/v2\/product_brand?post=31636"},{"taxonomy":"product_cat","embeddable":true,"href":"https:\/\/gopinkish.com\/fr\/wp-json\/wp\/v2\/product_cat?post=31636"},{"taxonomy":"product_tag","embeddable":true,"href":"https:\/\/gopinkish.com\/fr\/wp-json\/wp\/v2\/product_tag?post=31636"}],"curies":[{"name":"wp","href":"https:\/\/api.w.org\/{rel}","templated":true}]}}